{"id":30925,"date":"2023-01-16T11:40:50","date_gmt":"2023-01-16T11:40:50","guid":{"rendered":"https:\/\/www.antaraproperties.com\/?page_id=30925"},"modified":"2023-05-08T11:01:30","modified_gmt":"2023-05-08T11:01:30","slug":"sobre-nosotros","status":"publish","type":"page","link":"https:\/\/www.antaraproperties.com\/es\/sobre-nosotros\/","title":{"rendered":"Sobre Nosotros"},"content":{"rendered":"\t\t<div data-elementor-type=\"wp-page\" data-elementor-id=\"30925\" class=\"elementor elementor-30925\" data-elementor-post-type=\"page\">\n\t\t\t\t\t\t<section class=\"elementor-section elementor-top-section elementor-element elementor-element-1f83642 animated-slow elementor-section-content-middle elementor-section-stretched elementor-section-boxed elementor-section-height-default elementor-section-height-default elementor-invisible\" data-id=\"1f83642\" data-element_type=\"section\" data-e-type=\"section\" data-settings=\"{&quot;background_background&quot;:&quot;classic&quot;,&quot;animation&quot;:&quot;fadeIn&quot;,&quot;stretch_section&quot;:&quot;section-stretched&quot;}\">\n\t\t\t\t\t\t\t<div class=\"elementor-background-overlay\"><\/div>\n\t\t\t\t\t\t\t<div class=\"elementor-container elementor-column-gap-no\">\n\t\t\t\t\t<div class=\"elementor-column elementor-col-100 elementor-top-column elementor-element elementor-element-9c1afc7\" data-id=\"9c1afc7\" data-element_type=\"column\" data-e-type=\"column\" data-settings=\"{&quot;background_background&quot;:&quot;classic&quot;}\">\n\t\t\t<div class=\"elementor-widget-wrap elementor-element-populated\">\n\t\t\t\t\t\t<div class=\"elementor-element elementor-element-3c78d57 elementor-widget elementor-widget-heading\" data-id=\"3c78d57\" data-element_type=\"widget\" data-e-type=\"widget\" data-widget_type=\"heading.default\">\n\t\t\t\t<div class=\"elementor-widget-container\">\n\t\t\t\t\t<h2 class=\"elementor-heading-title elementor-size-default\">Sobre Nosotros<\/h2>\t\t\t\t<\/div>\n\t\t\t\t<\/div>\n\t\t\t\t\t<\/div>\n\t\t<\/div>\n\t\t\t\t\t<\/div>\n\t\t<\/section>\n\t\t\t\t<section class=\"elementor-section elementor-top-section elementor-element elementor-element-51e6268 elementor-section-boxed elementor-section-height-default elementor-section-height-default\" data-id=\"51e6268\" data-element_type=\"section\" data-e-type=\"section\">\n\t\t\t\t\t\t<div class=\"elementor-container elementor-column-gap-wider\">\n\t\t\t\t\t<div class=\"elementor-column elementor-col-50 elementor-top-column elementor-element elementor-element-1d602cc\" data-id=\"1d602cc\" data-element_type=\"column\" data-e-type=\"column\">\n\t\t\t<div class=\"elementor-widget-wrap elementor-element-populated\">\n\t\t\t\t\t\t<div class=\"elementor-element elementor-element-fc64e76 elementor-invisible elementor-widget elementor-widget-text-editor\" data-id=\"fc64e76\" data-element_type=\"widget\" data-e-type=\"widget\" data-settings=\"{&quot;_animation&quot;:&quot;fadeIn&quot;,&quot;_animation_delay&quot;:50}\" data-widget_type=\"text-editor.default\">\n\t\t\t\t<div class=\"elementor-widget-container\">\n\t\t\t\t\t\t\t\t\t<p>Somos una empresa que desde su creaci\u00f3n ha buscado dar un <strong>servicio personalizado a sus clientes<\/strong>, no queremos quedarnos solo en el proceso de venta de una propiedad, queremos <strong>ayudar a nuestros clientes en todo lo que necesiten<\/strong>, antes y despu\u00e9s de la venta y que la relaci\u00f3n con ellos perdure a lo largo de los a\u00f1os.<\/p><p>Somos un <strong>equipo profesional, con valores, transparencia y honestidad<\/strong>, es lo que nos distingue, todo ello con la s\u00f3lida base de la <strong>experiencia y conocimiento del sector inmobiliario en toda la Costa del Sol<\/strong>.<\/p><p>Disponemos de una amplia gama de propiedades de calidad de obra nueva, sobre plano y de segunda mano, desde pisos modernos hasta villas de lujo con vistas al mar.<\/p><p>La Costa del Sol es uno de los lugares m\u00e1s populares en Espa\u00f1a y Europa para vacaciones, segundas residencias, vivir todo el a\u00f1o, as\u00ed como para los trabajadores y jubilados para disfrutar de cada momento del a\u00f1o y la inversi\u00f3n inmobiliaria gracias a su clima soleado durante todo el a\u00f1o, maravillosas playas, impresionantes paisajes naturales y con m\u00e1s de 70 campos de golf.<\/p><p>No dude en ponerse en contacto con nosotros para obtener m\u00e1s informaci\u00f3n sobre nuestros servicios inmobiliarios. Esperamos poder ayudarle a encontrar la propiedad de sus sue\u00f1os.<\/p>\t\t\t\t\t\t\t\t<\/div>\n\t\t\t\t<\/div>\n\t\t\t\t\t<\/div>\n\t\t<\/div>\n\t\t\t\t<div class=\"elementor-column elementor-col-50 elementor-top-column elementor-element elementor-element-c56ad84\" data-id=\"c56ad84\" data-element_type=\"column\" data-e-type=\"column\">\n\t\t\t<div class=\"elementor-widget-wrap elementor-element-populated\">\n\t\t\t\t\t\t<div class=\"elementor-element elementor-element-864fb77 elementor-widget elementor-widget-image\" data-id=\"864fb77\" data-element_type=\"widget\" data-e-type=\"widget\" data-widget_type=\"image.default\">\n\t\t\t\t<div class=\"elementor-widget-container\">\n\t\t\t\t\t\t\t\t\t\t\t\t\t\t\t<img fetchpriority=\"high\" decoding=\"async\" width=\"455\" height=\"483\" src=\"https:\/\/www.antaraproperties.com\/wp-content\/uploads\/2023\/05\/antara-properties-francisco-savio.jpg\" class=\"attachment-full size-full wp-image-32361\" alt=\"\" srcset=\"https:\/\/www.antaraproperties.com\/wp-content\/uploads\/2023\/05\/antara-properties-francisco-savio.jpg 455w, https:\/\/www.antaraproperties.com\/wp-content\/uploads\/2023\/05\/antara-properties-francisco-savio-283x300.jpg 283w\" sizes=\"(max-width: 455px) 100vw, 455px\" \/>\t\t\t\t\t\t\t\t\t\t\t\t\t\t\t<\/div>\n\t\t\t\t<\/div>\n\t\t\t\t<div class=\"elementor-element elementor-element-06052e8 elementor-align-justify elementor-widget elementor-widget-button\" data-id=\"06052e8\" data-element_type=\"widget\" data-e-type=\"widget\" data-widget_type=\"button.default\">\n\t\t\t\t<div class=\"elementor-widget-container\">\n\t\t\t\t\t\t\t\t\t<div class=\"elementor-button-wrapper\">\n\t\t\t\t\t<a class=\"elementor-button elementor-button-link elementor-size-sm\" href=\"mailto:info@antaraproperties.com\">\n\t\t\t\t\t\t<span class=\"elementor-button-content-wrapper\">\n\t\t\t\t\t\t\t\t\t<span class=\"elementor-button-text\">Contacto<\/span>\n\t\t\t\t\t<\/span>\n\t\t\t\t\t<\/a>\n\t\t\t\t<\/div>\n\t\t\t\t\t\t\t\t<\/div>\n\t\t\t\t<\/div>\n\t\t\t\t\t<\/div>\n\t\t<\/div>\n\t\t\t\t\t<\/div>\n\t\t<\/section>\n\t\t\t\t<\/div>\n\t\t","protected":false},"excerpt":{"rendered":"<p>Sobre Nosotros Somos una empresa que desde su creaci\u00f3n ha buscado dar un servicio personalizado a sus clientes, no queremos quedarnos solo en el proceso de venta de una propiedad, queremos ayudar a nuestros clientes en todo lo que necesiten, antes y despu\u00e9s de la venta y que la relaci\u00f3n con ellos perdure a lo largo de los a\u00f1os. Somos un equipo profesional, con &#8230;<\/p>\n","protected":false},"author":1,"featured_media":0,"parent":0,"menu_order":0,"comment_status":"closed","ping_status":"closed","template":"elementor_header_footer","meta":{"footnotes":""},"class_list":["post-30925","page","type-page","status-publish","hentry"],"yoast_head":"<!-- This site is optimized with the Yoast SEO plugin v27.0 - https:\/\/yoast.com\/product\/yoast-seo-wordpress\/ -->\n<title>Sobre Nosotros - Antara Properties<\/title>\n<meta name=\"robots\" content=\"index, follow, max-snippet:-1, max-image-preview:large, max-video-preview:-1\" \/>\n<link rel=\"canonical\" href=\"https:\/\/www.antaraproperties.com\/es\/sobre-nosotros\/\" \/>\n<meta property=\"og:locale\" content=\"es_ES\" \/>\n<meta property=\"og:type\" content=\"article\" \/>\n<meta property=\"og:title\" content=\"Sobre Nosotros - Antara Properties\" \/>\n<meta property=\"og:description\" content=\"Sobre Nosotros Somos una empresa que desde su creaci\u00f3n ha buscado dar un servicio personalizado a sus clientes, no queremos quedarnos solo en el proceso de venta de una propiedad, queremos ayudar a nuestros clientes en todo lo que necesiten, antes y despu\u00e9s de la venta y que la relaci\u00f3n con ellos perdure a lo largo de los a\u00f1os. Somos un equipo profesional, con ...\" \/>\n<meta property=\"og:url\" content=\"https:\/\/www.antaraproperties.com\/es\/sobre-nosotros\/\" \/>\n<meta property=\"og:site_name\" content=\"Antara Properties\" \/>\n<meta property=\"article:publisher\" content=\"https:\/\/www.facebook.com\/people\/Antara-Properties\/100065013463030\/\" \/>\n<meta property=\"article:modified_time\" content=\"2023-05-08T11:01:30+00:00\" \/>\n<meta property=\"og:image\" content=\"https:\/\/www.antaraproperties.com\/wp-content\/uploads\/2023\/05\/antara-properties-francisco-savio.jpg\" \/>\n\t<meta property=\"og:image:width\" content=\"455\" \/>\n\t<meta property=\"og:image:height\" content=\"483\" \/>\n\t<meta property=\"og:image:type\" content=\"image\/jpeg\" \/>\n<meta name=\"twitter:card\" content=\"summary_large_image\" \/>\n<meta name=\"twitter:label1\" content=\"Tiempo de lectura\" \/>\n\t<meta name=\"twitter:data1\" content=\"1 minuto\" \/>\n<script type=\"application\/ld+json\" class=\"yoast-schema-graph\">{\"@context\":\"https:\/\/schema.org\",\"@graph\":[{\"@type\":\"WebPage\",\"@id\":\"https:\/\/www.antaraproperties.com\/es\/sobre-nosotros\/\",\"url\":\"https:\/\/www.antaraproperties.com\/es\/sobre-nosotros\/\",\"name\":\"Sobre Nosotros - Antara Properties\",\"isPartOf\":{\"@id\":\"https:\/\/www.antaraproperties.com\/es\/#website\"},\"primaryImageOfPage\":{\"@id\":\"https:\/\/www.antaraproperties.com\/es\/sobre-nosotros\/#primaryimage\"},\"image\":{\"@id\":\"https:\/\/www.antaraproperties.com\/es\/sobre-nosotros\/#primaryimage\"},\"thumbnailUrl\":\"https:\/\/www.antaraproperties.com\/wp-content\/uploads\/2023\/05\/antara-properties-francisco-savio.jpg\",\"datePublished\":\"2023-01-16T11:40:50+00:00\",\"dateModified\":\"2023-05-08T11:01:30+00:00\",\"breadcrumb\":{\"@id\":\"https:\/\/www.antaraproperties.com\/es\/sobre-nosotros\/#breadcrumb\"},\"inLanguage\":\"es\",\"potentialAction\":[{\"@type\":\"ReadAction\",\"target\":[\"https:\/\/www.antaraproperties.com\/es\/sobre-nosotros\/\"]}]},{\"@type\":\"ImageObject\",\"inLanguage\":\"es\",\"@id\":\"https:\/\/www.antaraproperties.com\/es\/sobre-nosotros\/#primaryimage\",\"url\":\"https:\/\/www.antaraproperties.com\/wp-content\/uploads\/2023\/05\/antara-properties-francisco-savio.jpg\",\"contentUrl\":\"https:\/\/www.antaraproperties.com\/wp-content\/uploads\/2023\/05\/antara-properties-francisco-savio.jpg\"},{\"@type\":\"BreadcrumbList\",\"@id\":\"https:\/\/www.antaraproperties.com\/es\/sobre-nosotros\/#breadcrumb\",\"itemListElement\":[{\"@type\":\"ListItem\",\"position\":1,\"name\":\"Home\",\"item\":\"https:\/\/www.antaraproperties.com\/es\/\"},{\"@type\":\"ListItem\",\"position\":2,\"name\":\"Sobre Nosotros\"}]},{\"@type\":\"WebSite\",\"@id\":\"https:\/\/www.antaraproperties.com\/es\/#website\",\"url\":\"https:\/\/www.antaraproperties.com\/es\/\",\"name\":\"Antara Properties\",\"description\":\"New property developments on the Costa Del Sol\",\"publisher\":{\"@id\":\"https:\/\/www.antaraproperties.com\/es\/#organization\"},\"potentialAction\":[{\"@type\":\"SearchAction\",\"target\":{\"@type\":\"EntryPoint\",\"urlTemplate\":\"https:\/\/www.antaraproperties.com\/es\/?s={search_term_string}\"},\"query-input\":{\"@type\":\"PropertyValueSpecification\",\"valueRequired\":true,\"valueName\":\"search_term_string\"}}],\"inLanguage\":\"es\"},{\"@type\":\"Organization\",\"@id\":\"https:\/\/www.antaraproperties.com\/es\/#organization\",\"name\":\"Antara Properties\",\"url\":\"https:\/\/www.antaraproperties.com\/es\/\",\"logo\":{\"@type\":\"ImageObject\",\"inLanguage\":\"es\",\"@id\":\"https:\/\/www.antaraproperties.com\/es\/#\/schema\/logo\/image\/\",\"url\":\"https:\/\/www.antaraproperties.com\/wp-content\/uploads\/2023\/06\/logo-antara-yoast.jpg\",\"contentUrl\":\"https:\/\/www.antaraproperties.com\/wp-content\/uploads\/2023\/06\/logo-antara-yoast.jpg\",\"width\":696,\"height\":696,\"caption\":\"Antara Properties\"},\"image\":{\"@id\":\"https:\/\/www.antaraproperties.com\/es\/#\/schema\/logo\/image\/\"},\"sameAs\":[\"https:\/\/www.facebook.com\/people\/Antara-Properties\/100065013463030\/\",\"https:\/\/www.instagram.com\/antara.properties\/?hl=es\"]}]}<\/script>\n<!-- \/ Yoast SEO plugin. -->","yoast_head_json":{"title":"Sobre Nosotros - Antara Properties","robots":{"index":"index","follow":"follow","max-snippet":"max-snippet:-1","max-image-preview":"max-image-preview:large","max-video-preview":"max-video-preview:-1"},"canonical":"https:\/\/www.antaraproperties.com\/es\/sobre-nosotros\/","og_locale":"es_ES","og_type":"article","og_title":"Sobre Nosotros - Antara Properties","og_description":"Sobre Nosotros Somos una empresa que desde su creaci\u00f3n ha buscado dar un servicio personalizado a sus clientes, no queremos quedarnos solo en el proceso de venta de una propiedad, queremos ayudar a nuestros clientes en todo lo que necesiten, antes y despu\u00e9s de la venta y que la relaci\u00f3n con ellos perdure a lo largo de los a\u00f1os. Somos un equipo profesional, con ...","og_url":"https:\/\/www.antaraproperties.com\/es\/sobre-nosotros\/","og_site_name":"Antara Properties","article_publisher":"https:\/\/www.facebook.com\/people\/Antara-Properties\/100065013463030\/","article_modified_time":"2023-05-08T11:01:30+00:00","og_image":[{"width":455,"height":483,"url":"https:\/\/www.antaraproperties.com\/wp-content\/uploads\/2023\/05\/antara-properties-francisco-savio.jpg","type":"image\/jpeg"}],"twitter_card":"summary_large_image","twitter_misc":{"Tiempo de lectura":"1 minuto"},"schema":{"@context":"https:\/\/schema.org","@graph":[{"@type":"WebPage","@id":"https:\/\/www.antaraproperties.com\/es\/sobre-nosotros\/","url":"https:\/\/www.antaraproperties.com\/es\/sobre-nosotros\/","name":"Sobre Nosotros - Antara Properties","isPartOf":{"@id":"https:\/\/www.antaraproperties.com\/es\/#website"},"primaryImageOfPage":{"@id":"https:\/\/www.antaraproperties.com\/es\/sobre-nosotros\/#primaryimage"},"image":{"@id":"https:\/\/www.antaraproperties.com\/es\/sobre-nosotros\/#primaryimage"},"thumbnailUrl":"https:\/\/www.antaraproperties.com\/wp-content\/uploads\/2023\/05\/antara-properties-francisco-savio.jpg","datePublished":"2023-01-16T11:40:50+00:00","dateModified":"2023-05-08T11:01:30+00:00","breadcrumb":{"@id":"https:\/\/www.antaraproperties.com\/es\/sobre-nosotros\/#breadcrumb"},"inLanguage":"es","potentialAction":[{"@type":"ReadAction","target":["https:\/\/www.antaraproperties.com\/es\/sobre-nosotros\/"]}]},{"@type":"ImageObject","inLanguage":"es","@id":"https:\/\/www.antaraproperties.com\/es\/sobre-nosotros\/#primaryimage","url":"https:\/\/www.antaraproperties.com\/wp-content\/uploads\/2023\/05\/antara-properties-francisco-savio.jpg","contentUrl":"https:\/\/www.antaraproperties.com\/wp-content\/uploads\/2023\/05\/antara-properties-francisco-savio.jpg"},{"@type":"BreadcrumbList","@id":"https:\/\/www.antaraproperties.com\/es\/sobre-nosotros\/#breadcrumb","itemListElement":[{"@type":"ListItem","position":1,"name":"Home","item":"https:\/\/www.antaraproperties.com\/es\/"},{"@type":"ListItem","position":2,"name":"Sobre Nosotros"}]},{"@type":"WebSite","@id":"https:\/\/www.antaraproperties.com\/es\/#website","url":"https:\/\/www.antaraproperties.com\/es\/","name":"Antara Properties","description":"New property developments on the Costa Del Sol","publisher":{"@id":"https:\/\/www.antaraproperties.com\/es\/#organization"},"potentialAction":[{"@type":"SearchAction","target":{"@type":"EntryPoint","urlTemplate":"https:\/\/www.antaraproperties.com\/es\/?s={search_term_string}"},"query-input":{"@type":"PropertyValueSpecification","valueRequired":true,"valueName":"search_term_string"}}],"inLanguage":"es"},{"@type":"Organization","@id":"https:\/\/www.antaraproperties.com\/es\/#organization","name":"Antara Properties","url":"https:\/\/www.antaraproperties.com\/es\/","logo":{"@type":"ImageObject","inLanguage":"es","@id":"https:\/\/www.antaraproperties.com\/es\/#\/schema\/logo\/image\/","url":"https:\/\/www.antaraproperties.com\/wp-content\/uploads\/2023\/06\/logo-antara-yoast.jpg","contentUrl":"https:\/\/www.antaraproperties.com\/wp-content\/uploads\/2023\/06\/logo-antara-yoast.jpg","width":696,"height":696,"caption":"Antara Properties"},"image":{"@id":"https:\/\/www.antaraproperties.com\/es\/#\/schema\/logo\/image\/"},"sameAs":["https:\/\/www.facebook.com\/people\/Antara-Properties\/100065013463030\/","https:\/\/www.instagram.com\/antara.properties\/?hl=es"]}]}},"_links":{"self":[{"href":"https:\/\/www.antaraproperties.com\/es\/wp-json\/wp\/v2\/pages\/30925","targetHints":{"allow":["GET"]}}],"collection":[{"href":"https:\/\/www.antaraproperties.com\/es\/wp-json\/wp\/v2\/pages"}],"about":[{"href":"https:\/\/www.antaraproperties.com\/es\/wp-json\/wp\/v2\/types\/page"}],"author":[{"embeddable":true,"href":"https:\/\/www.antaraproperties.com\/es\/wp-json\/wp\/v2\/users\/1"}],"replies":[{"embeddable":true,"href":"https:\/\/www.antaraproperties.com\/es\/wp-json\/wp\/v2\/comments?post=30925"}],"version-history":[{"count":0,"href":"https:\/\/www.antaraproperties.com\/es\/wp-json\/wp\/v2\/pages\/30925\/revisions"}],"wp:attachment":[{"href":"https:\/\/www.antaraproperties.com\/es\/wp-json\/wp\/v2\/media?parent=30925"}],"curies":[{"name":"wp","href":"https:\/\/api.w.org\/{rel}","templated":true}]}}