{"id":31349,"date":"2023-04-19T10:37:52","date_gmt":"2023-04-19T10:37:52","guid":{"rendered":"https:\/\/www.antaraproperties.com\/?page_id=31349"},"modified":"2025-11-27T14:05:37","modified_gmt":"2025-11-27T14:05:37","slug":"nuestras-exclusivas","status":"publish","type":"page","link":"https:\/\/www.antaraproperties.com\/es\/nuestras-exclusivas\/","title":{"rendered":"Nuestras Exclusivas"},"content":{"rendered":"\t\t<div data-elementor-type=\"wp-page\" data-elementor-id=\"31349\" class=\"elementor elementor-31349\" data-elementor-post-type=\"page\">\n\t\t\t\t\t\t<section class=\"elementor-section elementor-top-section elementor-element elementor-element-00059d0 animated-slow elementor-section-content-middle elementor-section-stretched elementor-section-boxed elementor-section-height-default elementor-section-height-default elementor-invisible\" data-id=\"00059d0\" data-element_type=\"section\" data-e-type=\"section\" data-settings=\"{&quot;background_background&quot;:&quot;classic&quot;,&quot;animation&quot;:&quot;fadeIn&quot;,&quot;stretch_section&quot;:&quot;section-stretched&quot;}\">\n\t\t\t\t\t\t\t<div class=\"elementor-background-overlay\"><\/div>\n\t\t\t\t\t\t\t<div class=\"elementor-container elementor-column-gap-no\">\n\t\t\t\t\t<div class=\"elementor-column elementor-col-100 elementor-top-column elementor-element elementor-element-d9698aa\" data-id=\"d9698aa\" data-element_type=\"column\" data-e-type=\"column\" data-settings=\"{&quot;background_background&quot;:&quot;classic&quot;}\">\n\t\t\t<div class=\"elementor-widget-wrap elementor-element-populated\">\n\t\t\t\t\t\t<div class=\"elementor-element elementor-element-d30cca1 elementor-widget elementor-widget-heading\" data-id=\"d30cca1\" data-element_type=\"widget\" data-e-type=\"widget\" data-widget_type=\"heading.default\">\n\t\t\t\t<div class=\"elementor-widget-container\">\n\t\t\t\t\t<h2 class=\"elementor-heading-title elementor-size-default\">Nuestras Exclusivas<\/h2>\t\t\t\t<\/div>\n\t\t\t\t<\/div>\n\t\t\t\t\t<\/div>\n\t\t<\/div>\n\t\t\t\t\t<\/div>\n\t\t<\/section>\n\t\t\t\t<section class=\"elementor-section elementor-top-section elementor-element elementor-element-73093779 elementor-section-boxed elementor-section-height-default elementor-section-height-default\" data-id=\"73093779\" data-element_type=\"section\" data-e-type=\"section\">\n\t\t\t\t\t\t<div class=\"elementor-container elementor-column-gap-wider\">\n\t\t\t\t\t<div class=\"elementor-column elementor-col-33 elementor-top-column elementor-element elementor-element-5a3087cc\" data-id=\"5a3087cc\" data-element_type=\"column\" data-e-type=\"column\">\n\t\t\t<div class=\"elementor-widget-wrap elementor-element-populated\">\n\t\t\t\t\t\t<div class=\"elementor-element elementor-element-4a976ce7 elementor-widget elementor-widget-image\" data-id=\"4a976ce7\" data-element_type=\"widget\" data-e-type=\"widget\" data-widget_type=\"image.default\">\n\t\t\t\t<div class=\"elementor-widget-container\">\n\t\t\t\t\t\t\t\t\t\t\t\t\t\t\t\t<a href=\"https:\/\/www.antaraproperties.com\/es\/brisas-del-mar\/\">\n\t\t\t\t\t\t\t<img fetchpriority=\"high\" decoding=\"async\" width=\"780\" height=\"670\" src=\"https:\/\/www.antaraproperties.com\/wp-content\/uploads\/2025\/05\/brisas-del-mar-estepona-min.jpg\" class=\"attachment-full size-full wp-image-37494\" alt=\"\" srcset=\"https:\/\/www.antaraproperties.com\/wp-content\/uploads\/2025\/05\/brisas-del-mar-estepona-min.jpg 780w, https:\/\/www.antaraproperties.com\/wp-content\/uploads\/2025\/05\/brisas-del-mar-estepona-min-300x258.jpg 300w, https:\/\/www.antaraproperties.com\/wp-content\/uploads\/2025\/05\/brisas-del-mar-estepona-min-768x660.jpg 768w\" sizes=\"(max-width: 780px) 100vw, 780px\" \/>\t\t\t\t\t\t\t\t<\/a>\n\t\t\t\t\t\t\t\t\t\t\t\t\t\t\t<\/div>\n\t\t\t\t<\/div>\n\t\t\t\t<div class=\"elementor-element elementor-element-567f2573 elementor-widget elementor-widget-heading\" data-id=\"567f2573\" data-element_type=\"widget\" data-e-type=\"widget\" data-widget_type=\"heading.default\">\n\t\t\t\t<div class=\"elementor-widget-container\">\n\t\t\t\t\t<h2 class=\"elementor-heading-title elementor-size-default\">Proyecto: Brisas del Mar<\/h2>\t\t\t\t<\/div>\n\t\t\t\t<\/div>\n\t\t\t\t<div class=\"elementor-element elementor-element-5c8cb66b elementor-widget__width-initial elementor-invisible elementor-widget elementor-widget-text-editor\" data-id=\"5c8cb66b\" data-element_type=\"widget\" data-e-type=\"widget\" data-settings=\"{&quot;_animation&quot;:&quot;fadeIn&quot;,&quot;_animation_delay&quot;:50}\" data-widget_type=\"text-editor.default\">\n\t\t\t\t<div class=\"elementor-widget-container\">\n\t\t\t\t\t\t\t\t\t<p>Para la realizaci\u00f3n de esta\u00a0<strong>nueva y exclusiva promoci\u00f3n boutique<\/strong>\u00a0de 10 villas adosadas, el promotor ha elegido una parcela con preciosas vistas al mar, al golf y a la monta\u00f1a.\u00a0<strong>Brisas del mar<\/strong>\u00a0consta de 10 villas adosadas con 4 dormitorios, 3 o 4 ba\u00f1os, 1 o 2 aseos y un despacho o puede ser utilizado como lavadero.<\/p>\t\t\t\t\t\t\t\t<\/div>\n\t\t\t\t<\/div>\n\t\t\t\t<div class=\"elementor-element elementor-element-197891f5 elementor-align-center elementor-widget elementor-widget-button\" data-id=\"197891f5\" data-element_type=\"widget\" data-e-type=\"widget\" data-widget_type=\"button.default\">\n\t\t\t\t<div class=\"elementor-widget-container\">\n\t\t\t\t\t\t\t\t\t<div class=\"elementor-button-wrapper\">\n\t\t\t\t\t<a class=\"elementor-button elementor-button-link elementor-size-sm\" href=\"https:\/\/www.antaraproperties.com\/es\/brisas-del-mar\/\">\n\t\t\t\t\t\t<span class=\"elementor-button-content-wrapper\">\n\t\t\t\t\t\t\t\t\t<span class=\"elementor-button-text\">M\u00c1S INFORMACI\u00d3N<\/span>\n\t\t\t\t\t<\/span>\n\t\t\t\t\t<\/a>\n\t\t\t\t<\/div>\n\t\t\t\t\t\t\t\t<\/div>\n\t\t\t\t<\/div>\n\t\t\t\t\t<\/div>\n\t\t<\/div>\n\t\t\t\t<div class=\"elementor-column elementor-col-33 elementor-top-column elementor-element elementor-element-4ab42878\" data-id=\"4ab42878\" data-element_type=\"column\" data-e-type=\"column\">\n\t\t\t<div class=\"elementor-widget-wrap elementor-element-populated\">\n\t\t\t\t\t\t<div class=\"elementor-element elementor-element-35ce7c0 elementor-widget elementor-widget-image\" data-id=\"35ce7c0\" data-element_type=\"widget\" data-e-type=\"widget\" data-widget_type=\"image.default\">\n\t\t\t\t<div class=\"elementor-widget-container\">\n\t\t\t\t\t\t\t\t\t\t\t\t\t\t\t\t<a href=\"https:\/\/www.antaraproperties.com\/swing-sea-villas\/\">\n\t\t\t\t\t\t\t<img decoding=\"async\" width=\"780\" height=\"670\" src=\"https:\/\/www.antaraproperties.com\/wp-content\/uploads\/2025\/11\/ss.jpg\" class=\"attachment-full size-full wp-image-46336\" alt=\"\" srcset=\"https:\/\/www.antaraproperties.com\/wp-content\/uploads\/2025\/11\/ss.jpg 780w, https:\/\/www.antaraproperties.com\/wp-content\/uploads\/2025\/11\/ss-300x258.jpg 300w, https:\/\/www.antaraproperties.com\/wp-content\/uploads\/2025\/11\/ss-768x660.jpg 768w\" sizes=\"(max-width: 780px) 100vw, 780px\" \/>\t\t\t\t\t\t\t\t<\/a>\n\t\t\t\t\t\t\t\t\t\t\t\t\t\t\t<\/div>\n\t\t\t\t<\/div>\n\t\t\t\t<div class=\"elementor-element elementor-element-71a8031d elementor-widget elementor-widget-heading\" data-id=\"71a8031d\" data-element_type=\"widget\" data-e-type=\"widget\" data-widget_type=\"heading.default\">\n\t\t\t\t<div class=\"elementor-widget-container\">\n\t\t\t\t\t<h2 class=\"elementor-heading-title elementor-size-default\">Proyecto: Swing &amp; Sea Villas<\/h2>\t\t\t\t<\/div>\n\t\t\t\t<\/div>\n\t\t\t\t<div class=\"elementor-element elementor-element-3a400bd4 elementor-widget__width-initial elementor-invisible elementor-widget elementor-widget-text-editor\" data-id=\"3a400bd4\" data-element_type=\"widget\" data-e-type=\"widget\" data-settings=\"{&quot;_animation&quot;:&quot;fadeIn&quot;,&quot;_animation_delay&quot;:50}\" data-widget_type=\"text-editor.default\">\n\t\t\t\t<div class=\"elementor-widget-container\">\n\t\t\t\t\t\t\t\t\t<p>Es un nuevo desarrollo de lujo, un prestigioso complejo de 14 villas independientes ubicado en un entorno excepcional en Estepona, M\u00e1laga. Situadas en primera l\u00ednea de Azata Golf, con impresionantes vistas al mar, estas villas han sido dise\u00f1adas para combinar lujo, confort y estilo en un lugar id\u00edlico.<\/p>\t\t\t\t\t\t\t\t<\/div>\n\t\t\t\t<\/div>\n\t\t\t\t<div class=\"elementor-element elementor-element-676df13b elementor-align-center elementor-widget elementor-widget-button\" data-id=\"676df13b\" data-element_type=\"widget\" data-e-type=\"widget\" data-widget_type=\"button.default\">\n\t\t\t\t<div class=\"elementor-widget-container\">\n\t\t\t\t\t\t\t\t\t<div class=\"elementor-button-wrapper\">\n\t\t\t\t\t<a class=\"elementor-button elementor-button-link elementor-size-sm\" href=\"https:\/\/www.antaraproperties.com\/es\/swing-sea-villas\/\">\n\t\t\t\t\t\t<span class=\"elementor-button-content-wrapper\">\n\t\t\t\t\t\t\t\t\t<span class=\"elementor-button-text\">M\u00c1S INFORMACI\u00d3N<\/span>\n\t\t\t\t\t<\/span>\n\t\t\t\t\t<\/a>\n\t\t\t\t<\/div>\n\t\t\t\t\t\t\t\t<\/div>\n\t\t\t\t<\/div>\n\t\t\t\t\t<\/div>\n\t\t<\/div>\n\t\t\t\t<div class=\"elementor-column elementor-col-33 elementor-top-column elementor-element elementor-element-723dd54\" data-id=\"723dd54\" data-element_type=\"column\" data-e-type=\"column\">\n\t\t\t<div class=\"elementor-widget-wrap elementor-element-populated\">\n\t\t\t\t\t\t<div class=\"elementor-element elementor-element-9f88ee1 elementor-widget elementor-widget-image\" data-id=\"9f88ee1\" data-element_type=\"widget\" data-e-type=\"widget\" data-widget_type=\"image.default\">\n\t\t\t\t<div class=\"elementor-widget-container\">\n\t\t\t\t\t\t\t\t\t\t\t\t\t\t\t\t<a href=\"https:\/\/www.antaraproperties.com\/swing-sea-villas\/\">\n\t\t\t\t\t\t\t<img decoding=\"async\" width=\"780\" height=\"670\" src=\"https:\/\/www.antaraproperties.com\/wp-content\/uploads\/2025\/11\/atrium-min-2.jpg\" class=\"attachment-full size-full wp-image-46330\" alt=\"\" srcset=\"https:\/\/www.antaraproperties.com\/wp-content\/uploads\/2025\/11\/atrium-min-2.jpg 780w, https:\/\/www.antaraproperties.com\/wp-content\/uploads\/2025\/11\/atrium-min-2-300x258.jpg 300w, https:\/\/www.antaraproperties.com\/wp-content\/uploads\/2025\/11\/atrium-min-2-768x660.jpg 768w\" sizes=\"(max-width: 780px) 100vw, 780px\" \/>\t\t\t\t\t\t\t\t<\/a>\n\t\t\t\t\t\t\t\t\t\t\t\t\t\t\t<\/div>\n\t\t\t\t<\/div>\n\t\t\t\t<div class=\"elementor-element elementor-element-c885287 elementor-widget elementor-widget-heading\" data-id=\"c885287\" data-element_type=\"widget\" data-e-type=\"widget\" data-widget_type=\"heading.default\">\n\t\t\t\t<div class=\"elementor-widget-container\">\n\t\t\t\t\t<h2 class=\"elementor-heading-title elementor-size-default\">Atrium Residencial\nEstepona<\/h2>\t\t\t\t<\/div>\n\t\t\t\t<\/div>\n\t\t\t\t<div class=\"elementor-element elementor-element-2a5d658 elementor-widget__width-initial elementor-invisible elementor-widget elementor-widget-text-editor\" data-id=\"2a5d658\" data-element_type=\"widget\" data-e-type=\"widget\" data-settings=\"{&quot;_animation&quot;:&quot;fadeIn&quot;,&quot;_animation_delay&quot;:50}\" data-widget_type=\"text-editor.default\">\n\t\t\t\t<div class=\"elementor-widget-container\">\n\t\t\t\t\t\t\t\t\t<p>ATRIUM RESIDENCIAL est\u00e1 inspirado en la vida de las personas. Sus amplias zonas comunes, piscina y locales comunitarios est\u00e1n pensados para fomentar el bienestar, mejorar la calidad de vida y contribuir al enrequecimiento del entrono. Un lugar dise\u00f1ado para inspirar a las generaciones presentes y futuras.<\/p>\t\t\t\t\t\t\t\t<\/div>\n\t\t\t\t<\/div>\n\t\t\t\t<div class=\"elementor-element elementor-element-9011880 elementor-align-center elementor-widget elementor-widget-button\" data-id=\"9011880\" data-element_type=\"widget\" data-e-type=\"widget\" data-widget_type=\"button.default\">\n\t\t\t\t<div class=\"elementor-widget-container\">\n\t\t\t\t\t\t\t\t\t<div class=\"elementor-button-wrapper\">\n\t\t\t\t\t<a class=\"elementor-button elementor-button-link elementor-size-sm\" href=\"https:\/\/www.antaraproperties.com\/es\/atrium-residencial-estepona\/\">\n\t\t\t\t\t\t<span class=\"elementor-button-content-wrapper\">\n\t\t\t\t\t\t\t\t\t<span class=\"elementor-button-text\">M\u00c1S INFORMACI\u00d3N<\/span>\n\t\t\t\t\t<\/span>\n\t\t\t\t\t<\/a>\n\t\t\t\t<\/div>\n\t\t\t\t\t\t\t\t<\/div>\n\t\t\t\t<\/div>\n\t\t\t\t\t<\/div>\n\t\t<\/div>\n\t\t\t\t\t<\/div>\n\t\t<\/section>\n\t\t\t\t<\/div>\n\t\t","protected":false},"excerpt":{"rendered":"<p>Nuestras Exclusivas Proyecto: Brisas del Mar Para la realizaci\u00f3n de esta\u00a0nueva y exclusiva promoci\u00f3n boutique\u00a0de 10 villas adosadas, el promotor ha elegido una parcela con preciosas vistas al mar, al golf y a la monta\u00f1a.\u00a0Brisas del mar\u00a0consta de 10 villas adosadas con 4 dormitorios, 3 o 4 ba\u00f1os, 1 o 2 aseos y un despacho o puede ser utilizado como lavadero. M\u00c1S INFORMACI\u00d3N Proyecto: &#8230;<\/p>\n","protected":false},"author":1,"featured_media":0,"parent":0,"menu_order":0,"comment_status":"closed","ping_status":"closed","template":"elementor_header_footer","meta":{"footnotes":""},"class_list":["post-31349","page","type-page","status-publish","hentry"],"yoast_head":"<!-- This site is optimized with the Yoast SEO plugin v27.0 - https:\/\/yoast.com\/product\/yoast-seo-wordpress\/ -->\n<title>Nuestras Exclusivas - Antara Properties<\/title>\n<meta name=\"robots\" content=\"index, follow, max-snippet:-1, max-image-preview:large, max-video-preview:-1\" \/>\n<link rel=\"canonical\" href=\"https:\/\/www.antaraproperties.com\/es\/nuestras-exclusivas\/\" \/>\n<meta property=\"og:locale\" content=\"es_ES\" \/>\n<meta property=\"og:type\" content=\"article\" \/>\n<meta property=\"og:title\" content=\"Nuestras Exclusivas - Antara Properties\" \/>\n<meta property=\"og:description\" content=\"Nuestras Exclusivas Proyecto: Brisas del Mar Para la realizaci\u00f3n de esta\u00a0nueva y exclusiva promoci\u00f3n boutique\u00a0de 10 villas adosadas, el promotor ha elegido una parcela con preciosas vistas al mar, al golf y a la monta\u00f1a.\u00a0Brisas del mar\u00a0consta de 10 villas adosadas con 4 dormitorios, 3 o 4 ba\u00f1os, 1 o 2 aseos y un despacho o puede ser utilizado como lavadero. M\u00c1S INFORMACI\u00d3N Proyecto: ...\" \/>\n<meta property=\"og:url\" content=\"https:\/\/www.antaraproperties.com\/es\/nuestras-exclusivas\/\" \/>\n<meta property=\"og:site_name\" content=\"Antara Properties\" \/>\n<meta property=\"article:publisher\" content=\"https:\/\/www.facebook.com\/people\/Antara-Properties\/100065013463030\/\" \/>\n<meta property=\"article:modified_time\" content=\"2025-11-27T14:05:37+00:00\" \/>\n<meta property=\"og:image\" content=\"https:\/\/www.antaraproperties.com\/wp-content\/uploads\/2025\/05\/brisas-del-mar-estepona-min.jpg\" \/>\n\t<meta property=\"og:image:width\" content=\"780\" \/>\n\t<meta property=\"og:image:height\" content=\"670\" \/>\n\t<meta property=\"og:image:type\" content=\"image\/jpeg\" \/>\n<meta name=\"twitter:card\" content=\"summary_large_image\" \/>\n<meta name=\"twitter:label1\" content=\"Tiempo de lectura\" \/>\n\t<meta name=\"twitter:data1\" content=\"2 minutos\" \/>\n<script type=\"application\/ld+json\" class=\"yoast-schema-graph\">{\"@context\":\"https:\/\/schema.org\",\"@graph\":[{\"@type\":\"WebPage\",\"@id\":\"https:\/\/www.antaraproperties.com\/es\/nuestras-exclusivas\/\",\"url\":\"https:\/\/www.antaraproperties.com\/es\/nuestras-exclusivas\/\",\"name\":\"Nuestras Exclusivas - Antara Properties\",\"isPartOf\":{\"@id\":\"https:\/\/www.antaraproperties.com\/es\/#website\"},\"primaryImageOfPage\":{\"@id\":\"https:\/\/www.antaraproperties.com\/es\/nuestras-exclusivas\/#primaryimage\"},\"image\":{\"@id\":\"https:\/\/www.antaraproperties.com\/es\/nuestras-exclusivas\/#primaryimage\"},\"thumbnailUrl\":\"https:\/\/www.antaraproperties.com\/wp-content\/uploads\/2025\/05\/brisas-del-mar-estepona-min.jpg\",\"datePublished\":\"2023-04-19T10:37:52+00:00\",\"dateModified\":\"2025-11-27T14:05:37+00:00\",\"breadcrumb\":{\"@id\":\"https:\/\/www.antaraproperties.com\/es\/nuestras-exclusivas\/#breadcrumb\"},\"inLanguage\":\"es\",\"potentialAction\":[{\"@type\":\"ReadAction\",\"target\":[\"https:\/\/www.antaraproperties.com\/es\/nuestras-exclusivas\/\"]}]},{\"@type\":\"ImageObject\",\"inLanguage\":\"es\",\"@id\":\"https:\/\/www.antaraproperties.com\/es\/nuestras-exclusivas\/#primaryimage\",\"url\":\"https:\/\/www.antaraproperties.com\/wp-content\/uploads\/2025\/05\/brisas-del-mar-estepona-min.jpg\",\"contentUrl\":\"https:\/\/www.antaraproperties.com\/wp-content\/uploads\/2025\/05\/brisas-del-mar-estepona-min.jpg\"},{\"@type\":\"BreadcrumbList\",\"@id\":\"https:\/\/www.antaraproperties.com\/es\/nuestras-exclusivas\/#breadcrumb\",\"itemListElement\":[{\"@type\":\"ListItem\",\"position\":1,\"name\":\"Home\",\"item\":\"https:\/\/www.antaraproperties.com\/es\/\"},{\"@type\":\"ListItem\",\"position\":2,\"name\":\"Nuestras Exclusivas\"}]},{\"@type\":\"WebSite\",\"@id\":\"https:\/\/www.antaraproperties.com\/es\/#website\",\"url\":\"https:\/\/www.antaraproperties.com\/es\/\",\"name\":\"Antara Properties\",\"description\":\"New property developments on the Costa Del Sol\",\"publisher\":{\"@id\":\"https:\/\/www.antaraproperties.com\/es\/#organization\"},\"potentialAction\":[{\"@type\":\"SearchAction\",\"target\":{\"@type\":\"EntryPoint\",\"urlTemplate\":\"https:\/\/www.antaraproperties.com\/es\/?s={search_term_string}\"},\"query-input\":{\"@type\":\"PropertyValueSpecification\",\"valueRequired\":true,\"valueName\":\"search_term_string\"}}],\"inLanguage\":\"es\"},{\"@type\":\"Organization\",\"@id\":\"https:\/\/www.antaraproperties.com\/es\/#organization\",\"name\":\"Antara Properties\",\"url\":\"https:\/\/www.antaraproperties.com\/es\/\",\"logo\":{\"@type\":\"ImageObject\",\"inLanguage\":\"es\",\"@id\":\"https:\/\/www.antaraproperties.com\/es\/#\/schema\/logo\/image\/\",\"url\":\"https:\/\/www.antaraproperties.com\/wp-content\/uploads\/2023\/06\/logo-antara-yoast.jpg\",\"contentUrl\":\"https:\/\/www.antaraproperties.com\/wp-content\/uploads\/2023\/06\/logo-antara-yoast.jpg\",\"width\":696,\"height\":696,\"caption\":\"Antara Properties\"},\"image\":{\"@id\":\"https:\/\/www.antaraproperties.com\/es\/#\/schema\/logo\/image\/\"},\"sameAs\":[\"https:\/\/www.facebook.com\/people\/Antara-Properties\/100065013463030\/\",\"https:\/\/www.instagram.com\/antara.properties\/?hl=es\"]}]}<\/script>\n<!-- \/ Yoast SEO plugin. -->","yoast_head_json":{"title":"Nuestras Exclusivas - Antara Properties","robots":{"index":"index","follow":"follow","max-snippet":"max-snippet:-1","max-image-preview":"max-image-preview:large","max-video-preview":"max-video-preview:-1"},"canonical":"https:\/\/www.antaraproperties.com\/es\/nuestras-exclusivas\/","og_locale":"es_ES","og_type":"article","og_title":"Nuestras Exclusivas - Antara Properties","og_description":"Nuestras Exclusivas Proyecto: Brisas del Mar Para la realizaci\u00f3n de esta\u00a0nueva y exclusiva promoci\u00f3n boutique\u00a0de 10 villas adosadas, el promotor ha elegido una parcela con preciosas vistas al mar, al golf y a la monta\u00f1a.\u00a0Brisas del mar\u00a0consta de 10 villas adosadas con 4 dormitorios, 3 o 4 ba\u00f1os, 1 o 2 aseos y un despacho o puede ser utilizado como lavadero. M\u00c1S INFORMACI\u00d3N Proyecto: ...","og_url":"https:\/\/www.antaraproperties.com\/es\/nuestras-exclusivas\/","og_site_name":"Antara Properties","article_publisher":"https:\/\/www.facebook.com\/people\/Antara-Properties\/100065013463030\/","article_modified_time":"2025-11-27T14:05:37+00:00","og_image":[{"width":780,"height":670,"url":"https:\/\/www.antaraproperties.com\/wp-content\/uploads\/2025\/05\/brisas-del-mar-estepona-min.jpg","type":"image\/jpeg"}],"twitter_card":"summary_large_image","twitter_misc":{"Tiempo de lectura":"2 minutos"},"schema":{"@context":"https:\/\/schema.org","@graph":[{"@type":"WebPage","@id":"https:\/\/www.antaraproperties.com\/es\/nuestras-exclusivas\/","url":"https:\/\/www.antaraproperties.com\/es\/nuestras-exclusivas\/","name":"Nuestras Exclusivas - Antara Properties","isPartOf":{"@id":"https:\/\/www.antaraproperties.com\/es\/#website"},"primaryImageOfPage":{"@id":"https:\/\/www.antaraproperties.com\/es\/nuestras-exclusivas\/#primaryimage"},"image":{"@id":"https:\/\/www.antaraproperties.com\/es\/nuestras-exclusivas\/#primaryimage"},"thumbnailUrl":"https:\/\/www.antaraproperties.com\/wp-content\/uploads\/2025\/05\/brisas-del-mar-estepona-min.jpg","datePublished":"2023-04-19T10:37:52+00:00","dateModified":"2025-11-27T14:05:37+00:00","breadcrumb":{"@id":"https:\/\/www.antaraproperties.com\/es\/nuestras-exclusivas\/#breadcrumb"},"inLanguage":"es","potentialAction":[{"@type":"ReadAction","target":["https:\/\/www.antaraproperties.com\/es\/nuestras-exclusivas\/"]}]},{"@type":"ImageObject","inLanguage":"es","@id":"https:\/\/www.antaraproperties.com\/es\/nuestras-exclusivas\/#primaryimage","url":"https:\/\/www.antaraproperties.com\/wp-content\/uploads\/2025\/05\/brisas-del-mar-estepona-min.jpg","contentUrl":"https:\/\/www.antaraproperties.com\/wp-content\/uploads\/2025\/05\/brisas-del-mar-estepona-min.jpg"},{"@type":"BreadcrumbList","@id":"https:\/\/www.antaraproperties.com\/es\/nuestras-exclusivas\/#breadcrumb","itemListElement":[{"@type":"ListItem","position":1,"name":"Home","item":"https:\/\/www.antaraproperties.com\/es\/"},{"@type":"ListItem","position":2,"name":"Nuestras Exclusivas"}]},{"@type":"WebSite","@id":"https:\/\/www.antaraproperties.com\/es\/#website","url":"https:\/\/www.antaraproperties.com\/es\/","name":"Antara Properties","description":"New property developments on the Costa Del Sol","publisher":{"@id":"https:\/\/www.antaraproperties.com\/es\/#organization"},"potentialAction":[{"@type":"SearchAction","target":{"@type":"EntryPoint","urlTemplate":"https:\/\/www.antaraproperties.com\/es\/?s={search_term_string}"},"query-input":{"@type":"PropertyValueSpecification","valueRequired":true,"valueName":"search_term_string"}}],"inLanguage":"es"},{"@type":"Organization","@id":"https:\/\/www.antaraproperties.com\/es\/#organization","name":"Antara Properties","url":"https:\/\/www.antaraproperties.com\/es\/","logo":{"@type":"ImageObject","inLanguage":"es","@id":"https:\/\/www.antaraproperties.com\/es\/#\/schema\/logo\/image\/","url":"https:\/\/www.antaraproperties.com\/wp-content\/uploads\/2023\/06\/logo-antara-yoast.jpg","contentUrl":"https:\/\/www.antaraproperties.com\/wp-content\/uploads\/2023\/06\/logo-antara-yoast.jpg","width":696,"height":696,"caption":"Antara Properties"},"image":{"@id":"https:\/\/www.antaraproperties.com\/es\/#\/schema\/logo\/image\/"},"sameAs":["https:\/\/www.facebook.com\/people\/Antara-Properties\/100065013463030\/","https:\/\/www.instagram.com\/antara.properties\/?hl=es"]}]}},"_links":{"self":[{"href":"https:\/\/www.antaraproperties.com\/es\/wp-json\/wp\/v2\/pages\/31349","targetHints":{"allow":["GET"]}}],"collection":[{"href":"https:\/\/www.antaraproperties.com\/es\/wp-json\/wp\/v2\/pages"}],"about":[{"href":"https:\/\/www.antaraproperties.com\/es\/wp-json\/wp\/v2\/types\/page"}],"author":[{"embeddable":true,"href":"https:\/\/www.antaraproperties.com\/es\/wp-json\/wp\/v2\/users\/1"}],"replies":[{"embeddable":true,"href":"https:\/\/www.antaraproperties.com\/es\/wp-json\/wp\/v2\/comments?post=31349"}],"version-history":[{"count":0,"href":"https:\/\/www.antaraproperties.com\/es\/wp-json\/wp\/v2\/pages\/31349\/revisions"}],"wp:attachment":[{"href":"https:\/\/www.antaraproperties.com\/es\/wp-json\/wp\/v2\/media?parent=31349"}],"curies":[{"name":"wp","href":"https:\/\/api.w.org\/{rel}","templated":true}]}}