{"id":32662,"date":"2023-05-02T06:56:13","date_gmt":"2023-05-02T06:56:13","guid":{"rendered":"https:\/\/www.antaraproperties.com\/aviso-legal\/"},"modified":"2023-10-24T18:40:59","modified_gmt":"2023-10-24T18:40:59","slug":"aviso-legal","status":"publish","type":"page","link":"https:\/\/www.antaraproperties.com\/es\/aviso-legal\/","title":{"rendered":"Aviso Legal"},"content":{"rendered":"\t\t<div data-elementor-type=\"wp-page\" data-elementor-id=\"32662\" class=\"elementor elementor-32662 elementor-32211\" data-elementor-post-type=\"page\">\n\t\t\t\t\t\t<section class=\"elementor-section elementor-top-section elementor-element elementor-element-31936e3f animated-slow elementor-section-content-middle elementor-section-stretched elementor-section-boxed elementor-section-height-default elementor-section-height-default elementor-invisible\" data-id=\"31936e3f\" data-element_type=\"section\" data-e-type=\"section\" data-settings=\"{&quot;background_background&quot;:&quot;classic&quot;,&quot;animation&quot;:&quot;fadeIn&quot;,&quot;stretch_section&quot;:&quot;section-stretched&quot;}\">\n\t\t\t\t\t\t\t<div class=\"elementor-background-overlay\"><\/div>\n\t\t\t\t\t\t\t<div class=\"elementor-container elementor-column-gap-no\">\n\t\t\t\t\t<div class=\"elementor-column elementor-col-100 elementor-top-column elementor-element elementor-element-5a0e78e0\" data-id=\"5a0e78e0\" data-element_type=\"column\" data-e-type=\"column\" data-settings=\"{&quot;background_background&quot;:&quot;classic&quot;}\">\n\t\t\t<div class=\"elementor-widget-wrap elementor-element-populated\">\n\t\t\t\t\t\t<div class=\"elementor-element elementor-element-3c9de0ae elementor-widget elementor-widget-heading\" data-id=\"3c9de0ae\" data-element_type=\"widget\" data-e-type=\"widget\" data-widget_type=\"heading.default\">\n\t\t\t\t<div class=\"elementor-widget-container\">\n\t\t\t\t\t<h2 class=\"elementor-heading-title elementor-size-default\">Aviso Legal<\/h2>\t\t\t\t<\/div>\n\t\t\t\t<\/div>\n\t\t\t\t\t<\/div>\n\t\t<\/div>\n\t\t\t\t\t<\/div>\n\t\t<\/section>\n\t\t\t\t<section class=\"elementor-section elementor-top-section elementor-element elementor-element-b611cc2 elementor-section-boxed elementor-section-height-default elementor-section-height-default\" data-id=\"b611cc2\" data-element_type=\"section\" data-e-type=\"section\">\n\t\t\t\t\t\t<div class=\"elementor-container elementor-column-gap-wider\">\n\t\t\t\t\t<div class=\"elementor-column elementor-col-100 elementor-top-column elementor-element elementor-element-f852d16\" data-id=\"f852d16\" data-element_type=\"column\" data-e-type=\"column\">\n\t\t\t<div class=\"elementor-widget-wrap elementor-element-populated\">\n\t\t\t\t\t\t<div class=\"elementor-element elementor-element-6eefbca elementor-widget__width-initial elementor-invisible elementor-widget elementor-widget-text-editor\" data-id=\"6eefbca\" data-element_type=\"widget\" data-e-type=\"widget\" data-settings=\"{&quot;_animation&quot;:&quot;fadeIn&quot;,&quot;_animation_delay&quot;:50}\" data-widget_type=\"text-editor.default\">\n\t\t\t\t<div class=\"elementor-widget-container\">\n\t\t\t\t\t\t\t\t\tEn cumplimiento del art\u00edculo 10 de la Ley 34\/2002 de Servicios de la Sociedad de la Informaci\u00f3n y Comercio Electr\u00f3nico, informamos al usuario de nuestros datos identificativos:\n<h3><b>TITULAR DE SITIO WEB<\/b><\/h3>\nAntara Property Management S.L.\n<b> CIF:<\/b> B10672053\n<b> Direcci\u00f3n:<\/b>\u00a0<a href=\"https:\/\/www.google.com\/maps\/place\/Antara+Properties\/@36.459796,-5.07943,16z\/data=!4m6!3m5!1s0xd0cd5ddc6d23e83:0xbad52a051d580ba5!8m2!3d36.4686485!4d-5.076576!16s%2Fg%2F11t7m0vd2j?ll=36.459796,-5.07943&amp;z=16&amp;t=m&amp;hl=es-ES&amp;gl=US&amp;mapclient=embed&amp;cid=13462712862549478309&amp;coh=178572&amp;entry=tt&amp;shorturl=1\" target=\"_blank\" rel=\"noopener\">Urb. La Resina Golf 80, 29680, Estepona<\/a>\n<b>E-mail:<\/b> <a href=\"mailto:info@antaraproperties.com\">info@antaraproperties.com<\/a>\n<b>Tel\u00e9fono:<\/b> <a href=\"tel:+34611288444\">611288444<\/a>\n<b> P\u00e1gina Web<\/b>: www.antaraproperties.com\n<h3><b>OBJETO<\/b><\/h3>\nEl presente aviso legal recoge las condiciones generales que rigen el acceso y el uso de este sitio web, que el prestador pone a disposici\u00f3n de los usuarios en cumplimiento de lo dispuesto en Ley 34\/2002, de Servicios de la Sociedad de la Informaci\u00f3n y Comercio Electr\u00f3nico (LSSI-CE).\n\nToda persona que acceda a este sitio web asume el papel de usuario, y la utilizaci\u00f3n del portal implica la aceptaci\u00f3n de todas las condiciones incluidas en este aviso legal, comprometi\u00e9ndose el usuario a la observancia y cumplimiento riguroso de las disposiciones aqu\u00ed dispuestas, as\u00ed como a cualquier otra disposici\u00f3n legal que fuera de aplicaci\u00f3n.\n<h3><b>MODIFICACIONES<\/b><\/h3>\nEl prestador se reserva el derecho a modificar cualquier tipo de informaci\u00f3n que pudiera aparecer en el sitio web, sin que exista obligaci\u00f3n de preavisar o poner en conocimiento de los usuarios dichas obligaciones, entendi\u00e9ndose como suficiente con la publicaci\u00f3n en el sitio web del prestador.\n\nAsimismo, los presentes t\u00e9rminos y condiciones podr\u00e1n cambiar en cualquier momento, y las modificaciones entrar\u00e1n en vigor desde el momento de su publicaci\u00f3n.\n<h3><b>RESPONSABILIDAD<\/b><\/h3>\nCon los l\u00edmites establecidos en la Ley, el prestador no asume ninguna responsabilidad derivada de la falta de veracidad, integridad, actualizaci\u00f3n y precisi\u00f3n de los datos o informaciones que se contienen en su sitio web.\n\nLos contenidos e informaci\u00f3n del sitio web no vinculan al prestador, ni constituyen opiniones, consejos, o asesoramiento legal de ning\u00fan tipo, pues se trata de un servicio meramente informativo y divulgativo..\n\nLa p\u00e1gina web del prestador puede contener enlaces o links a otras p\u00e1ginas de terceras partes que el prestador no puede controlar, por lo que el prestador no asume ning\u00fan tipo de responsabilidad respecto a dichos contenidos. No obstante lo anterior, el prestador manifiesta que proceder\u00e1 a la retirada inmediata de cualquier contenido que pudiera contravenir la legislaci\u00f3n nacional o internacional, la moral o el orden p\u00fablico, procediendo a la retirada inmediata de la redirecci\u00f3n a dicho sitio web, poniendo en conocimiento de las autoridades competentes el contenido en cuesti\u00f3n.\n\nEl prestador no se hace responsable de la informaci\u00f3n y contenidos almacenados, a t\u00edtulo enunciativo pero no limitativo, en foros, chats, generadores de blogs, comentarios, redes sociales o cualquier otro medio que permita a terceros publicar contenidos de forma independiente en la p\u00e1gina web del prestador. No obstante, el prestador se pone a disposici\u00f3n de todos los usuarios, autoridades y fuerzas de seguridad, y colaborando de forma activa en la retirada o en su caso bloqueo de todos aquellos contenidos que pudieran afectar o contravenir la legislaci\u00f3n nacional, o internacional, derechos de terceros o la moral y el orden p\u00fablico. En caso de que el usuario considere que existe en el sitio web alg\u00fan contenido que pudiera ser susceptible de esta clasificaci\u00f3n se ruega lo notifique inmediatamente al prestador.\n\nEl usuario deber\u00e1, en todo caso, disponer de herramientas adecuadas para la detecci\u00f3n y desinfecci\u00f3n de programas inform\u00e1ticos da\u00f1inos, y el prestador no se responsabiliza de los da\u00f1os que pudieran ocasionarse en los equipos inform\u00e1ticos de los usuarios o de terceros durante la prestaci\u00f3n del servicio de la web.\n\nEl prestador no se responsabiliza de los da\u00f1os producidos en los equipos inform\u00e1ticos de los usuarios o de terceros durante la prestaci\u00f3n del servicio del portal. El acceso al portal no implica la obligaci\u00f3n por parte del prestador de controlar la ausencia de virus, gusanos o cualquier otro elemento inform\u00e1tico da\u00f1ino. Corresponde al usuario, en todo caso, la disponibilidad de herramientas adecuadas para la detecci\u00f3n y desinfecci\u00f3n de programas inform\u00e1ticos da\u00f1inos.\n\nEl sitio web est\u00e1 dise\u00f1ado para funcionar correctamente 365 d\u00edas al a\u00f1o, durante las 24 horas del d\u00eda, si bien el acceso a la web requiere de servicios y suministros de terceros cuya calidad, continuidad y funcionamiento no corresponde al prestador, y por lo tanto el prestador no se responsabiliza de los da\u00f1os o perjuicios de cualquier tipo producidos en el usuario que traigan causa en fallos o desconexiones en las redes de telecomunicaciones. Asimismo, el prestador se reserva el derecho de interrumpir el acceso a su sitio web o de cualquiera de sus contenidos en cualquier momento y sin previo aviso.\n<h3><b>PROPIEDAD INTELECTUAL E INDUSTRIAL<\/b><\/h3>\nEste sitio web y los contenidos que alberga se encuentran protegidos por la legislaci\u00f3n vigente en materia de propiedad intelectual. El sitio web, incluyendo a t\u00edtulo enunciativo pero no limitativo su programaci\u00f3n, software, edici\u00f3n, compilaci\u00f3n y dem\u00e1s elementos necesarios para su funcionamiento, as\u00ed como las marcas, nombres comerciales, dise\u00f1os, logotipos, texto y\/o gr\u00e1ficos son propiedad del prestador, o en su caso dispone de licencia o autorizaci\u00f3n expresa por parte de los autores. Queda expresamente prohibido cualquier acto de transmisi\u00f3n, distribuci\u00f3n, cesi\u00f3n, reproducci\u00f3n, almacenamiento o comunicaci\u00f3n p\u00fablica total o parcial.\n\nTodos los productos y servicios de estas p\u00e1ginas que no son propiedad del prestador son marcas registradas de sus respectivos propietarios y son reconocidas como tales nuestra organizaci\u00f3n. Solamente aparecen en la web a efectos de promoci\u00f3n y de recopilaci\u00f3n de informaci\u00f3n, y los propietarios pueden solicitar la modificaci\u00f3n o eliminaci\u00f3n de la informaci\u00f3n que les pertenece.\n<h3><b>OBLIGACI\u00d3N DE HACER UN USO CORRECTO DE LA WEB<\/b><\/h3>\nEl usuario se compromete a utilizar la web de conformidad a la Ley y al presente Aviso Legal, as\u00ed como a la moral y a buenas costumbres. A tal efecto, el usuario se abstendr\u00e1 de utilizar la p\u00e1gina con finalidades il\u00edcitas o prohibidas, lesivas de derechos e intereses de terceros, o de cualquier forma que pueda da\u00f1ar, inutilizar, sobrecargar, deteriorar o impedir la normal utilizaci\u00f3n de equipos inform\u00e1ticos o documentos, archivos y toda clase de contenidos almacenados en cualquier equipo inform\u00e1tico del prestador.\n\nEl usuario responder\u00e1 frente al prestador o frente a terceros, de cualesquiera da\u00f1os y perjuicios que pudieran causarse como consecuencia del incumplimiento de dicha obligaci\u00f3n.\n<h3><b>NAVEGACION WEB (COOKIES)<\/b><\/h3>\nThe website uses its own and third party cookies, and specific information on the use of cookies is provided in the link corresponding to \u00ab<b><a href=\"\/es\/politica-de-cookies\/\"><u>cookies policy<\/u><\/a><\/b>\u00bb on this website.\n<h3><b>PROTECCI\u00d3N DE DATOS<\/b><\/h3>\nPara la utilizaci\u00f3n de determinados contenidos o servicios, el prestador podr\u00e1 requerir al usuario ciertos datos de car\u00e1cter personal. En estos casos el prestador proporcionar\u00e1 al usuario la informaci\u00f3n necesaria para que, con car\u00e1cter previo, pueda prestar su consentimiento expreso al tratamiento de sus datos de car\u00e1cter personal.\n\nAsimismo, en cumplimiento del Reglamento General de Protecci\u00f3n de Datos (UE) 2016\/679 y normativa de aplicaci\u00f3n, le informamos que los datos por Ud. proporcionados ser\u00e1n tratados por ANTARA PROPERTIES, con la finalidad de ofrecerle y prestarle el servicio solicitado y enviarle la informaci\u00f3n requerida. La base legal para el tratamiento de sus datos es la ejecuci\u00f3n del servicio por Ud. solicitado y su fidelizaci\u00f3n como cliente, basado en su consentimiento. Todos los datos recogidos cuentan con el compromiso de confidencialidad, con las medidas de seguridad establecidas legalmente y bajo ning\u00fan concepto son cedidos o tratados por terceros sin el previo consentimiento del cliente, salvo en aquellos casos en que fuere imprescindible para la correcta prestaci\u00f3n del servicio o en los casos en que exista una obligaci\u00f3n legal. Los datos proporcionados se conservar\u00e1n mientras no nos solicite el cese de la actividad. Usted tiene el derecho a obtener informaci\u00f3n sobre si en ANTARA PROPERTIES estamos tratando sus datos personales, y por tanto tiene derecho a ejercer sus derechos de acceso, rectificaci\u00f3n, supresi\u00f3n y portabilidad de datos, y oposici\u00f3n y limitaci\u00f3n a su tratamiento ante Antara Property Management S.L., en adelante ANTARA PROPERTIES, con CIF 10672053, direcci\u00f3n en Urb. La Resina Golf 80, 29680, Estepona (M\u00e1laga) o en la direcci\u00f3n de correo electr\u00f3nico info@antaraproperties.com, adjuntando su DNI o documento equivalente. Del mismo modo, y especialmente si considera que no ha obtenido satisfacci\u00f3n plena en el ejercicio de sus derechos, podr\u00e1 presentar una reclamaci\u00f3n ante la autoridad nacional de control dirigi\u00e9ndose a estos efectos a la Agencia Espa\u00f1ola de Protecci\u00f3n de Datos, en C\/ Jorge Juan, n\u00ba 6 \u2013 28001 Madrid.\n<h3><b>LEY APLICABLE Y JURISDICCI\u00d3N<\/b><\/h3>\nLas partes se someten expresamente a la legislaci\u00f3n espa\u00f1ola y a los Juzgados y Tribunales de Marbella, para la resoluci\u00f3n de cualquier controversia o cuestiones relacionadas con el presente sitio web o de las actividades en \u00e9l desarrolladas, renunciando el usuario a cualquier otro fuero que pudiera corresponder.\t\t\t\t\t\t\t\t<\/div>\n\t\t\t\t<\/div>\n\t\t\t\t\t<\/div>\n\t\t<\/div>\n\t\t\t\t\t<\/div>\n\t\t<\/section>\n\t\t\t\t<\/div>\n\t\t","protected":false},"excerpt":{"rendered":"<p>Aviso Legal En cumplimiento del art\u00edculo 10 de la Ley 34\/2002 de Servicios de la Sociedad de la Informaci\u00f3n y Comercio Electr\u00f3nico, informamos al usuario de nuestros datos identificativos: TITULAR DE SITIO WEB Antara Property Management S.L. CIF: B10672053 Direcci\u00f3n:\u00a0Urb. La Resina Golf 80, 29680, Estepona E-mail: info@antaraproperties.com Tel\u00e9fono: 611288444 P\u00e1gina Web: www.antaraproperties.com OBJETO El presente aviso legal recoge las condiciones generales que rigen &#8230;<\/p>\n","protected":false},"author":1,"featured_media":0,"parent":0,"menu_order":0,"comment_status":"closed","ping_status":"closed","template":"elementor_header_footer","meta":{"footnotes":""},"class_list":["post-32662","page","type-page","status-publish","hentry"],"yoast_head":"<!-- This site is optimized with the Yoast SEO plugin v27.0 - https:\/\/yoast.com\/product\/yoast-seo-wordpress\/ -->\n<title>Aviso Legal - Antara Properties<\/title>\n<meta name=\"robots\" content=\"noindex, follow\" \/>\n<meta property=\"og:locale\" content=\"es_ES\" \/>\n<meta property=\"og:type\" content=\"article\" \/>\n<meta property=\"og:title\" content=\"Aviso Legal - Antara Properties\" \/>\n<meta property=\"og:description\" content=\"Aviso Legal En cumplimiento del art\u00edculo 10 de la Ley 34\/2002 de Servicios de la Sociedad de la Informaci\u00f3n y Comercio Electr\u00f3nico, informamos al usuario de nuestros datos identificativos: TITULAR DE SITIO WEB Antara Property Management S.L. CIF: B10672053 Direcci\u00f3n:\u00a0Urb. La Resina Golf 80, 29680, Estepona E-mail: info@antaraproperties.com Tel\u00e9fono: 611288444 P\u00e1gina Web: www.antaraproperties.com OBJETO El presente aviso legal recoge las condiciones generales que rigen ...\" \/>\n<meta property=\"og:url\" content=\"https:\/\/www.antaraproperties.com\/es\/aviso-legal\/\" \/>\n<meta property=\"og:site_name\" content=\"Antara Properties\" \/>\n<meta property=\"article:publisher\" content=\"https:\/\/www.facebook.com\/people\/Antara-Properties\/100065013463030\/\" \/>\n<meta property=\"article:modified_time\" content=\"2023-10-24T18:40:59+00:00\" \/>\n<meta property=\"og:image\" content=\"https:\/\/www.antaraproperties.com\/wp-content\/uploads\/2023\/06\/logo-antara-yoast.jpg\" \/>\n\t<meta property=\"og:image:width\" content=\"696\" \/>\n\t<meta property=\"og:image:height\" content=\"696\" \/>\n\t<meta property=\"og:image:type\" content=\"image\/jpeg\" \/>\n<meta name=\"twitter:card\" content=\"summary_large_image\" \/>\n<meta name=\"twitter:label1\" content=\"Tiempo de lectura\" \/>\n\t<meta name=\"twitter:data1\" content=\"7 minutos\" \/>\n<script type=\"application\/ld+json\" class=\"yoast-schema-graph\">{\"@context\":\"https:\/\/schema.org\",\"@graph\":[{\"@type\":\"WebPage\",\"@id\":\"https:\/\/www.antaraproperties.com\/es\/aviso-legal\/\",\"url\":\"https:\/\/www.antaraproperties.com\/es\/aviso-legal\/\",\"name\":\"Aviso Legal - Antara Properties\",\"isPartOf\":{\"@id\":\"https:\/\/www.antaraproperties.com\/es\/#website\"},\"datePublished\":\"2023-05-02T06:56:13+00:00\",\"dateModified\":\"2023-10-24T18:40:59+00:00\",\"breadcrumb\":{\"@id\":\"https:\/\/www.antaraproperties.com\/es\/aviso-legal\/#breadcrumb\"},\"inLanguage\":\"es\",\"potentialAction\":[{\"@type\":\"ReadAction\",\"target\":[\"https:\/\/www.antaraproperties.com\/es\/aviso-legal\/\"]}]},{\"@type\":\"BreadcrumbList\",\"@id\":\"https:\/\/www.antaraproperties.com\/es\/aviso-legal\/#breadcrumb\",\"itemListElement\":[{\"@type\":\"ListItem\",\"position\":1,\"name\":\"Home\",\"item\":\"https:\/\/www.antaraproperties.com\/es\/\"},{\"@type\":\"ListItem\",\"position\":2,\"name\":\"Aviso Legal\"}]},{\"@type\":\"WebSite\",\"@id\":\"https:\/\/www.antaraproperties.com\/es\/#website\",\"url\":\"https:\/\/www.antaraproperties.com\/es\/\",\"name\":\"Antara Properties\",\"description\":\"New property developments on the Costa Del Sol\",\"publisher\":{\"@id\":\"https:\/\/www.antaraproperties.com\/es\/#organization\"},\"potentialAction\":[{\"@type\":\"SearchAction\",\"target\":{\"@type\":\"EntryPoint\",\"urlTemplate\":\"https:\/\/www.antaraproperties.com\/es\/?s={search_term_string}\"},\"query-input\":{\"@type\":\"PropertyValueSpecification\",\"valueRequired\":true,\"valueName\":\"search_term_string\"}}],\"inLanguage\":\"es\"},{\"@type\":\"Organization\",\"@id\":\"https:\/\/www.antaraproperties.com\/es\/#organization\",\"name\":\"Antara Properties\",\"url\":\"https:\/\/www.antaraproperties.com\/es\/\",\"logo\":{\"@type\":\"ImageObject\",\"inLanguage\":\"es\",\"@id\":\"https:\/\/www.antaraproperties.com\/es\/#\/schema\/logo\/image\/\",\"url\":\"https:\/\/www.antaraproperties.com\/wp-content\/uploads\/2023\/06\/logo-antara-yoast.jpg\",\"contentUrl\":\"https:\/\/www.antaraproperties.com\/wp-content\/uploads\/2023\/06\/logo-antara-yoast.jpg\",\"width\":696,\"height\":696,\"caption\":\"Antara Properties\"},\"image\":{\"@id\":\"https:\/\/www.antaraproperties.com\/es\/#\/schema\/logo\/image\/\"},\"sameAs\":[\"https:\/\/www.facebook.com\/people\/Antara-Properties\/100065013463030\/\",\"https:\/\/www.instagram.com\/antara.properties\/?hl=es\"]}]}<\/script>\n<!-- \/ Yoast SEO plugin. -->","yoast_head_json":{"title":"Aviso Legal - Antara Properties","robots":{"index":"noindex","follow":"follow"},"og_locale":"es_ES","og_type":"article","og_title":"Aviso Legal - Antara Properties","og_description":"Aviso Legal En cumplimiento del art\u00edculo 10 de la Ley 34\/2002 de Servicios de la Sociedad de la Informaci\u00f3n y Comercio Electr\u00f3nico, informamos al usuario de nuestros datos identificativos: TITULAR DE SITIO WEB Antara Property Management S.L. CIF: B10672053 Direcci\u00f3n:\u00a0Urb. La Resina Golf 80, 29680, Estepona E-mail: info@antaraproperties.com Tel\u00e9fono: 611288444 P\u00e1gina Web: www.antaraproperties.com OBJETO El presente aviso legal recoge las condiciones generales que rigen ...","og_url":"https:\/\/www.antaraproperties.com\/es\/aviso-legal\/","og_site_name":"Antara Properties","article_publisher":"https:\/\/www.facebook.com\/people\/Antara-Properties\/100065013463030\/","article_modified_time":"2023-10-24T18:40:59+00:00","og_image":[{"width":696,"height":696,"url":"https:\/\/www.antaraproperties.com\/wp-content\/uploads\/2023\/06\/logo-antara-yoast.jpg","type":"image\/jpeg"}],"twitter_card":"summary_large_image","twitter_misc":{"Tiempo de lectura":"7 minutos"},"schema":{"@context":"https:\/\/schema.org","@graph":[{"@type":"WebPage","@id":"https:\/\/www.antaraproperties.com\/es\/aviso-legal\/","url":"https:\/\/www.antaraproperties.com\/es\/aviso-legal\/","name":"Aviso Legal - Antara Properties","isPartOf":{"@id":"https:\/\/www.antaraproperties.com\/es\/#website"},"datePublished":"2023-05-02T06:56:13+00:00","dateModified":"2023-10-24T18:40:59+00:00","breadcrumb":{"@id":"https:\/\/www.antaraproperties.com\/es\/aviso-legal\/#breadcrumb"},"inLanguage":"es","potentialAction":[{"@type":"ReadAction","target":["https:\/\/www.antaraproperties.com\/es\/aviso-legal\/"]}]},{"@type":"BreadcrumbList","@id":"https:\/\/www.antaraproperties.com\/es\/aviso-legal\/#breadcrumb","itemListElement":[{"@type":"ListItem","position":1,"name":"Home","item":"https:\/\/www.antaraproperties.com\/es\/"},{"@type":"ListItem","position":2,"name":"Aviso Legal"}]},{"@type":"WebSite","@id":"https:\/\/www.antaraproperties.com\/es\/#website","url":"https:\/\/www.antaraproperties.com\/es\/","name":"Antara Properties","description":"New property developments on the Costa Del Sol","publisher":{"@id":"https:\/\/www.antaraproperties.com\/es\/#organization"},"potentialAction":[{"@type":"SearchAction","target":{"@type":"EntryPoint","urlTemplate":"https:\/\/www.antaraproperties.com\/es\/?s={search_term_string}"},"query-input":{"@type":"PropertyValueSpecification","valueRequired":true,"valueName":"search_term_string"}}],"inLanguage":"es"},{"@type":"Organization","@id":"https:\/\/www.antaraproperties.com\/es\/#organization","name":"Antara Properties","url":"https:\/\/www.antaraproperties.com\/es\/","logo":{"@type":"ImageObject","inLanguage":"es","@id":"https:\/\/www.antaraproperties.com\/es\/#\/schema\/logo\/image\/","url":"https:\/\/www.antaraproperties.com\/wp-content\/uploads\/2023\/06\/logo-antara-yoast.jpg","contentUrl":"https:\/\/www.antaraproperties.com\/wp-content\/uploads\/2023\/06\/logo-antara-yoast.jpg","width":696,"height":696,"caption":"Antara Properties"},"image":{"@id":"https:\/\/www.antaraproperties.com\/es\/#\/schema\/logo\/image\/"},"sameAs":["https:\/\/www.facebook.com\/people\/Antara-Properties\/100065013463030\/","https:\/\/www.instagram.com\/antara.properties\/?hl=es"]}]}},"_links":{"self":[{"href":"https:\/\/www.antaraproperties.com\/es\/wp-json\/wp\/v2\/pages\/32662","targetHints":{"allow":["GET"]}}],"collection":[{"href":"https:\/\/www.antaraproperties.com\/es\/wp-json\/wp\/v2\/pages"}],"about":[{"href":"https:\/\/www.antaraproperties.com\/es\/wp-json\/wp\/v2\/types\/page"}],"author":[{"embeddable":true,"href":"https:\/\/www.antaraproperties.com\/es\/wp-json\/wp\/v2\/users\/1"}],"replies":[{"embeddable":true,"href":"https:\/\/www.antaraproperties.com\/es\/wp-json\/wp\/v2\/comments?post=32662"}],"version-history":[{"count":0,"href":"https:\/\/www.antaraproperties.com\/es\/wp-json\/wp\/v2\/pages\/32662\/revisions"}],"wp:attachment":[{"href":"https:\/\/www.antaraproperties.com\/es\/wp-json\/wp\/v2\/media?parent=32662"}],"curies":[{"name":"wp","href":"https:\/\/api.w.org\/{rel}","templated":true}]}}