{"id":32664,"date":"2023-05-03T07:50:03","date_gmt":"2023-05-03T07:50:03","guid":{"rendered":"https:\/\/www.antaraproperties.com\/politica-de-cookies\/"},"modified":"2023-10-09T12:31:20","modified_gmt":"2023-10-09T12:31:20","slug":"politica-de-cookies","status":"publish","type":"page","link":"https:\/\/www.antaraproperties.com\/es\/politica-de-cookies\/","title":{"rendered":"Pol\u00edtica de Cookies"},"content":{"rendered":"\t\t<div data-elementor-type=\"wp-page\" data-elementor-id=\"32664\" class=\"elementor elementor-32664 elementor-32250\" data-elementor-post-type=\"page\">\n\t\t\t\t\t\t<section class=\"elementor-section elementor-top-section elementor-element elementor-element-31936e3f animated-slow elementor-section-content-middle elementor-section-stretched elementor-section-boxed elementor-section-height-default elementor-section-height-default elementor-invisible\" data-id=\"31936e3f\" data-element_type=\"section\" data-e-type=\"section\" data-settings=\"{&quot;background_background&quot;:&quot;classic&quot;,&quot;animation&quot;:&quot;fadeIn&quot;,&quot;stretch_section&quot;:&quot;section-stretched&quot;}\">\n\t\t\t\t\t\t\t<div class=\"elementor-background-overlay\"><\/div>\n\t\t\t\t\t\t\t<div class=\"elementor-container elementor-column-gap-no\">\n\t\t\t\t\t<div class=\"elementor-column elementor-col-100 elementor-top-column elementor-element elementor-element-5a0e78e0\" data-id=\"5a0e78e0\" data-element_type=\"column\" data-e-type=\"column\" data-settings=\"{&quot;background_background&quot;:&quot;classic&quot;}\">\n\t\t\t<div class=\"elementor-widget-wrap elementor-element-populated\">\n\t\t\t\t\t\t<div class=\"elementor-element elementor-element-3c9de0ae elementor-widget elementor-widget-heading\" data-id=\"3c9de0ae\" data-element_type=\"widget\" data-e-type=\"widget\" data-widget_type=\"heading.default\">\n\t\t\t\t<div class=\"elementor-widget-container\">\n\t\t\t\t\t<h2 class=\"elementor-heading-title elementor-size-default\">Pol\u00edtica de Cookies<\/h2>\t\t\t\t<\/div>\n\t\t\t\t<\/div>\n\t\t\t\t\t<\/div>\n\t\t<\/div>\n\t\t\t\t\t<\/div>\n\t\t<\/section>\n\t\t\t\t<section class=\"elementor-section elementor-top-section elementor-element elementor-element-b611cc2 elementor-section-boxed elementor-section-height-default elementor-section-height-default\" data-id=\"b611cc2\" data-element_type=\"section\" data-e-type=\"section\">\n\t\t\t\t\t\t<div class=\"elementor-container elementor-column-gap-wider\">\n\t\t\t\t\t<div class=\"elementor-column elementor-col-100 elementor-top-column elementor-element elementor-element-f852d16\" data-id=\"f852d16\" data-element_type=\"column\" data-e-type=\"column\">\n\t\t\t<div class=\"elementor-widget-wrap elementor-element-populated\">\n\t\t\t\t\t\t<div class=\"elementor-element elementor-element-6eefbca elementor-widget__width-initial elementor-invisible elementor-widget elementor-widget-text-editor\" data-id=\"6eefbca\" data-element_type=\"widget\" data-e-type=\"widget\" data-settings=\"{&quot;_animation&quot;:&quot;fadeIn&quot;,&quot;_animation_delay&quot;:50}\" data-widget_type=\"text-editor.default\">\n\t\t\t\t<div class=\"elementor-widget-container\">\n\t\t\t\t\t\t\t\t\t<p>En este sitio web recogemos y utilizamos la informaci\u00f3n tal y como se indica en nuestra pol\u00edtica de privacidad, que puedes consultar en el enlace correspondiente de este sitio web.<\/p>\r\n<p>Adem\u00e1s, en ANTARA PROPERTIES le informamos sobre el uso de cookies en nuestra p\u00e1gina web:<\/p>\r\n<h3><b>\u00bfQU\u00c9 ES UNA COOKIE?<\/b><\/h3>\r\n<p>Una cookie es una peque\u00f1a cantidad de datos que se almacena en el navegador, tel\u00e9fono m\u00f3vil u otro dispositivo de acceso del usuario cuando navega por la mayor\u00eda de los sitios web. Son archivos que puedes descargar a tu ordenador a trav\u00e9s del sitio web.<\/p>\r\n<h3><b>\u00bfQU\u00c9 INFORMACI\u00d3N ALMACENA UNA COOKIE?<\/b><\/h3>\r\n<p>Las cookies almacenan datos t\u00e9cnicos, estad\u00edsticas, preferencias personales, personalizaci\u00f3n de contenidos,\u2026.<\/p>\r\n<p>El servidor web no te asocia a ti como persona, sino a tu navegador web.<\/p>\r\n<h3><b>\u00bfQU\u00c9 TIPOS DE COOKIES EXISTEN?<\/b><\/h3>\r\n<p><b>Seg\u00fan la finalidad para la que se traten los datos:<\/b><\/p>\r\n<ul>\r\n<li><b>Cookies t\u00e9cnicas:<\/b> Son las m\u00e1s elementales y permiten, entre otras cosas, saber cu\u00e1ndo est\u00e1 navegando un humano o una aplicaci\u00f3n automatizada, cu\u00e1ndo navega un usuario an\u00f3nimo y un usuario registrado, tareas b\u00e1sicas para el funcionamiento de cualquier web din\u00e1mica.<\/li>\r\n<li><b>Cookies de personalizaci\u00f3n:<\/b> Permiten al usuario acceder al servicio con algunas caracter\u00edsticas de car\u00e1cter general predefinidas en funci\u00f3n de una serie de criterios en el terminal del usuario.<\/li>\r\n<li><b>Cookies de an\u00e1lisis:<\/b> Recogen informaci\u00f3n sobre el tipo de navegaci\u00f3n que se realiza, las secciones m\u00e1s utilizadas, productos consultados, tiempo de uso, idioma,&#8230;<\/li>\r\n<li><b>Cookies publicitarias:<\/b> Muestran publicidad en funci\u00f3n de su navegaci\u00f3n, su pa\u00eds de procedencia, idioma,&#8230;<\/li>\r\n<li><b>Cookies de publicidad comportamental:<\/b> almacenan informaci\u00f3n del comportamiento de los usuarios obtenida a trav\u00e9s de la observaci\u00f3n continuada de sus h\u00e1bitos de navegaci\u00f3n.<\/li>\r\n<li><b>Cookies de redes sociales externas:<\/b> Se utilizan para que los visitantes puedan interactuar con el contenido de diferentes plataformas sociales y se generan para los usuarios de dichas redes.<\/li>\r\n<\/ul>\r\n<p><b>Dependiendo del tiempo que permanecen almacenados en el navegador:<\/b><\/p>\r\n<ul>\r\n<li><b>Cookies de sesi\u00f3n:<\/b> Para recoger y almacenar datos mientras el usuario accede a una p\u00e1gina web.<\/li>\r\n<li><b>Cookies persistentes:<\/b> Los datos permanecen almacenados en el terminal y pueden ser accedidos y tratados durante un periodo definido por el responsable de la cookie.<\/li>\r\n<\/ul><p><b>Seg\u00fan qui\u00e9n sea la entidad que gestione el dominio desde donde se env\u00edan las cookies:<\/b><\/p>\r\n<ul>\r\n<li><b>Cookies propias:<\/b> Son aquellas que se env\u00edan al equipo terminal del usuario desde un equipo o dominio gestionado por el propio editor y desde el que se presta el servicio solicitado.<\/li>\r\n<li><b>Cookies de terceros:<\/b> Aquellas que se env\u00edan al equipo terminal del usuario desde un dominio inform\u00e1tico no gestionado por el editor, sino por otra entidad que trata los datos obtenidos a trav\u00e9s de las cookies.<\/b> li>\r\n<\/ul>\r\n<h3><b>\u00bfQU\u00c9 COOKIES UTILIZAMOS?<\/b><\/h3>\r\n<p>ANTARA PROPERTIES utiliza las siguientes cookies:<\/p>\r\n<p>&#8211; Iniciar sesi\u00f3n. Permiten al usuario iniciar y cerrar sesi\u00f3n en la cuenta.<\/p>\r\n<p>&#8211; Personalizaci\u00f3n. Para recordar con qu\u00e9 personas o sitios ha interactuado el usuario.<\/p>\r\n<p>&#8211; Preferencias. Para recordar la configuraci\u00f3n y preferencias del usuario.<\/p>\r\n<p>&#8211; T\u00e9cnico. Para saber cuando el usuario est\u00e1 navegando.<\/p>\r\n<p>-Seguridad. Para evitar riesgos de seguridad.<\/p>\r\n<p>ANTARA PROPERTIES utiliza las siguientes cookies de terceros:<\/p>\r\n<p>&#8211; WORDPRESS, propiedad de la plataforma de alojamiento de blogs Automattic, Inc. Ver m\u00e1s informaci\u00f3n en su pol\u00edtica de cookies.<\/p>\r\n<p>&#8211; MAILCHIMP. Servicio de correo electr\u00f3nico masivo. The Rocket Science Group LLC d\/b\/a, con domicilio en EE.UU. (https:\/\/mailchimp.com).<\/p>\r\n<p>&#8211; AN\u00c1LISIS DE GOOGLE. Servicio de anal\u00edtica web. Google, Inc. 1600 Amphitheatre Parkway, Mountain View (California), CA 94043 (https:\/\/analytics.google.com).<\/p>\r\n<p>&#8211; DOBLE CLIC EN GOOGLE. Utiliza cookies para aumentar la relevancia de los anuncios relacionados con b\u00fasquedas recientes. Google, Inc. 1600 Amphitheatre Parkway, Mountain View (California), CA 94043 (https:\/\/doubleclickbygoogle.com).<\/p>\r\n<p>&#8211; Cookies de redes sociales: <br>cookies de Facebook. Ver m\u00e1s informaci\u00f3n en su pol\u00edtica de cookies.<br>Cookies de Twitter. Ver m\u00e1s informaci\u00f3n en su pol\u00edtica de cookies.<br>Cookies de Instagram. Ver m\u00e1s informaci\u00f3n en su pol\u00edtica de cookies.<br>Cookies de Google+. Ver m\u00e1s informaci\u00f3n en su pol\u00edtica de cookies.<br>Cookies de Youtube. Ver m\u00e1s informaci\u00f3n en su pol\u00edtica de cookies.<\/p>\r\n<h3><b>\u00bfC\u00d3MO MODIFICAR LA CONFIGURACI\u00d3N DE COOKIES?<\/b><\/h3>\r\n<p>Las cookies instaladas en el ordenador del usuario pueden permitirse, bloquearse o eliminarse mediante la configuraci\u00f3n de las opciones del navegador instalado en su ordenador. Al deshabilitar las cookies es posible que algunos de los servicios disponibles dejen de estar operativos.<\/p>\r\n<p>El usuario podr\u00e1 en cualquier momento elegir qu\u00e9 cookies quiere que funcionen en este sitio web.<\/p>\r\n<p>La forma de desactivar las cookies es diferente para cada navegador, pero normalmente se puede hacer desde el men\u00fa Herramientas u Opciones, y tambi\u00e9n puedes consultar el men\u00fa Ayuda del navegador para obtener instrucciones.<\/p>\r\n<p>El usuario puede permitir, bloquear o eliminar las cookies instaladas en su equipo:<\/p>\r\n<p>&#8211; Chrome, desde:<br>http:\/\/support.google.com\/chrome\/bin\/answer.py?hl=es&amp;answer=95647<\/p>\r\n<p>&#8211; Explorador, desde:<br>https:\/\/support.microsoft.com\/en-us\/help\/17442\/windows-internet-explorer-delete-manage-cookies#ie=ie-10<\/p>\r\n<p>&#8211; Firefox, desde:<br>https:\/\/support.mozilla.org\/es\/kb\/habilitar-y-deshabilitar-coolies-sitios-web-rastrear-preferencias?redirectlocale=es&amp;redirectslug=habilitar-y -deshabilitar-cookies-que-los-sitios-nosotros<\/p>\r\n<p>&#8211; Safari, desde:<br>https:\/\/support.apple.com\/es-es\/HT201265<\/p>\r\n<p>&#8211; Microsoft Internet Explorer o Microsoft Edge, desde:<br>https:\/\/windows.microsoft.com\/es-es\/windows-vista\/Block-or-allow-cookies<\/p>\r\n<p>&#8211; Opera, desde:<br>https:\/\/help.opera.com\/linux\/10.0\/es-ES\/cookies.html<\/p>\r\n<p>Adem\u00e1s, el usuario tambi\u00e9n puede gestionar el almacenamiento de cookies en su navegador a trav\u00e9s de herramientas como:<\/p>\r\n<p>&#8211; Fantasma: www.ghostery.com\/<\/p>\r\n<p>&#8211; Tus opciones online: www.youronlinechoices.com\/es\/<\/p>\r\n<h3><b>M\u00c1S INFORMACI\u00d3N SOBRE LAS COOKIES<\/b><\/h3>\r\n<p>El usuario puede consultar la regulaci\u00f3n sobre cookies publicada por la Agencia Espa\u00f1ola de Protecci\u00f3n de Datos en su Gu\u00eda sobre el uso de cookies y obtener m\u00e1s informaci\u00f3n en Internet.<\/p>\r\n<p>Si desea obtener m\u00e1s informaci\u00f3n sobre c\u00f3mo utilizamos las cookies puede enviarnos un correo electr\u00f3nico a sergio@iturbeproperties.com.<\/p>\r\n<h3><b>ACTUALIZACI\u00d3N Y CAMBIOS EN LA POL\u00cdTICA DE COOKIES<\/b><\/h3>\r\n<p>ANTARA PROPERTIES<br>se reserva el derecho de modificar esta pol\u00edtica de cookies en funci\u00f3n de nuevas exigencias legislativas, reglamentarias, o con la finalidad de adaptar esta pol\u00edtica a las instrucciones dictadas por la Agencia Espa\u00f1ola de Protecci\u00f3n de Datos.<\/p>\r\n<h3><b>ACEPTACI\u00d3N DE LA POL\u00cdTICA DE COOKIES<\/b><\/h3>\r\n<p>Ante esta informaci\u00f3n, el usuario puede realizar las siguientes acciones:<\/p>\r\n<p>&#8211; Aceptar cookies: No se volver\u00e1 a mostrar este aviso al acceder a cualquier p\u00e1gina del portal durante la sesi\u00f3n.<\/p>\r\n<p>&#8211; Cerrar. La advertencia est\u00e1 oculta en esta p\u00e1gina.<\/p>\r\n<p>&#8211; Modifica tu configuraci\u00f3n. Puede obtener m\u00e1s informaci\u00f3n sobre qu\u00e9 son las cookies, conocer la pol\u00edtica de cookies y modificar la configuraci\u00f3n de su navegador.<\/p>\t\t\t\t\t\t\t\t<\/div>\n\t\t\t\t<\/div>\n\t\t\t\t\t<\/div>\n\t\t<\/div>\n\t\t\t\t\t<\/div>\n\t\t<\/section>\n\t\t\t\t<\/div>\n\t\t","protected":false},"excerpt":{"rendered":"<p>Pol\u00edtica de Cookies En este sitio web recogemos y utilizamos la informaci\u00f3n tal y como se indica en nuestra pol\u00edtica de privacidad, que puedes consultar en el enlace correspondiente de este sitio web. Adem\u00e1s, en ANTARA PROPERTIES le informamos sobre el uso de cookies en nuestra p\u00e1gina web: \u00bfQU\u00c9 ES UNA COOKIE? Una cookie es una peque\u00f1a cantidad de datos que se almacena en &#8230;<\/p>\n","protected":false},"author":1,"featured_media":0,"parent":0,"menu_order":0,"comment_status":"closed","ping_status":"closed","template":"elementor_header_footer","meta":{"footnotes":""},"class_list":["post-32664","page","type-page","status-publish","hentry"],"yoast_head":"<!-- This site is optimized with the Yoast SEO plugin v27.0 - https:\/\/yoast.com\/product\/yoast-seo-wordpress\/ -->\n<title>Pol\u00edtica de Cookies - Antara Properties<\/title>\n<meta name=\"robots\" content=\"noindex, follow\" \/>\n<meta property=\"og:locale\" content=\"es_ES\" \/>\n<meta property=\"og:type\" content=\"article\" \/>\n<meta property=\"og:title\" content=\"Pol\u00edtica de Cookies - Antara Properties\" \/>\n<meta property=\"og:description\" content=\"Pol\u00edtica de Cookies En este sitio web recogemos y utilizamos la informaci\u00f3n tal y como se indica en nuestra pol\u00edtica de privacidad, que puedes consultar en el enlace correspondiente de este sitio web. Adem\u00e1s, en ANTARA PROPERTIES le informamos sobre el uso de cookies en nuestra p\u00e1gina web: \u00bfQU\u00c9 ES UNA COOKIE? Una cookie es una peque\u00f1a cantidad de datos que se almacena en ...\" \/>\n<meta property=\"og:url\" content=\"https:\/\/www.antaraproperties.com\/es\/politica-de-cookies\/\" \/>\n<meta property=\"og:site_name\" content=\"Antara Properties\" \/>\n<meta property=\"article:publisher\" content=\"https:\/\/www.facebook.com\/people\/Antara-Properties\/100065013463030\/\" \/>\n<meta property=\"article:modified_time\" content=\"2023-10-09T12:31:20+00:00\" \/>\n<meta property=\"og:image\" content=\"https:\/\/www.antaraproperties.com\/wp-content\/uploads\/2023\/06\/logo-antara-yoast.jpg\" \/>\n\t<meta property=\"og:image:width\" content=\"696\" \/>\n\t<meta property=\"og:image:height\" content=\"696\" \/>\n\t<meta property=\"og:image:type\" content=\"image\/jpeg\" \/>\n<meta name=\"twitter:card\" content=\"summary_large_image\" \/>\n<meta name=\"twitter:label1\" content=\"Tiempo de lectura\" \/>\n\t<meta name=\"twitter:data1\" content=\"6 minutos\" \/>\n<script type=\"application\/ld+json\" class=\"yoast-schema-graph\">{\"@context\":\"https:\/\/schema.org\",\"@graph\":[{\"@type\":\"WebPage\",\"@id\":\"https:\/\/www.antaraproperties.com\/es\/politica-de-cookies\/\",\"url\":\"https:\/\/www.antaraproperties.com\/es\/politica-de-cookies\/\",\"name\":\"Pol\u00edtica de Cookies - Antara Properties\",\"isPartOf\":{\"@id\":\"https:\/\/www.antaraproperties.com\/es\/#website\"},\"datePublished\":\"2023-05-03T07:50:03+00:00\",\"dateModified\":\"2023-10-09T12:31:20+00:00\",\"breadcrumb\":{\"@id\":\"https:\/\/www.antaraproperties.com\/es\/politica-de-cookies\/#breadcrumb\"},\"inLanguage\":\"es\",\"potentialAction\":[{\"@type\":\"ReadAction\",\"target\":[\"https:\/\/www.antaraproperties.com\/es\/politica-de-cookies\/\"]}]},{\"@type\":\"BreadcrumbList\",\"@id\":\"https:\/\/www.antaraproperties.com\/es\/politica-de-cookies\/#breadcrumb\",\"itemListElement\":[{\"@type\":\"ListItem\",\"position\":1,\"name\":\"Home\",\"item\":\"https:\/\/www.antaraproperties.com\/es\/\"},{\"@type\":\"ListItem\",\"position\":2,\"name\":\"Pol\u00edtica de Cookies\"}]},{\"@type\":\"WebSite\",\"@id\":\"https:\/\/www.antaraproperties.com\/es\/#website\",\"url\":\"https:\/\/www.antaraproperties.com\/es\/\",\"name\":\"Antara Properties\",\"description\":\"New property developments on the Costa Del Sol\",\"publisher\":{\"@id\":\"https:\/\/www.antaraproperties.com\/es\/#organization\"},\"potentialAction\":[{\"@type\":\"SearchAction\",\"target\":{\"@type\":\"EntryPoint\",\"urlTemplate\":\"https:\/\/www.antaraproperties.com\/es\/?s={search_term_string}\"},\"query-input\":{\"@type\":\"PropertyValueSpecification\",\"valueRequired\":true,\"valueName\":\"search_term_string\"}}],\"inLanguage\":\"es\"},{\"@type\":\"Organization\",\"@id\":\"https:\/\/www.antaraproperties.com\/es\/#organization\",\"name\":\"Antara Properties\",\"url\":\"https:\/\/www.antaraproperties.com\/es\/\",\"logo\":{\"@type\":\"ImageObject\",\"inLanguage\":\"es\",\"@id\":\"https:\/\/www.antaraproperties.com\/es\/#\/schema\/logo\/image\/\",\"url\":\"https:\/\/www.antaraproperties.com\/wp-content\/uploads\/2023\/06\/logo-antara-yoast.jpg\",\"contentUrl\":\"https:\/\/www.antaraproperties.com\/wp-content\/uploads\/2023\/06\/logo-antara-yoast.jpg\",\"width\":696,\"height\":696,\"caption\":\"Antara Properties\"},\"image\":{\"@id\":\"https:\/\/www.antaraproperties.com\/es\/#\/schema\/logo\/image\/\"},\"sameAs\":[\"https:\/\/www.facebook.com\/people\/Antara-Properties\/100065013463030\/\",\"https:\/\/www.instagram.com\/antara.properties\/?hl=es\"]}]}<\/script>\n<!-- \/ Yoast SEO plugin. -->","yoast_head_json":{"title":"Pol\u00edtica de Cookies - Antara Properties","robots":{"index":"noindex","follow":"follow"},"og_locale":"es_ES","og_type":"article","og_title":"Pol\u00edtica de Cookies - Antara Properties","og_description":"Pol\u00edtica de Cookies En este sitio web recogemos y utilizamos la informaci\u00f3n tal y como se indica en nuestra pol\u00edtica de privacidad, que puedes consultar en el enlace correspondiente de este sitio web. Adem\u00e1s, en ANTARA PROPERTIES le informamos sobre el uso de cookies en nuestra p\u00e1gina web: \u00bfQU\u00c9 ES UNA COOKIE? Una cookie es una peque\u00f1a cantidad de datos que se almacena en ...","og_url":"https:\/\/www.antaraproperties.com\/es\/politica-de-cookies\/","og_site_name":"Antara Properties","article_publisher":"https:\/\/www.facebook.com\/people\/Antara-Properties\/100065013463030\/","article_modified_time":"2023-10-09T12:31:20+00:00","og_image":[{"width":696,"height":696,"url":"https:\/\/www.antaraproperties.com\/wp-content\/uploads\/2023\/06\/logo-antara-yoast.jpg","type":"image\/jpeg"}],"twitter_card":"summary_large_image","twitter_misc":{"Tiempo de lectura":"6 minutos"},"schema":{"@context":"https:\/\/schema.org","@graph":[{"@type":"WebPage","@id":"https:\/\/www.antaraproperties.com\/es\/politica-de-cookies\/","url":"https:\/\/www.antaraproperties.com\/es\/politica-de-cookies\/","name":"Pol\u00edtica de Cookies - Antara Properties","isPartOf":{"@id":"https:\/\/www.antaraproperties.com\/es\/#website"},"datePublished":"2023-05-03T07:50:03+00:00","dateModified":"2023-10-09T12:31:20+00:00","breadcrumb":{"@id":"https:\/\/www.antaraproperties.com\/es\/politica-de-cookies\/#breadcrumb"},"inLanguage":"es","potentialAction":[{"@type":"ReadAction","target":["https:\/\/www.antaraproperties.com\/es\/politica-de-cookies\/"]}]},{"@type":"BreadcrumbList","@id":"https:\/\/www.antaraproperties.com\/es\/politica-de-cookies\/#breadcrumb","itemListElement":[{"@type":"ListItem","position":1,"name":"Home","item":"https:\/\/www.antaraproperties.com\/es\/"},{"@type":"ListItem","position":2,"name":"Pol\u00edtica de Cookies"}]},{"@type":"WebSite","@id":"https:\/\/www.antaraproperties.com\/es\/#website","url":"https:\/\/www.antaraproperties.com\/es\/","name":"Antara Properties","description":"New property developments on the Costa Del Sol","publisher":{"@id":"https:\/\/www.antaraproperties.com\/es\/#organization"},"potentialAction":[{"@type":"SearchAction","target":{"@type":"EntryPoint","urlTemplate":"https:\/\/www.antaraproperties.com\/es\/?s={search_term_string}"},"query-input":{"@type":"PropertyValueSpecification","valueRequired":true,"valueName":"search_term_string"}}],"inLanguage":"es"},{"@type":"Organization","@id":"https:\/\/www.antaraproperties.com\/es\/#organization","name":"Antara Properties","url":"https:\/\/www.antaraproperties.com\/es\/","logo":{"@type":"ImageObject","inLanguage":"es","@id":"https:\/\/www.antaraproperties.com\/es\/#\/schema\/logo\/image\/","url":"https:\/\/www.antaraproperties.com\/wp-content\/uploads\/2023\/06\/logo-antara-yoast.jpg","contentUrl":"https:\/\/www.antaraproperties.com\/wp-content\/uploads\/2023\/06\/logo-antara-yoast.jpg","width":696,"height":696,"caption":"Antara Properties"},"image":{"@id":"https:\/\/www.antaraproperties.com\/es\/#\/schema\/logo\/image\/"},"sameAs":["https:\/\/www.facebook.com\/people\/Antara-Properties\/100065013463030\/","https:\/\/www.instagram.com\/antara.properties\/?hl=es"]}]}},"_links":{"self":[{"href":"https:\/\/www.antaraproperties.com\/es\/wp-json\/wp\/v2\/pages\/32664","targetHints":{"allow":["GET"]}}],"collection":[{"href":"https:\/\/www.antaraproperties.com\/es\/wp-json\/wp\/v2\/pages"}],"about":[{"href":"https:\/\/www.antaraproperties.com\/es\/wp-json\/wp\/v2\/types\/page"}],"author":[{"embeddable":true,"href":"https:\/\/www.antaraproperties.com\/es\/wp-json\/wp\/v2\/users\/1"}],"replies":[{"embeddable":true,"href":"https:\/\/www.antaraproperties.com\/es\/wp-json\/wp\/v2\/comments?post=32664"}],"version-history":[{"count":0,"href":"https:\/\/www.antaraproperties.com\/es\/wp-json\/wp\/v2\/pages\/32664\/revisions"}],"wp:attachment":[{"href":"https:\/\/www.antaraproperties.com\/es\/wp-json\/wp\/v2\/media?parent=32664"}],"curies":[{"name":"wp","href":"https:\/\/api.w.org\/{rel}","templated":true}]}}