{"id":32724,"date":"2023-05-03T07:50:03","date_gmt":"2023-05-03T07:50:03","guid":{"rendered":"https:\/\/www.antaraproperties.com\/cookies-policy\/"},"modified":"2023-10-09T13:59:39","modified_gmt":"2023-10-09T13:59:39","slug":"cookies-policy","status":"publish","type":"page","link":"https:\/\/www.antaraproperties.com\/fr\/cookies-policy\/","title":{"rendered":"Politique des cookies"},"content":{"rendered":"\t\t<div data-elementor-type=\"wp-page\" data-elementor-id=\"32724\" class=\"elementor elementor-32724 elementor-32250\" data-elementor-post-type=\"page\">\n\t\t\t\t\t\t<section class=\"elementor-section elementor-top-section elementor-element elementor-element-31936e3f animated-slow elementor-section-content-middle elementor-section-stretched elementor-section-boxed elementor-section-height-default elementor-section-height-default elementor-invisible\" data-id=\"31936e3f\" data-element_type=\"section\" data-e-type=\"section\" data-settings=\"{&quot;background_background&quot;:&quot;classic&quot;,&quot;animation&quot;:&quot;fadeIn&quot;,&quot;stretch_section&quot;:&quot;section-stretched&quot;}\">\n\t\t\t\t\t\t\t<div class=\"elementor-background-overlay\"><\/div>\n\t\t\t\t\t\t\t<div class=\"elementor-container elementor-column-gap-no\">\n\t\t\t\t\t<div class=\"elementor-column elementor-col-100 elementor-top-column elementor-element elementor-element-5a0e78e0\" data-id=\"5a0e78e0\" data-element_type=\"column\" data-e-type=\"column\" data-settings=\"{&quot;background_background&quot;:&quot;classic&quot;}\">\n\t\t\t<div class=\"elementor-widget-wrap elementor-element-populated\">\n\t\t\t\t\t\t<div class=\"elementor-element elementor-element-3c9de0ae elementor-widget elementor-widget-heading\" data-id=\"3c9de0ae\" data-element_type=\"widget\" data-e-type=\"widget\" data-widget_type=\"heading.default\">\n\t\t\t\t<div class=\"elementor-widget-container\">\n\t\t\t\t\t<h2 class=\"elementor-heading-title elementor-size-default\">Politique des cookies<\/h2>\t\t\t\t<\/div>\n\t\t\t\t<\/div>\n\t\t\t\t\t<\/div>\n\t\t<\/div>\n\t\t\t\t\t<\/div>\n\t\t<\/section>\n\t\t\t\t<section class=\"elementor-section elementor-top-section elementor-element elementor-element-b611cc2 elementor-section-boxed elementor-section-height-default elementor-section-height-default\" data-id=\"b611cc2\" data-element_type=\"section\" data-e-type=\"section\">\n\t\t\t\t\t\t<div class=\"elementor-container elementor-column-gap-wider\">\n\t\t\t\t\t<div class=\"elementor-column elementor-col-100 elementor-top-column elementor-element elementor-element-f852d16\" data-id=\"f852d16\" data-element_type=\"column\" data-e-type=\"column\">\n\t\t\t<div class=\"elementor-widget-wrap elementor-element-populated\">\n\t\t\t\t\t\t<div class=\"elementor-element elementor-element-6eefbca elementor-widget__width-initial elementor-invisible elementor-widget elementor-widget-text-editor\" data-id=\"6eefbca\" data-element_type=\"widget\" data-e-type=\"widget\" data-settings=\"{&quot;_animation&quot;:&quot;fadeIn&quot;,&quot;_animation_delay&quot;:50}\" data-widget_type=\"text-editor.default\">\n\t\t\t\t<div class=\"elementor-widget-container\">\n\t\t\t\t\t\t\t\t\tSur ce site Web, nous collectons et utilisons les informations comme indiqu\u00e9 dans notre politique de confidentialit\u00e9, que vous pouvez consulter dans le lien correspondant de ce site Web.\r\n\r\nDe plus, chez ANTARA PROPERTIES nous vous informons de l&rsquo;utilisation de cookies sur notre site Internet :\r\n<h3><b>QU&rsquo;EST-CE QU&rsquo;UN COOKIE\u00a0?<\/b><\/h3>\r\nUn cookie est une petite quantit\u00e9 de donn\u00e9es stock\u00e9e dans le navigateur, le t\u00e9l\u00e9phone portable ou tout autre appareil d&rsquo;acc\u00e8s de l&rsquo;utilisateur lors de la navigation sur la plupart des sites Web. Ce sont des fichiers qui peuvent \u00eatre t\u00e9l\u00e9charg\u00e9s sur votre ordinateur via le site Web.\r\n<h3><b>QUELLES INFORMATIONS UN COOKIE STOCKE-T-IL\u00a0?<\/b><\/h3>\r\nLes cookies stockent des donn\u00e9es techniques, des statistiques, des pr\u00e9f\u00e9rences personnelles, la personnalisation du contenu,&#8230;.\r\n\r\nLe serveur Web ne vous associe pas en tant que personne, mais \u00e0 votre navigateur Web.\r\n<h3><b>QUELS TYPES DE COOKIES EXISTE-T-IL\u00a0?<\/b><\/h3>\r\n<b>En fonction de la finalit\u00e9 pour laquelle les donn\u00e9es sont trait\u00e9es\u00a0:<\/b>\r\n<ul>\r\n \t<li><b>Cookies techniques\u00a0:<\/b> Ce sont les plus \u00e9l\u00e9mentaires et permettent, entre autres, de savoir quand un humain ou une application automatis\u00e9e navigue, quand un utilisateur anonyme et un utilisateur enregistr\u00e9 naviguent, des t\u00e2ches de base pour le fonctionnement de tout web dynamique.<\/li>\r\n \t<li><b>Cookies de personnalisation\u00a0:<\/b> ils permettent \u00e0 l&rsquo;utilisateur d&rsquo;acc\u00e9der au service avec certaines caract\u00e9ristiques g\u00e9n\u00e9rales pr\u00e9d\u00e9finies selon une s\u00e9rie de crit\u00e8res dans le terminal de l&rsquo;utilisateur.<\/li>\r\n \t<li><b>Cookies d&rsquo;analyse\u00a0:<\/b> Collectent des informations sur le type de navigation effectu\u00e9e, les sections les plus utilis\u00e9es, les produits consult\u00e9s, le moment de l&rsquo;utilisation, la langue, &#8230;<\/li>\r\n \t<li><b>Cookies publicitaires\u00a0:<\/b> ils diffusent des publicit\u00e9s en fonction de votre navigation, de votre pays d&rsquo;origine, de votre langue,&#8230;<\/li>\r\n \t<li><b>Cookies de publicit\u00e9 comportementale\u00a0:<\/b> stockent des informations sur le comportement des utilisateurs obtenues gr\u00e2ce \u00e0 l&rsquo;observation continue de leurs habitudes de navigation.<\/li>\r\n \t<li><b>Cookies de r\u00e9seaux sociaux externes\u00a0:<\/b> ils sont utilis\u00e9s pour que les visiteurs puissent interagir avec le contenu de diff\u00e9rentes plateformes sociales et sont g\u00e9n\u00e9r\u00e9s pour les utilisateurs de ces r\u00e9seaux.<\/li>\r\n<\/ul>\r\n<b>En fonction de la dur\u00e9e pendant laquelle ils restent stock\u00e9s dans le navigateur\u00a0:<\/b>\r\n<ul>\r\n \t<li><b>Cookies de session\u00a0:<\/b> pour collecter et stocker des donn\u00e9es lorsque l&rsquo;utilisateur acc\u00e8de \u00e0 une page Web.<\/li>\r\n \t<li><b>Cookies persistants\u00a0:<\/b> Les donn\u00e9es restent stock\u00e9es dans le terminal et peuvent \u00eatre consult\u00e9es et trait\u00e9es pendant une dur\u00e9e d\u00e9finie par le responsable du cookie.<\/li>\r\n<\/ul>\r\n<b>En fonction de l&rsquo;entit\u00e9 qui g\u00e8re le domaine \u00e0 partir duquel les cookies sont envoy\u00e9s\u00a0:<\/b>\r\n<ul>\r\n \t<li><b>Cookies propres\u00a0:<\/b> ceux qui sont envoy\u00e9s \u00e0 l&rsquo;\u00e9quipement terminal de l&rsquo;utilisateur \u00e0 partir d&rsquo;un ordinateur ou d&rsquo;un domaine g\u00e9r\u00e9 par l&rsquo;\u00e9diteur lui-m\u00eame et \u00e0 partir duquel le service demand\u00e9 est fourni.<\/li>\r\n \t<li><b>Cookies tiers\u00a0:<\/b> ceux qui sont envoy\u00e9s \u00e0 l&rsquo;\u00e9quipement terminal de l&rsquo;utilisateur \u00e0 partir d&rsquo;un domaine informatique qui n&rsquo;est pas g\u00e9r\u00e9 par l&rsquo;\u00e9diteur, mais par une autre entit\u00e9 qui traite les donn\u00e9es obtenues via les cookies.&lt;\/ li&gt;<\/li>\r\n<\/ul>\r\n<h3><b>QUELS COOKIES UTILISONS-NOUS\u00a0?<\/b><\/h3>\r\nANTARA PROPERTIES utilise les cookies suivants :\r\n&#8211; Se connecter. Ils permettent \u00e0 l&rsquo;utilisateur de se connecter et de se d\u00e9connecter du compte.\r\n\r\n&#8211; Personnalisation. Pour m\u00e9moriser les personnes ou les sites avec lesquels l&rsquo;utilisateur a interagi.\r\n\r\n&#8211; Pr\u00e9f\u00e9rences. Pour m\u00e9moriser les param\u00e8tres et pr\u00e9f\u00e9rences de l&rsquo;utilisateur.\r\n\r\n&#8211; Technique. Pour savoir quand l&rsquo;utilisateur navigue.\r\n\r\n&#8211; S\u00e9curit\u00e9. Pour \u00e9viter les risques de s\u00e9curit\u00e9.\r\n\r\nANTARA PROPERTIES utilise les cookies tiers suivants :\r\n\r\n&#8211; WORDPRESS, propri\u00e9t\u00e9 de la plateforme d&rsquo;h\u00e9bergement de blogs Automattic, Inc. Voir plus d&rsquo;informations dans sa politique de cookies.\r\n\r\n-MAILCHIMP. Service de courrier \u00e9lectronique en masse. The Rocket Science Group LLC d\/b\/a, domicili\u00e9 aux \u00c9tats-Unis (https:\/\/mailchimp.com).\r\n\r\n&#8211; GOOGLE ANALYTICS. Service d&rsquo;analyse Web. Google, Inc. 1600 Amphitheatre Parkway, Mountain View (Californie), CA 94043 (https:\/\/analytics.google.com).\r\n\r\n&#8211; DOUBLE-CLIQUEZ PAR GOOGLE. Utilise des cookies pour augmenter la pertinence des annonces li\u00e9es aux recherches r\u00e9centes. Google, Inc. 1600 Amphitheatre Parkway, Mountain View (Californie), CA 94043 (https:\/\/doubleclickbygoogle.com).\r\n\r\n&#8211; Cookies de r\u00e9seaux sociaux :\r\nCookies Facebook. Voir plus d\u2019informations dans leur politique en mati\u00e8re de cookies.\r\nCookies Twitter. Voir plus d\u2019informations dans leur politique en mati\u00e8re de cookies.\r\nLes cookies Instagram. Voir plus d&rsquo;informations dans sa politique de cookies.\r\nCookies Google+. Voir plus d&rsquo;informations dans sa politique de cookies.\r\nCookies YouTube. Voir plus d&rsquo;informations dans sa politique de cookies.\r\n<h3><b>COMMENT MODIFIER LA CONFIGURATION DES COOKIES ?<\/b><\/h3>\r\nLes cookies install\u00e9s sur l&rsquo;ordinateur de l&rsquo;utilisateur peuvent \u00eatre autoris\u00e9s, bloqu\u00e9s ou supprim\u00e9s en configurant les options du navigateur install\u00e9 sur votre ordinateur. En d\u00e9sactivant les cookies, certains des services disponibles peuvent ne plus \u00eatre op\u00e9rationnels.\r\n\r\nL&rsquo;utilisateur peut \u00e0 tout moment choisir les cookies qu&rsquo;il souhaite op\u00e9rer sur ce site Internet.\r\n\r\nLa mani\u00e8re de d\u00e9sactiver les cookies est diff\u00e9rente pour chaque navigateur, mais peut g\u00e9n\u00e9ralement \u00eatre effectu\u00e9e \u00e0 partir du menu Outils ou Options, et vous pouvez \u00e9galement consulter le menu Aide du navigateur pour obtenir des instructions.\r\n\r\nL&rsquo;utilisateur peut autoriser, bloquer ou supprimer les cookies install\u00e9s sur votre ordinateur :\r\n\r\n&#8211;\u00a0Chrome, depuis\u00a0:\r\nhttp:\/\/support.google.com\/chrome\/bin\/answer.py?hl=es&answer=95647\r\n&#8211; Explorateur, de\u00a0:\r\nhttps:\/\/support.microsoft.com\/en-us\/help\/17442\/windows-internet-explorer-delete-manage-cookies#ie=ie-10\r\n\r\n&#8211; Firefox, depuis :\r\nhttps:\/\/support.mozilla.org\/es\/kb\/habilitar-y-deshabilitar-coolies-sitios-web-rastrear-preferences?redirectlocale=es&amp;redirectslug=habilitar-y-deshabilitar-cookies-que-los-sitios- nous\r\n\r\n&#8211; Safari, puisque :\r\nhttps:\/\/support.apple.com\/es-es\/HT201265\r\n\r\n&#8211; Microsoft Internet Explorer ou Microsoft Edge, depuis :\r\nhttps:\/\/windows.microsoft.com\/es-es\/windows-vista\/Block-or-allow-cookies\r\n\r\n&#8211; Op\u00e9ra, de :\r\nhttps:\/\/help.opera.com\/linux\/10.0\/es-ES\/cookies.html\r\n\r\nPar ailleurs, l&rsquo;utilisateur peut \u00e9galement g\u00e9rer le stockage des cookies dans son navigateur gr\u00e2ce \u00e0 des outils tels que :\r\n\r\n&#8211; Fant\u00f4me\u00a0: www.ghostery.com\/\r\n\r\n&#8211; Vos choix en ligne : www.youronlinechoices.com\/es\/\r\n<h3><b>PLUS D&rsquo;INFORMATIONS SUR LES COOKIES<\/b><\/h3>\r\nL&rsquo;utilisateur peut consulter la r\u00e9glementation sur les cookies publi\u00e9e par l&rsquo;Agence espagnole de protection des donn\u00e9es dans son Guide d&rsquo;utilisation des cookies et obtenir plus d&rsquo;informations sur Internet.\r\n\r\nSi vous souhaitez plus d&rsquo;informations sur la fa\u00e7on dont nous utilisons les cookies, vous pouvez nous envoyer un e-mail \u00e0 sergio@iturbeproperties.com.\r\n<h3><b>MISE \u00c0 JOUR ET MODIFICATIONS DE LA POLITIQUE DES COOKIES<\/b><\/h3>\r\nPROPRI\u00c9T\u00c9S ANTARA\r\nnous r\u00e9servons le droit de modifier cette politique en mati\u00e8re de cookies en fonction de nouvelles exigences l\u00e9gislatives ou r\u00e9glementaires, ou afin d&rsquo;adapter cette politique aux instructions \u00e9mises par l&rsquo;Agence espagnole de protection des donn\u00e9es.\r\n<h3><b>ACCEPTATION DE LA POLITIQUE DE COOKIES<\/b><\/h3>\r\nFace \u00e0 ces informations, l&rsquo;utilisateur peut effectuer les actions suivantes :\r\n\r\n&#8211; Accepter les cookies : Cet avis ne s&rsquo;affichera plus lors de l&rsquo;acc\u00e8s \u00e0 une page du portail pendant la session.\r\n\r\n&#8211; Fermer. L&rsquo;avertissement est masqu\u00e9 sur cette page.\r\n\r\n&#8211; Modifiez vos param\u00e8tres. Vous pouvez en savoir plus sur ce que sont les cookies, conna\u00eetre la politique en mati\u00e8re de cookies et modifier les param\u00e8tres de votre navigateur.\t\t\t\t\t\t\t\t<\/div>\n\t\t\t\t<\/div>\n\t\t\t\t\t<\/div>\n\t\t<\/div>\n\t\t\t\t\t<\/div>\n\t\t<\/section>\n\t\t\t\t<\/div>\n\t\t","protected":false},"excerpt":{"rendered":"<p>Politique des cookies Sur ce site Web, nous collectons et utilisons les informations comme indiqu\u00e9 dans notre politique de confidentialit\u00e9, que vous pouvez consulter dans le lien correspondant de ce site Web. De plus, chez ANTARA PROPERTIES nous vous informons de l&rsquo;utilisation de cookies sur notre site Internet : QU&rsquo;EST-CE QU&rsquo;UN COOKIE\u00a0? Un cookie est une petite quantit\u00e9 de donn\u00e9es stock\u00e9e dans le navigateur, &#8230;<\/p>\n","protected":false},"author":1,"featured_media":0,"parent":0,"menu_order":0,"comment_status":"closed","ping_status":"closed","template":"elementor_header_footer","meta":{"footnotes":""},"class_list":["post-32724","page","type-page","status-publish","hentry"],"yoast_head":"<!-- This site is optimized with the Yoast SEO plugin v27.0 - https:\/\/yoast.com\/product\/yoast-seo-wordpress\/ -->\n<title>Politique des cookies - Antara Properties<\/title>\n<meta name=\"robots\" content=\"noindex, follow\" \/>\n<meta property=\"og:locale\" content=\"fr_FR\" \/>\n<meta property=\"og:type\" content=\"article\" \/>\n<meta property=\"og:title\" content=\"Politique des cookies - Antara Properties\" \/>\n<meta property=\"og:description\" content=\"Politique des cookies Sur ce site Web, nous collectons et utilisons les informations comme indiqu\u00e9 dans notre politique de confidentialit\u00e9, que vous pouvez consulter dans le lien correspondant de ce site Web. De plus, chez ANTARA PROPERTIES nous vous informons de l&rsquo;utilisation de cookies sur notre site Internet : QU&rsquo;EST-CE QU&rsquo;UN COOKIE\u00a0? Un cookie est une petite quantit\u00e9 de donn\u00e9es stock\u00e9e dans le navigateur, ...\" \/>\n<meta property=\"og:url\" content=\"https:\/\/www.antaraproperties.com\/fr\/cookies-policy\/\" \/>\n<meta property=\"og:site_name\" content=\"Antara Properties\" \/>\n<meta property=\"article:publisher\" content=\"https:\/\/www.facebook.com\/people\/Antara-Properties\/100065013463030\/\" \/>\n<meta property=\"article:modified_time\" content=\"2023-10-09T13:59:39+00:00\" \/>\n<meta property=\"og:image\" content=\"https:\/\/www.antaraproperties.com\/wp-content\/uploads\/2023\/06\/logo-antara-yoast.jpg\" \/>\n\t<meta property=\"og:image:width\" content=\"696\" \/>\n\t<meta property=\"og:image:height\" content=\"696\" \/>\n\t<meta property=\"og:image:type\" content=\"image\/jpeg\" \/>\n<meta name=\"twitter:card\" content=\"summary_large_image\" \/>\n<meta name=\"twitter:label1\" content=\"Dur\u00e9e de lecture estim\u00e9e\" \/>\n\t<meta name=\"twitter:data1\" content=\"6 minutes\" \/>\n<script type=\"application\/ld+json\" class=\"yoast-schema-graph\">{\"@context\":\"https:\/\/schema.org\",\"@graph\":[{\"@type\":\"WebPage\",\"@id\":\"https:\/\/www.antaraproperties.com\/fr\/cookies-policy\/\",\"url\":\"https:\/\/www.antaraproperties.com\/fr\/cookies-policy\/\",\"name\":\"Politique des cookies - Antara Properties\",\"isPartOf\":{\"@id\":\"https:\/\/www.antaraproperties.com\/fr\/#website\"},\"datePublished\":\"2023-05-03T07:50:03+00:00\",\"dateModified\":\"2023-10-09T13:59:39+00:00\",\"breadcrumb\":{\"@id\":\"https:\/\/www.antaraproperties.com\/fr\/cookies-policy\/#breadcrumb\"},\"inLanguage\":\"fr-FR\",\"potentialAction\":[{\"@type\":\"ReadAction\",\"target\":[\"https:\/\/www.antaraproperties.com\/fr\/cookies-policy\/\"]}]},{\"@type\":\"BreadcrumbList\",\"@id\":\"https:\/\/www.antaraproperties.com\/fr\/cookies-policy\/#breadcrumb\",\"itemListElement\":[{\"@type\":\"ListItem\",\"position\":1,\"name\":\"Home\",\"item\":\"https:\/\/www.antaraproperties.com\/fr\/\"},{\"@type\":\"ListItem\",\"position\":2,\"name\":\"Politique des cookies\"}]},{\"@type\":\"WebSite\",\"@id\":\"https:\/\/www.antaraproperties.com\/fr\/#website\",\"url\":\"https:\/\/www.antaraproperties.com\/fr\/\",\"name\":\"Antara Properties\",\"description\":\"New property developments on the Costa Del Sol\",\"publisher\":{\"@id\":\"https:\/\/www.antaraproperties.com\/fr\/#organization\"},\"potentialAction\":[{\"@type\":\"SearchAction\",\"target\":{\"@type\":\"EntryPoint\",\"urlTemplate\":\"https:\/\/www.antaraproperties.com\/fr\/?s={search_term_string}\"},\"query-input\":{\"@type\":\"PropertyValueSpecification\",\"valueRequired\":true,\"valueName\":\"search_term_string\"}}],\"inLanguage\":\"fr-FR\"},{\"@type\":\"Organization\",\"@id\":\"https:\/\/www.antaraproperties.com\/fr\/#organization\",\"name\":\"Antara Properties\",\"url\":\"https:\/\/www.antaraproperties.com\/fr\/\",\"logo\":{\"@type\":\"ImageObject\",\"inLanguage\":\"fr-FR\",\"@id\":\"https:\/\/www.antaraproperties.com\/fr\/#\/schema\/logo\/image\/\",\"url\":\"https:\/\/www.antaraproperties.com\/wp-content\/uploads\/2023\/06\/logo-antara-yoast.jpg\",\"contentUrl\":\"https:\/\/www.antaraproperties.com\/wp-content\/uploads\/2023\/06\/logo-antara-yoast.jpg\",\"width\":696,\"height\":696,\"caption\":\"Antara Properties\"},\"image\":{\"@id\":\"https:\/\/www.antaraproperties.com\/fr\/#\/schema\/logo\/image\/\"},\"sameAs\":[\"https:\/\/www.facebook.com\/people\/Antara-Properties\/100065013463030\/\",\"https:\/\/www.instagram.com\/antara.properties\/?hl=es\"]}]}<\/script>\n<!-- \/ Yoast SEO plugin. -->","yoast_head_json":{"title":"Politique des cookies - Antara Properties","robots":{"index":"noindex","follow":"follow"},"og_locale":"fr_FR","og_type":"article","og_title":"Politique des cookies - Antara Properties","og_description":"Politique des cookies Sur ce site Web, nous collectons et utilisons les informations comme indiqu\u00e9 dans notre politique de confidentialit\u00e9, que vous pouvez consulter dans le lien correspondant de ce site Web. De plus, chez ANTARA PROPERTIES nous vous informons de l&rsquo;utilisation de cookies sur notre site Internet : QU&rsquo;EST-CE QU&rsquo;UN COOKIE\u00a0? Un cookie est une petite quantit\u00e9 de donn\u00e9es stock\u00e9e dans le navigateur, ...","og_url":"https:\/\/www.antaraproperties.com\/fr\/cookies-policy\/","og_site_name":"Antara Properties","article_publisher":"https:\/\/www.facebook.com\/people\/Antara-Properties\/100065013463030\/","article_modified_time":"2023-10-09T13:59:39+00:00","og_image":[{"width":696,"height":696,"url":"https:\/\/www.antaraproperties.com\/wp-content\/uploads\/2023\/06\/logo-antara-yoast.jpg","type":"image\/jpeg"}],"twitter_card":"summary_large_image","twitter_misc":{"Dur\u00e9e de lecture estim\u00e9e":"6 minutes"},"schema":{"@context":"https:\/\/schema.org","@graph":[{"@type":"WebPage","@id":"https:\/\/www.antaraproperties.com\/fr\/cookies-policy\/","url":"https:\/\/www.antaraproperties.com\/fr\/cookies-policy\/","name":"Politique des cookies - Antara Properties","isPartOf":{"@id":"https:\/\/www.antaraproperties.com\/fr\/#website"},"datePublished":"2023-05-03T07:50:03+00:00","dateModified":"2023-10-09T13:59:39+00:00","breadcrumb":{"@id":"https:\/\/www.antaraproperties.com\/fr\/cookies-policy\/#breadcrumb"},"inLanguage":"fr-FR","potentialAction":[{"@type":"ReadAction","target":["https:\/\/www.antaraproperties.com\/fr\/cookies-policy\/"]}]},{"@type":"BreadcrumbList","@id":"https:\/\/www.antaraproperties.com\/fr\/cookies-policy\/#breadcrumb","itemListElement":[{"@type":"ListItem","position":1,"name":"Home","item":"https:\/\/www.antaraproperties.com\/fr\/"},{"@type":"ListItem","position":2,"name":"Politique des cookies"}]},{"@type":"WebSite","@id":"https:\/\/www.antaraproperties.com\/fr\/#website","url":"https:\/\/www.antaraproperties.com\/fr\/","name":"Antara Properties","description":"New property developments on the Costa Del Sol","publisher":{"@id":"https:\/\/www.antaraproperties.com\/fr\/#organization"},"potentialAction":[{"@type":"SearchAction","target":{"@type":"EntryPoint","urlTemplate":"https:\/\/www.antaraproperties.com\/fr\/?s={search_term_string}"},"query-input":{"@type":"PropertyValueSpecification","valueRequired":true,"valueName":"search_term_string"}}],"inLanguage":"fr-FR"},{"@type":"Organization","@id":"https:\/\/www.antaraproperties.com\/fr\/#organization","name":"Antara Properties","url":"https:\/\/www.antaraproperties.com\/fr\/","logo":{"@type":"ImageObject","inLanguage":"fr-FR","@id":"https:\/\/www.antaraproperties.com\/fr\/#\/schema\/logo\/image\/","url":"https:\/\/www.antaraproperties.com\/wp-content\/uploads\/2023\/06\/logo-antara-yoast.jpg","contentUrl":"https:\/\/www.antaraproperties.com\/wp-content\/uploads\/2023\/06\/logo-antara-yoast.jpg","width":696,"height":696,"caption":"Antara Properties"},"image":{"@id":"https:\/\/www.antaraproperties.com\/fr\/#\/schema\/logo\/image\/"},"sameAs":["https:\/\/www.facebook.com\/people\/Antara-Properties\/100065013463030\/","https:\/\/www.instagram.com\/antara.properties\/?hl=es"]}]}},"_links":{"self":[{"href":"https:\/\/www.antaraproperties.com\/fr\/wp-json\/wp\/v2\/pages\/32724","targetHints":{"allow":["GET"]}}],"collection":[{"href":"https:\/\/www.antaraproperties.com\/fr\/wp-json\/wp\/v2\/pages"}],"about":[{"href":"https:\/\/www.antaraproperties.com\/fr\/wp-json\/wp\/v2\/types\/page"}],"author":[{"embeddable":true,"href":"https:\/\/www.antaraproperties.com\/fr\/wp-json\/wp\/v2\/users\/1"}],"replies":[{"embeddable":true,"href":"https:\/\/www.antaraproperties.com\/fr\/wp-json\/wp\/v2\/comments?post=32724"}],"version-history":[{"count":0,"href":"https:\/\/www.antaraproperties.com\/fr\/wp-json\/wp\/v2\/pages\/32724\/revisions"}],"wp:attachment":[{"href":"https:\/\/www.antaraproperties.com\/fr\/wp-json\/wp\/v2\/media?parent=32724"}],"curies":[{"name":"wp","href":"https:\/\/api.w.org\/{rel}","templated":true}]}}