{"id":32728,"date":"2023-04-19T10:37:52","date_gmt":"2023-04-19T10:37:52","guid":{"rendered":"https:\/\/www.antaraproperties.com\/our-exclusives\/"},"modified":"2025-11-27T14:07:32","modified_gmt":"2025-11-27T14:07:32","slug":"our-exclusives","status":"publish","type":"page","link":"https:\/\/www.antaraproperties.com\/fr\/our-exclusives\/","title":{"rendered":"Our Exclusives"},"content":{"rendered":"\t\t<div data-elementor-type=\"wp-page\" data-elementor-id=\"32728\" class=\"elementor elementor-32728 elementor-31349\" data-elementor-post-type=\"page\">\n\t\t\t\t\t\t<section class=\"elementor-section elementor-top-section elementor-element elementor-element-00059d0 animated-slow elementor-section-content-middle elementor-section-stretched elementor-section-boxed elementor-section-height-default elementor-section-height-default elementor-invisible\" data-id=\"00059d0\" data-element_type=\"section\" data-e-type=\"section\" data-settings=\"{&quot;background_background&quot;:&quot;classic&quot;,&quot;animation&quot;:&quot;fadeIn&quot;,&quot;stretch_section&quot;:&quot;section-stretched&quot;}\">\n\t\t\t\t\t\t\t<div class=\"elementor-background-overlay\"><\/div>\n\t\t\t\t\t\t\t<div class=\"elementor-container elementor-column-gap-no\">\n\t\t\t\t\t<div class=\"elementor-column elementor-col-100 elementor-top-column elementor-element elementor-element-d9698aa\" data-id=\"d9698aa\" data-element_type=\"column\" data-e-type=\"column\" data-settings=\"{&quot;background_background&quot;:&quot;classic&quot;}\">\n\t\t\t<div class=\"elementor-widget-wrap elementor-element-populated\">\n\t\t\t\t\t\t<div class=\"elementor-element elementor-element-d30cca1 elementor-widget elementor-widget-heading\" data-id=\"d30cca1\" data-element_type=\"widget\" data-e-type=\"widget\" data-widget_type=\"heading.default\">\n\t\t\t\t<div class=\"elementor-widget-container\">\n\t\t\t\t\t<h2 class=\"elementor-heading-title elementor-size-default\">Nos Exclusivit\u00e9s<\/h2>\t\t\t\t<\/div>\n\t\t\t\t<\/div>\n\t\t\t\t\t<\/div>\n\t\t<\/div>\n\t\t\t\t\t<\/div>\n\t\t<\/section>\n\t\t\t\t<section class=\"elementor-section elementor-top-section elementor-element elementor-element-73093779 elementor-section-boxed elementor-section-height-default elementor-section-height-default\" data-id=\"73093779\" data-element_type=\"section\" data-e-type=\"section\">\n\t\t\t\t\t\t<div class=\"elementor-container elementor-column-gap-wider\">\n\t\t\t\t\t<div class=\"elementor-column elementor-col-33 elementor-top-column elementor-element elementor-element-5a3087cc\" data-id=\"5a3087cc\" data-element_type=\"column\" data-e-type=\"column\">\n\t\t\t<div class=\"elementor-widget-wrap elementor-element-populated\">\n\t\t\t\t\t\t<div class=\"elementor-element elementor-element-4a976ce7 elementor-widget elementor-widget-image\" data-id=\"4a976ce7\" data-element_type=\"widget\" data-e-type=\"widget\" data-widget_type=\"image.default\">\n\t\t\t\t<div class=\"elementor-widget-container\">\n\t\t\t\t\t\t\t\t\t\t\t\t\t\t\t\t<a href=\"https:\/\/www.antaraproperties.com\/fr\/brisas-del-mar\/\">\n\t\t\t\t\t\t\t<img fetchpriority=\"high\" decoding=\"async\" width=\"780\" height=\"670\" src=\"https:\/\/www.antaraproperties.com\/wp-content\/uploads\/2025\/05\/brisas-del-mar-estepona-min.jpg\" class=\"attachment-full size-full wp-image-37496\" alt=\"\" srcset=\"https:\/\/www.antaraproperties.com\/wp-content\/uploads\/2025\/05\/brisas-del-mar-estepona-min.jpg 780w, https:\/\/www.antaraproperties.com\/wp-content\/uploads\/2025\/05\/brisas-del-mar-estepona-min-300x258.jpg 300w, https:\/\/www.antaraproperties.com\/wp-content\/uploads\/2025\/05\/brisas-del-mar-estepona-min-768x660.jpg 768w\" sizes=\"(max-width: 780px) 100vw, 780px\" \/>\t\t\t\t\t\t\t\t<\/a>\n\t\t\t\t\t\t\t\t\t\t\t\t\t\t\t<\/div>\n\t\t\t\t<\/div>\n\t\t\t\t<div class=\"elementor-element elementor-element-567f2573 elementor-widget elementor-widget-heading\" data-id=\"567f2573\" data-element_type=\"widget\" data-e-type=\"widget\" data-widget_type=\"heading.default\">\n\t\t\t\t<div class=\"elementor-widget-container\">\n\t\t\t\t\t<h2 class=\"elementor-heading-title elementor-size-default\">Projet : Brisas del Mar<\/h2>\t\t\t\t<\/div>\n\t\t\t\t<\/div>\n\t\t\t\t<div class=\"elementor-element elementor-element-5c8cb66b elementor-widget__width-initial elementor-invisible elementor-widget elementor-widget-text-editor\" data-id=\"5c8cb66b\" data-element_type=\"widget\" data-e-type=\"widget\" data-settings=\"{&quot;_animation&quot;:&quot;fadeIn&quot;,&quot;_animation_delay&quot;:50}\" data-widget_type=\"text-editor.default\">\n\t\t\t\t<div class=\"elementor-widget-container\">\n\t\t\t\t\t\t\t\t\t<p>Pour construire ce nouveau d\u00e9veloppement boutique exclusif de 10 villas jumel\u00e9es, le promoteur a choisi un terrain avec de belles vues sur la mer, le golf et les montagnes.Brisas del Mar se compose de 10 villas jumel\u00e9es avec 4 chambres, 3 ou 4 salles de bains, 1 ou 2 toilettes et un bureau ou peut \u00eatre utilis\u00e9 comme buanderie.<\/p>\n\t\t\t\t\t\t\t\t<\/div>\n\t\t\t\t<\/div>\n\t\t\t\t<div class=\"elementor-element elementor-element-197891f5 elementor-align-center elementor-widget elementor-widget-button\" data-id=\"197891f5\" data-element_type=\"widget\" data-e-type=\"widget\" data-widget_type=\"button.default\">\n\t\t\t\t<div class=\"elementor-widget-container\">\n\t\t\t\t\t\t\t\t\t<div class=\"elementor-button-wrapper\">\n\t\t\t\t\t<a class=\"elementor-button elementor-button-link elementor-size-sm\" href=\"https:\/\/www.antaraproperties.com\/fr\/brisas-del-mar\/\">\n\t\t\t\t\t\t<span class=\"elementor-button-content-wrapper\">\n\t\t\t\t\t\t\t\t\t<span class=\"elementor-button-text\">PLUS D'INFORMATIONS<\/span>\n\t\t\t\t\t<\/span>\n\t\t\t\t\t<\/a>\n\t\t\t\t<\/div>\n\t\t\t\t\t\t\t\t<\/div>\n\t\t\t\t<\/div>\n\t\t\t\t\t<\/div>\n\t\t<\/div>\n\t\t\t\t<div class=\"elementor-column elementor-col-33 elementor-top-column elementor-element elementor-element-4ab42878\" data-id=\"4ab42878\" data-element_type=\"column\" data-e-type=\"column\">\n\t\t\t<div class=\"elementor-widget-wrap elementor-element-populated\">\n\t\t\t\t\t\t<div class=\"elementor-element elementor-element-35ce7c0 elementor-widget elementor-widget-image\" data-id=\"35ce7c0\" data-element_type=\"widget\" data-e-type=\"widget\" data-widget_type=\"image.default\">\n\t\t\t\t<div class=\"elementor-widget-container\">\n\t\t\t\t\t\t\t\t\t\t\t\t\t\t\t\t<a href=\"https:\/\/www.antaraproperties.com\/fr\/swing-sea-villas\/\">\n\t\t\t\t\t\t\t<img decoding=\"async\" width=\"780\" height=\"670\" src=\"https:\/\/www.antaraproperties.com\/wp-content\/uploads\/2025\/11\/ss.jpg\" class=\"attachment-full size-full wp-image-46338\" alt=\"\" srcset=\"https:\/\/www.antaraproperties.com\/wp-content\/uploads\/2025\/11\/ss.jpg 780w, https:\/\/www.antaraproperties.com\/wp-content\/uploads\/2025\/11\/ss-300x258.jpg 300w, https:\/\/www.antaraproperties.com\/wp-content\/uploads\/2025\/11\/ss-768x660.jpg 768w\" sizes=\"(max-width: 780px) 100vw, 780px\" \/>\t\t\t\t\t\t\t\t<\/a>\n\t\t\t\t\t\t\t\t\t\t\t\t\t\t\t<\/div>\n\t\t\t\t<\/div>\n\t\t\t\t<div class=\"elementor-element elementor-element-71a8031d elementor-widget elementor-widget-heading\" data-id=\"71a8031d\" data-element_type=\"widget\" data-e-type=\"widget\" data-widget_type=\"heading.default\">\n\t\t\t\t<div class=\"elementor-widget-container\">\n\t\t\t\t\t<h2 class=\"elementor-heading-title elementor-size-default\">Promotion: Swing &amp; Sea Villas<\/h2>\t\t\t\t<\/div>\n\t\t\t\t<\/div>\n\t\t\t\t<div class=\"elementor-element elementor-element-3a400bd4 elementor-widget__width-initial elementor-invisible elementor-widget elementor-widget-text-editor\" data-id=\"3a400bd4\" data-element_type=\"widget\" data-e-type=\"widget\" data-settings=\"{&quot;_animation&quot;:&quot;fadeIn&quot;,&quot;_animation_delay&quot;:50}\" data-widget_type=\"text-editor.default\">\n\t\t\t\t<div class=\"elementor-widget-container\">\n\t\t\t\t\t\t\t\t\t<p>Il s&rsquo;agit d&rsquo;un nouveau d\u00e9veloppement de luxe, un complexe prestigieux de 14 villas ind\u00e9pendantes situ\u00e9 dans un cadre exceptionnel \u00e0 Estepona, Malaga. Situ\u00e9es en premi\u00e8re ligne du golf d&rsquo;Azata, avec une vue imprenable sur la mer, ces villas ont \u00e9t\u00e9 con\u00e7ues pour allier luxe, confort et style dans un endroit idyllique.<\/p>\n\t\t\t\t\t\t\t\t<\/div>\n\t\t\t\t<\/div>\n\t\t\t\t<div class=\"elementor-element elementor-element-676df13b elementor-align-center elementor-widget elementor-widget-button\" data-id=\"676df13b\" data-element_type=\"widget\" data-e-type=\"widget\" data-widget_type=\"button.default\">\n\t\t\t\t<div class=\"elementor-widget-container\">\n\t\t\t\t\t\t\t\t\t<div class=\"elementor-button-wrapper\">\n\t\t\t\t\t<a class=\"elementor-button elementor-button-link elementor-size-sm\" href=\"https:\/\/www.antaraproperties.com\/fr\/swing-sea-villas\/\">\n\t\t\t\t\t\t<span class=\"elementor-button-content-wrapper\">\n\t\t\t\t\t\t\t\t\t<span class=\"elementor-button-text\">PLUS D'INFORMATIONS<\/span>\n\t\t\t\t\t<\/span>\n\t\t\t\t\t<\/a>\n\t\t\t\t<\/div>\n\t\t\t\t\t\t\t\t<\/div>\n\t\t\t\t<\/div>\n\t\t\t\t\t<\/div>\n\t\t<\/div>\n\t\t\t\t<div class=\"elementor-column elementor-col-33 elementor-top-column elementor-element elementor-element-071fb82\" data-id=\"071fb82\" data-element_type=\"column\" data-e-type=\"column\">\n\t\t\t<div class=\"elementor-widget-wrap elementor-element-populated\">\n\t\t\t\t\t\t<div class=\"elementor-element elementor-element-2ee8020 elementor-widget elementor-widget-image\" data-id=\"2ee8020\" data-element_type=\"widget\" data-e-type=\"widget\" data-widget_type=\"image.default\">\n\t\t\t\t<div class=\"elementor-widget-container\">\n\t\t\t\t\t\t\t\t\t\t\t\t\t\t\t\t<a href=\"https:\/\/www.antaraproperties.com\/fr\/swing-sea-villas\/\">\n\t\t\t\t\t\t\t<img decoding=\"async\" width=\"780\" height=\"670\" src=\"https:\/\/www.antaraproperties.com\/wp-content\/uploads\/2025\/11\/atrium-min-2.jpg\" class=\"attachment-full size-full wp-image-46332\" alt=\"\" srcset=\"https:\/\/www.antaraproperties.com\/wp-content\/uploads\/2025\/11\/atrium-min-2.jpg 780w, https:\/\/www.antaraproperties.com\/wp-content\/uploads\/2025\/11\/atrium-min-2-300x258.jpg 300w, https:\/\/www.antaraproperties.com\/wp-content\/uploads\/2025\/11\/atrium-min-2-768x660.jpg 768w\" sizes=\"(max-width: 780px) 100vw, 780px\" \/>\t\t\t\t\t\t\t\t<\/a>\n\t\t\t\t\t\t\t\t\t\t\t\t\t\t\t<\/div>\n\t\t\t\t<\/div>\n\t\t\t\t<div class=\"elementor-element elementor-element-67f8c99 elementor-widget elementor-widget-heading\" data-id=\"67f8c99\" data-element_type=\"widget\" data-e-type=\"widget\" data-widget_type=\"heading.default\">\n\t\t\t\t<div class=\"elementor-widget-container\">\n\t\t\t\t\t<h2 class=\"elementor-heading-title elementor-size-default\">Atrium Residencial\nEstepona<\/h2>\t\t\t\t<\/div>\n\t\t\t\t<\/div>\n\t\t\t\t<div class=\"elementor-element elementor-element-462ed7f elementor-widget__width-initial elementor-invisible elementor-widget elementor-widget-text-editor\" data-id=\"462ed7f\" data-element_type=\"widget\" data-e-type=\"widget\" data-settings=\"{&quot;_animation&quot;:&quot;fadeIn&quot;,&quot;_animation_delay&quot;:50}\" data-widget_type=\"text-editor.default\">\n\t\t\t\t<div class=\"elementor-widget-container\">\n\t\t\t\t\t\t\t\t\t<p>ATRIUM RESIDENCIAL s&rsquo;inspire de la vie des gens. Ses vastes espaces communs, sa piscine et ses espaces communautaires sont con\u00e7us pour favoriser le bien-\u00eatre, am\u00e9liorer la qualit\u00e9 de vie et contribuer \u00e0 l&rsquo;enrichissement du cadre de vie. Un lieu pens\u00e9 pour inspirer les g\u00e9n\u00e9rations pr\u00e9sentes et futures.<\/p>\t\t\t\t\t\t\t\t<\/div>\n\t\t\t\t<\/div>\n\t\t\t\t<div class=\"elementor-element elementor-element-8d4e6cb elementor-align-center elementor-widget elementor-widget-button\" data-id=\"8d4e6cb\" data-element_type=\"widget\" data-e-type=\"widget\" data-widget_type=\"button.default\">\n\t\t\t\t<div class=\"elementor-widget-container\">\n\t\t\t\t\t\t\t\t\t<div class=\"elementor-button-wrapper\">\n\t\t\t\t\t<a class=\"elementor-button elementor-button-link elementor-size-sm\" href=\"https:\/\/www.antaraproperties.com\/fr\/atrium-residencial-estepona\/\">\n\t\t\t\t\t\t<span class=\"elementor-button-content-wrapper\">\n\t\t\t\t\t\t\t\t\t<span class=\"elementor-button-text\">PLUS D'INFORMATIONS<\/span>\n\t\t\t\t\t<\/span>\n\t\t\t\t\t<\/a>\n\t\t\t\t<\/div>\n\t\t\t\t\t\t\t\t<\/div>\n\t\t\t\t<\/div>\n\t\t\t\t\t<\/div>\n\t\t<\/div>\n\t\t\t\t\t<\/div>\n\t\t<\/section>\n\t\t\t\t<\/div>\n\t\t","protected":false},"excerpt":{"rendered":"<p>Nos Exclusivit\u00e9s Projet : Brisas del Mar Pour construire ce nouveau d\u00e9veloppement boutique exclusif de 10 villas jumel\u00e9es, le promoteur a choisi un terrain avec de belles vues sur la mer, le golf et les montagnes.Brisas del Mar se compose de 10 villas jumel\u00e9es avec 4 chambres, 3 ou 4 salles de bains, 1 ou 2 toilettes et un bureau ou peut \u00eatre utilis\u00e9 &#8230;<\/p>\n","protected":false},"author":1,"featured_media":0,"parent":0,"menu_order":0,"comment_status":"closed","ping_status":"closed","template":"elementor_header_footer","meta":{"footnotes":""},"class_list":["post-32728","page","type-page","status-publish","hentry"],"yoast_head":"<!-- This site is optimized with the Yoast SEO plugin v27.0 - https:\/\/yoast.com\/product\/yoast-seo-wordpress\/ -->\n<title>Our Exclusives - Antara Properties<\/title>\n<meta name=\"robots\" content=\"index, follow, max-snippet:-1, max-image-preview:large, max-video-preview:-1\" \/>\n<link rel=\"canonical\" href=\"https:\/\/www.antaraproperties.com\/fr\/our-exclusives\/\" \/>\n<meta property=\"og:locale\" content=\"fr_FR\" \/>\n<meta property=\"og:type\" content=\"article\" \/>\n<meta property=\"og:title\" content=\"Our Exclusives - Antara Properties\" \/>\n<meta property=\"og:description\" content=\"Nos Exclusivit\u00e9s Projet : Brisas del Mar Pour construire ce nouveau d\u00e9veloppement boutique exclusif de 10 villas jumel\u00e9es, le promoteur a choisi un terrain avec de belles vues sur la mer, le golf et les montagnes.Brisas del Mar se compose de 10 villas jumel\u00e9es avec 4 chambres, 3 ou 4 salles de bains, 1 ou 2 toilettes et un bureau ou peut \u00eatre utilis\u00e9 ...\" \/>\n<meta property=\"og:url\" content=\"https:\/\/www.antaraproperties.com\/fr\/our-exclusives\/\" \/>\n<meta property=\"og:site_name\" content=\"Antara Properties\" \/>\n<meta property=\"article:publisher\" content=\"https:\/\/www.facebook.com\/people\/Antara-Properties\/100065013463030\/\" \/>\n<meta property=\"article:modified_time\" content=\"2025-11-27T14:07:32+00:00\" \/>\n<meta property=\"og:image\" content=\"https:\/\/www.antaraproperties.com\/wp-content\/uploads\/2025\/05\/brisas-del-mar-estepona-min.jpg\" \/>\n\t<meta property=\"og:image:width\" content=\"780\" \/>\n\t<meta property=\"og:image:height\" content=\"670\" \/>\n\t<meta property=\"og:image:type\" content=\"image\/jpeg\" \/>\n<meta name=\"twitter:card\" content=\"summary_large_image\" \/>\n<meta name=\"twitter:label1\" content=\"Dur\u00e9e de lecture estim\u00e9e\" \/>\n\t<meta name=\"twitter:data1\" content=\"2 minutes\" \/>\n<script type=\"application\/ld+json\" class=\"yoast-schema-graph\">{\"@context\":\"https:\/\/schema.org\",\"@graph\":[{\"@type\":\"WebPage\",\"@id\":\"https:\/\/www.antaraproperties.com\/fr\/our-exclusives\/\",\"url\":\"https:\/\/www.antaraproperties.com\/fr\/our-exclusives\/\",\"name\":\"Our Exclusives - Antara Properties\",\"isPartOf\":{\"@id\":\"https:\/\/www.antaraproperties.com\/fr\/#website\"},\"primaryImageOfPage\":{\"@id\":\"https:\/\/www.antaraproperties.com\/fr\/our-exclusives\/#primaryimage\"},\"image\":{\"@id\":\"https:\/\/www.antaraproperties.com\/fr\/our-exclusives\/#primaryimage\"},\"thumbnailUrl\":\"https:\/\/www.antaraproperties.com\/wp-content\/uploads\/2025\/05\/brisas-del-mar-estepona-min.jpg\",\"datePublished\":\"2023-04-19T10:37:52+00:00\",\"dateModified\":\"2025-11-27T14:07:32+00:00\",\"breadcrumb\":{\"@id\":\"https:\/\/www.antaraproperties.com\/fr\/our-exclusives\/#breadcrumb\"},\"inLanguage\":\"fr-FR\",\"potentialAction\":[{\"@type\":\"ReadAction\",\"target\":[\"https:\/\/www.antaraproperties.com\/fr\/our-exclusives\/\"]}]},{\"@type\":\"ImageObject\",\"inLanguage\":\"fr-FR\",\"@id\":\"https:\/\/www.antaraproperties.com\/fr\/our-exclusives\/#primaryimage\",\"url\":\"https:\/\/www.antaraproperties.com\/wp-content\/uploads\/2025\/05\/brisas-del-mar-estepona-min.jpg\",\"contentUrl\":\"https:\/\/www.antaraproperties.com\/wp-content\/uploads\/2025\/05\/brisas-del-mar-estepona-min.jpg\"},{\"@type\":\"BreadcrumbList\",\"@id\":\"https:\/\/www.antaraproperties.com\/fr\/our-exclusives\/#breadcrumb\",\"itemListElement\":[{\"@type\":\"ListItem\",\"position\":1,\"name\":\"Home\",\"item\":\"https:\/\/www.antaraproperties.com\/fr\/\"},{\"@type\":\"ListItem\",\"position\":2,\"name\":\"Our Exclusives\"}]},{\"@type\":\"WebSite\",\"@id\":\"https:\/\/www.antaraproperties.com\/fr\/#website\",\"url\":\"https:\/\/www.antaraproperties.com\/fr\/\",\"name\":\"Antara Properties\",\"description\":\"New property developments on the Costa Del Sol\",\"publisher\":{\"@id\":\"https:\/\/www.antaraproperties.com\/fr\/#organization\"},\"potentialAction\":[{\"@type\":\"SearchAction\",\"target\":{\"@type\":\"EntryPoint\",\"urlTemplate\":\"https:\/\/www.antaraproperties.com\/fr\/?s={search_term_string}\"},\"query-input\":{\"@type\":\"PropertyValueSpecification\",\"valueRequired\":true,\"valueName\":\"search_term_string\"}}],\"inLanguage\":\"fr-FR\"},{\"@type\":\"Organization\",\"@id\":\"https:\/\/www.antaraproperties.com\/fr\/#organization\",\"name\":\"Antara Properties\",\"url\":\"https:\/\/www.antaraproperties.com\/fr\/\",\"logo\":{\"@type\":\"ImageObject\",\"inLanguage\":\"fr-FR\",\"@id\":\"https:\/\/www.antaraproperties.com\/fr\/#\/schema\/logo\/image\/\",\"url\":\"https:\/\/www.antaraproperties.com\/wp-content\/uploads\/2023\/06\/logo-antara-yoast.jpg\",\"contentUrl\":\"https:\/\/www.antaraproperties.com\/wp-content\/uploads\/2023\/06\/logo-antara-yoast.jpg\",\"width\":696,\"height\":696,\"caption\":\"Antara Properties\"},\"image\":{\"@id\":\"https:\/\/www.antaraproperties.com\/fr\/#\/schema\/logo\/image\/\"},\"sameAs\":[\"https:\/\/www.facebook.com\/people\/Antara-Properties\/100065013463030\/\",\"https:\/\/www.instagram.com\/antara.properties\/?hl=es\"]}]}<\/script>\n<!-- \/ Yoast SEO plugin. -->","yoast_head_json":{"title":"Our Exclusives - Antara Properties","robots":{"index":"index","follow":"follow","max-snippet":"max-snippet:-1","max-image-preview":"max-image-preview:large","max-video-preview":"max-video-preview:-1"},"canonical":"https:\/\/www.antaraproperties.com\/fr\/our-exclusives\/","og_locale":"fr_FR","og_type":"article","og_title":"Our Exclusives - Antara Properties","og_description":"Nos Exclusivit\u00e9s Projet : Brisas del Mar Pour construire ce nouveau d\u00e9veloppement boutique exclusif de 10 villas jumel\u00e9es, le promoteur a choisi un terrain avec de belles vues sur la mer, le golf et les montagnes.Brisas del Mar se compose de 10 villas jumel\u00e9es avec 4 chambres, 3 ou 4 salles de bains, 1 ou 2 toilettes et un bureau ou peut \u00eatre utilis\u00e9 ...","og_url":"https:\/\/www.antaraproperties.com\/fr\/our-exclusives\/","og_site_name":"Antara Properties","article_publisher":"https:\/\/www.facebook.com\/people\/Antara-Properties\/100065013463030\/","article_modified_time":"2025-11-27T14:07:32+00:00","og_image":[{"width":780,"height":670,"url":"https:\/\/www.antaraproperties.com\/wp-content\/uploads\/2025\/05\/brisas-del-mar-estepona-min.jpg","type":"image\/jpeg"}],"twitter_card":"summary_large_image","twitter_misc":{"Dur\u00e9e de lecture estim\u00e9e":"2 minutes"},"schema":{"@context":"https:\/\/schema.org","@graph":[{"@type":"WebPage","@id":"https:\/\/www.antaraproperties.com\/fr\/our-exclusives\/","url":"https:\/\/www.antaraproperties.com\/fr\/our-exclusives\/","name":"Our Exclusives - Antara Properties","isPartOf":{"@id":"https:\/\/www.antaraproperties.com\/fr\/#website"},"primaryImageOfPage":{"@id":"https:\/\/www.antaraproperties.com\/fr\/our-exclusives\/#primaryimage"},"image":{"@id":"https:\/\/www.antaraproperties.com\/fr\/our-exclusives\/#primaryimage"},"thumbnailUrl":"https:\/\/www.antaraproperties.com\/wp-content\/uploads\/2025\/05\/brisas-del-mar-estepona-min.jpg","datePublished":"2023-04-19T10:37:52+00:00","dateModified":"2025-11-27T14:07:32+00:00","breadcrumb":{"@id":"https:\/\/www.antaraproperties.com\/fr\/our-exclusives\/#breadcrumb"},"inLanguage":"fr-FR","potentialAction":[{"@type":"ReadAction","target":["https:\/\/www.antaraproperties.com\/fr\/our-exclusives\/"]}]},{"@type":"ImageObject","inLanguage":"fr-FR","@id":"https:\/\/www.antaraproperties.com\/fr\/our-exclusives\/#primaryimage","url":"https:\/\/www.antaraproperties.com\/wp-content\/uploads\/2025\/05\/brisas-del-mar-estepona-min.jpg","contentUrl":"https:\/\/www.antaraproperties.com\/wp-content\/uploads\/2025\/05\/brisas-del-mar-estepona-min.jpg"},{"@type":"BreadcrumbList","@id":"https:\/\/www.antaraproperties.com\/fr\/our-exclusives\/#breadcrumb","itemListElement":[{"@type":"ListItem","position":1,"name":"Home","item":"https:\/\/www.antaraproperties.com\/fr\/"},{"@type":"ListItem","position":2,"name":"Our Exclusives"}]},{"@type":"WebSite","@id":"https:\/\/www.antaraproperties.com\/fr\/#website","url":"https:\/\/www.antaraproperties.com\/fr\/","name":"Antara Properties","description":"New property developments on the Costa Del Sol","publisher":{"@id":"https:\/\/www.antaraproperties.com\/fr\/#organization"},"potentialAction":[{"@type":"SearchAction","target":{"@type":"EntryPoint","urlTemplate":"https:\/\/www.antaraproperties.com\/fr\/?s={search_term_string}"},"query-input":{"@type":"PropertyValueSpecification","valueRequired":true,"valueName":"search_term_string"}}],"inLanguage":"fr-FR"},{"@type":"Organization","@id":"https:\/\/www.antaraproperties.com\/fr\/#organization","name":"Antara Properties","url":"https:\/\/www.antaraproperties.com\/fr\/","logo":{"@type":"ImageObject","inLanguage":"fr-FR","@id":"https:\/\/www.antaraproperties.com\/fr\/#\/schema\/logo\/image\/","url":"https:\/\/www.antaraproperties.com\/wp-content\/uploads\/2023\/06\/logo-antara-yoast.jpg","contentUrl":"https:\/\/www.antaraproperties.com\/wp-content\/uploads\/2023\/06\/logo-antara-yoast.jpg","width":696,"height":696,"caption":"Antara Properties"},"image":{"@id":"https:\/\/www.antaraproperties.com\/fr\/#\/schema\/logo\/image\/"},"sameAs":["https:\/\/www.facebook.com\/people\/Antara-Properties\/100065013463030\/","https:\/\/www.instagram.com\/antara.properties\/?hl=es"]}]}},"_links":{"self":[{"href":"https:\/\/www.antaraproperties.com\/fr\/wp-json\/wp\/v2\/pages\/32728","targetHints":{"allow":["GET"]}}],"collection":[{"href":"https:\/\/www.antaraproperties.com\/fr\/wp-json\/wp\/v2\/pages"}],"about":[{"href":"https:\/\/www.antaraproperties.com\/fr\/wp-json\/wp\/v2\/types\/page"}],"author":[{"embeddable":true,"href":"https:\/\/www.antaraproperties.com\/fr\/wp-json\/wp\/v2\/users\/1"}],"replies":[{"embeddable":true,"href":"https:\/\/www.antaraproperties.com\/fr\/wp-json\/wp\/v2\/comments?post=32728"}],"version-history":[{"count":0,"href":"https:\/\/www.antaraproperties.com\/fr\/wp-json\/wp\/v2\/pages\/32728\/revisions"}],"wp:attachment":[{"href":"https:\/\/www.antaraproperties.com\/fr\/wp-json\/wp\/v2\/media?parent=32728"}],"curies":[{"name":"wp","href":"https:\/\/api.w.org\/{rel}","templated":true}]}}