{"id":32730,"date":"2023-01-16T11:40:50","date_gmt":"2023-01-16T11:40:50","guid":{"rendered":"https:\/\/www.antaraproperties.com\/about-us\/"},"modified":"2025-05-09T08:48:55","modified_gmt":"2025-05-09T08:48:55","slug":"about-us","status":"publish","type":"page","link":"https:\/\/www.antaraproperties.com\/fr\/about-us\/","title":{"rendered":"About Us"},"content":{"rendered":"\t\t<div data-elementor-type=\"wp-page\" data-elementor-id=\"32730\" class=\"elementor elementor-32730 elementor-30925\" data-elementor-post-type=\"page\">\n\t\t\t\t\t\t<section class=\"elementor-section elementor-top-section elementor-element elementor-element-1f83642 animated-slow elementor-section-content-middle elementor-section-stretched elementor-section-boxed elementor-section-height-default elementor-section-height-default elementor-invisible\" data-id=\"1f83642\" data-element_type=\"section\" data-e-type=\"section\" data-settings=\"{&quot;background_background&quot;:&quot;classic&quot;,&quot;animation&quot;:&quot;fadeIn&quot;,&quot;stretch_section&quot;:&quot;section-stretched&quot;}\">\n\t\t\t\t\t\t\t<div class=\"elementor-background-overlay\"><\/div>\n\t\t\t\t\t\t\t<div class=\"elementor-container elementor-column-gap-no\">\n\t\t\t\t\t<div class=\"elementor-column elementor-col-100 elementor-top-column elementor-element elementor-element-9c1afc7\" data-id=\"9c1afc7\" data-element_type=\"column\" data-e-type=\"column\" data-settings=\"{&quot;background_background&quot;:&quot;classic&quot;}\">\n\t\t\t<div class=\"elementor-widget-wrap elementor-element-populated\">\n\t\t\t\t\t\t<div class=\"elementor-element elementor-element-3c78d57 elementor-widget elementor-widget-heading\" data-id=\"3c78d57\" data-element_type=\"widget\" data-e-type=\"widget\" data-widget_type=\"heading.default\">\n\t\t\t\t<div class=\"elementor-widget-container\">\n\t\t\t\t\t<h2 class=\"elementor-heading-title elementor-size-default\">\u00c0 propos de nous<\/h2>\t\t\t\t<\/div>\n\t\t\t\t<\/div>\n\t\t\t\t\t<\/div>\n\t\t<\/div>\n\t\t\t\t\t<\/div>\n\t\t<\/section>\n\t\t\t\t<section class=\"elementor-section elementor-top-section elementor-element elementor-element-51e6268 elementor-section-boxed elementor-section-height-default elementor-section-height-default\" data-id=\"51e6268\" data-element_type=\"section\" data-e-type=\"section\">\n\t\t\t\t\t\t<div class=\"elementor-container elementor-column-gap-wider\">\n\t\t\t\t\t<div class=\"elementor-column elementor-col-50 elementor-top-column elementor-element elementor-element-1d602cc\" data-id=\"1d602cc\" data-element_type=\"column\" data-e-type=\"column\">\n\t\t\t<div class=\"elementor-widget-wrap elementor-element-populated\">\n\t\t\t\t\t\t<div class=\"elementor-element elementor-element-fc64e76 elementor-invisible elementor-widget elementor-widget-text-editor\" data-id=\"fc64e76\" data-element_type=\"widget\" data-e-type=\"widget\" data-settings=\"{&quot;_animation&quot;:&quot;fadeIn&quot;,&quot;_animation_delay&quot;:50}\" data-widget_type=\"text-editor.default\">\n\t\t\t\t<div class=\"elementor-widget-container\">\n\t\t\t\t\t\t\t\t\t<p>Nous sommes une entreprise qui, depuis sa cr\u00e9ation, a cherch\u00e9 \u00e0 fournir un service personnalis\u00e9 \u00e0 ses clients, nous ne voulons pas rester uniquement dans le processus de vente d&rsquo;une propri\u00e9t\u00e9, nous voulons aider nos clients dans tout ce dont ils ont besoin, avant et apr\u00e8s la vente et que la relation avec eux dure au fil des ans.<\/p><p>Nous sommes une \u00e9quipe professionnelle, avec des valeurs, de la transparence et de l&rsquo;honn\u00eatet\u00e9, c&rsquo;est ce qui nous distingue, le tout avec la base solide d&rsquo;exp\u00e9rience et de connaissances du secteur immobilier \u00e0 travers la Costa del Sol.<\/p><p>Nous avons une large gamme de propri\u00e9t\u00e9s de qualit\u00e9 neuves, hors plan et d&rsquo;occasion, des appartements modernes aux villas de luxe avec vue sur la mer.<\/p><p>La Costa Del Sol est l&rsquo;un des endroits les plus populaires en Espagne et en Europe pour les vacances, les r\u00e9sidences secondaires, la vie toute l&rsquo;ann\u00e9e, ainsi que pour les travailleurs et les retrait\u00e9s pour profiter de chaque moment de l&rsquo;ann\u00e9e et de l&rsquo;investissement immobilier gr\u00e2ce \u00e0 son climat ensoleill\u00e9 toute l&rsquo;ann\u00e9e, ses magnifiques plages, ses paysages naturels \u00e0 couper le souffle et plus de 70 terrains de golf<\/p><p>N&rsquo;h\u00e9sitez pas \u00e0 nous contacter pour plus d&rsquo;informations sur nos services immobiliers. Nous sommes impatients de vous aider \u00e0 trouver la propri\u00e9t\u00e9 de vos r\u00eaves<\/p>\t\t\t\t\t\t\t\t<\/div>\n\t\t\t\t<\/div>\n\t\t\t\t\t<\/div>\n\t\t<\/div>\n\t\t\t\t<div class=\"elementor-column elementor-col-50 elementor-top-column elementor-element elementor-element-c56ad84\" data-id=\"c56ad84\" data-element_type=\"column\" data-e-type=\"column\">\n\t\t\t<div class=\"elementor-widget-wrap elementor-element-populated\">\n\t\t\t\t\t\t<div class=\"elementor-element elementor-element-864fb77 elementor-widget elementor-widget-image\" data-id=\"864fb77\" data-element_type=\"widget\" data-e-type=\"widget\" data-widget_type=\"image.default\">\n\t\t\t\t<div class=\"elementor-widget-container\">\n\t\t\t\t\t\t\t\t\t\t\t\t\t\t\t<img fetchpriority=\"high\" decoding=\"async\" width=\"455\" height=\"483\" src=\"https:\/\/www.antaraproperties.com\/wp-content\/uploads\/2025\/02\/about-antara-min.jpg\" class=\"attachment-full size-full wp-image-36397\" alt=\"\" srcset=\"https:\/\/www.antaraproperties.com\/wp-content\/uploads\/2025\/02\/about-antara-min.jpg 455w, https:\/\/www.antaraproperties.com\/wp-content\/uploads\/2025\/02\/about-antara-min-283x300.jpg 283w\" sizes=\"(max-width: 455px) 100vw, 455px\" \/>\t\t\t\t\t\t\t\t\t\t\t\t\t\t\t<\/div>\n\t\t\t\t<\/div>\n\t\t\t\t<div class=\"elementor-element elementor-element-06052e8 elementor-align-justify elementor-widget elementor-widget-button\" data-id=\"06052e8\" data-element_type=\"widget\" data-e-type=\"widget\" data-widget_type=\"button.default\">\n\t\t\t\t<div class=\"elementor-widget-container\">\n\t\t\t\t\t\t\t\t\t<div class=\"elementor-button-wrapper\">\n\t\t\t\t\t<a class=\"elementor-button elementor-button-link elementor-size-sm\" href=\"mailto:info@antaraproperties.com\">\n\t\t\t\t\t\t<span class=\"elementor-button-content-wrapper\">\n\t\t\t\t\t\t\t\t\t<span class=\"elementor-button-text\">Contact<\/span>\n\t\t\t\t\t<\/span>\n\t\t\t\t\t<\/a>\n\t\t\t\t<\/div>\n\t\t\t\t\t\t\t\t<\/div>\n\t\t\t\t<\/div>\n\t\t\t\t\t<\/div>\n\t\t<\/div>\n\t\t\t\t\t<\/div>\n\t\t<\/section>\n\t\t\t\t<\/div>\n\t\t","protected":false},"excerpt":{"rendered":"<p>\u00c0 propos de nous Nous sommes une entreprise qui, depuis sa cr\u00e9ation, a cherch\u00e9 \u00e0 fournir un service personnalis\u00e9 \u00e0 ses clients, nous ne voulons pas rester uniquement dans le processus de vente d&rsquo;une propri\u00e9t\u00e9, nous voulons aider nos clients dans tout ce dont ils ont besoin, avant et apr\u00e8s la vente et que la relation avec eux dure au fil des ans. Nous &#8230;<\/p>\n","protected":false},"author":1,"featured_media":0,"parent":0,"menu_order":0,"comment_status":"closed","ping_status":"closed","template":"elementor_header_footer","meta":{"footnotes":""},"class_list":["post-32730","page","type-page","status-publish","hentry"],"yoast_head":"<!-- This site is optimized with the Yoast SEO plugin v27.0 - https:\/\/yoast.com\/product\/yoast-seo-wordpress\/ -->\n<title>About Us - Antara Properties<\/title>\n<meta name=\"robots\" content=\"index, follow, max-snippet:-1, max-image-preview:large, max-video-preview:-1\" \/>\n<link rel=\"canonical\" href=\"https:\/\/www.antaraproperties.com\/fr\/about-us\/\" \/>\n<meta property=\"og:locale\" content=\"fr_FR\" \/>\n<meta property=\"og:type\" content=\"article\" \/>\n<meta property=\"og:title\" content=\"About Us - Antara Properties\" \/>\n<meta property=\"og:description\" content=\"\u00c0 propos de nous Nous sommes une entreprise qui, depuis sa cr\u00e9ation, a cherch\u00e9 \u00e0 fournir un service personnalis\u00e9 \u00e0 ses clients, nous ne voulons pas rester uniquement dans le processus de vente d&rsquo;une propri\u00e9t\u00e9, nous voulons aider nos clients dans tout ce dont ils ont besoin, avant et apr\u00e8s la vente et que la relation avec eux dure au fil des ans. Nous ...\" \/>\n<meta property=\"og:url\" content=\"https:\/\/www.antaraproperties.com\/fr\/about-us\/\" \/>\n<meta property=\"og:site_name\" content=\"Antara Properties\" \/>\n<meta property=\"article:publisher\" content=\"https:\/\/www.facebook.com\/people\/Antara-Properties\/100065013463030\/\" \/>\n<meta property=\"article:modified_time\" content=\"2025-05-09T08:48:55+00:00\" \/>\n<meta property=\"og:image\" content=\"https:\/\/www.antaraproperties.com\/wp-content\/uploads\/2025\/02\/about-antara-min.jpg\" \/>\n<meta name=\"twitter:card\" content=\"summary_large_image\" \/>\n<meta name=\"twitter:label1\" content=\"Dur\u00e9e de lecture estim\u00e9e\" \/>\n\t<meta name=\"twitter:data1\" content=\"2 minutes\" \/>\n<script type=\"application\/ld+json\" class=\"yoast-schema-graph\">{\"@context\":\"https:\/\/schema.org\",\"@graph\":[{\"@type\":\"WebPage\",\"@id\":\"https:\/\/www.antaraproperties.com\/fr\/about-us\/\",\"url\":\"https:\/\/www.antaraproperties.com\/fr\/about-us\/\",\"name\":\"About Us - Antara Properties\",\"isPartOf\":{\"@id\":\"https:\/\/www.antaraproperties.com\/fr\/#website\"},\"primaryImageOfPage\":{\"@id\":\"https:\/\/www.antaraproperties.com\/fr\/about-us\/#primaryimage\"},\"image\":{\"@id\":\"https:\/\/www.antaraproperties.com\/fr\/about-us\/#primaryimage\"},\"thumbnailUrl\":\"https:\/\/www.antaraproperties.com\/wp-content\/uploads\/2025\/02\/about-antara-min.jpg\",\"datePublished\":\"2023-01-16T11:40:50+00:00\",\"dateModified\":\"2025-05-09T08:48:55+00:00\",\"breadcrumb\":{\"@id\":\"https:\/\/www.antaraproperties.com\/fr\/about-us\/#breadcrumb\"},\"inLanguage\":\"fr-FR\",\"potentialAction\":[{\"@type\":\"ReadAction\",\"target\":[\"https:\/\/www.antaraproperties.com\/fr\/about-us\/\"]}]},{\"@type\":\"ImageObject\",\"inLanguage\":\"fr-FR\",\"@id\":\"https:\/\/www.antaraproperties.com\/fr\/about-us\/#primaryimage\",\"url\":\"https:\/\/www.antaraproperties.com\/wp-content\/uploads\/2025\/02\/about-antara-min.jpg\",\"contentUrl\":\"https:\/\/www.antaraproperties.com\/wp-content\/uploads\/2025\/02\/about-antara-min.jpg\"},{\"@type\":\"BreadcrumbList\",\"@id\":\"https:\/\/www.antaraproperties.com\/fr\/about-us\/#breadcrumb\",\"itemListElement\":[{\"@type\":\"ListItem\",\"position\":1,\"name\":\"Home\",\"item\":\"https:\/\/www.antaraproperties.com\/fr\/\"},{\"@type\":\"ListItem\",\"position\":2,\"name\":\"About Us\"}]},{\"@type\":\"WebSite\",\"@id\":\"https:\/\/www.antaraproperties.com\/fr\/#website\",\"url\":\"https:\/\/www.antaraproperties.com\/fr\/\",\"name\":\"Antara Properties\",\"description\":\"New property developments on the Costa Del Sol\",\"publisher\":{\"@id\":\"https:\/\/www.antaraproperties.com\/fr\/#organization\"},\"potentialAction\":[{\"@type\":\"SearchAction\",\"target\":{\"@type\":\"EntryPoint\",\"urlTemplate\":\"https:\/\/www.antaraproperties.com\/fr\/?s={search_term_string}\"},\"query-input\":{\"@type\":\"PropertyValueSpecification\",\"valueRequired\":true,\"valueName\":\"search_term_string\"}}],\"inLanguage\":\"fr-FR\"},{\"@type\":\"Organization\",\"@id\":\"https:\/\/www.antaraproperties.com\/fr\/#organization\",\"name\":\"Antara Properties\",\"url\":\"https:\/\/www.antaraproperties.com\/fr\/\",\"logo\":{\"@type\":\"ImageObject\",\"inLanguage\":\"fr-FR\",\"@id\":\"https:\/\/www.antaraproperties.com\/fr\/#\/schema\/logo\/image\/\",\"url\":\"https:\/\/www.antaraproperties.com\/wp-content\/uploads\/2023\/06\/logo-antara-yoast.jpg\",\"contentUrl\":\"https:\/\/www.antaraproperties.com\/wp-content\/uploads\/2023\/06\/logo-antara-yoast.jpg\",\"width\":696,\"height\":696,\"caption\":\"Antara Properties\"},\"image\":{\"@id\":\"https:\/\/www.antaraproperties.com\/fr\/#\/schema\/logo\/image\/\"},\"sameAs\":[\"https:\/\/www.facebook.com\/people\/Antara-Properties\/100065013463030\/\",\"https:\/\/www.instagram.com\/antara.properties\/?hl=es\"]}]}<\/script>\n<!-- \/ Yoast SEO plugin. -->","yoast_head_json":{"title":"About Us - Antara Properties","robots":{"index":"index","follow":"follow","max-snippet":"max-snippet:-1","max-image-preview":"max-image-preview:large","max-video-preview":"max-video-preview:-1"},"canonical":"https:\/\/www.antaraproperties.com\/fr\/about-us\/","og_locale":"fr_FR","og_type":"article","og_title":"About Us - Antara Properties","og_description":"\u00c0 propos de nous Nous sommes une entreprise qui, depuis sa cr\u00e9ation, a cherch\u00e9 \u00e0 fournir un service personnalis\u00e9 \u00e0 ses clients, nous ne voulons pas rester uniquement dans le processus de vente d&rsquo;une propri\u00e9t\u00e9, nous voulons aider nos clients dans tout ce dont ils ont besoin, avant et apr\u00e8s la vente et que la relation avec eux dure au fil des ans. Nous ...","og_url":"https:\/\/www.antaraproperties.com\/fr\/about-us\/","og_site_name":"Antara Properties","article_publisher":"https:\/\/www.facebook.com\/people\/Antara-Properties\/100065013463030\/","article_modified_time":"2025-05-09T08:48:55+00:00","og_image":[{"url":"https:\/\/www.antaraproperties.com\/wp-content\/uploads\/2025\/02\/about-antara-min.jpg","type":"","width":"","height":""}],"twitter_card":"summary_large_image","twitter_misc":{"Dur\u00e9e de lecture estim\u00e9e":"2 minutes"},"schema":{"@context":"https:\/\/schema.org","@graph":[{"@type":"WebPage","@id":"https:\/\/www.antaraproperties.com\/fr\/about-us\/","url":"https:\/\/www.antaraproperties.com\/fr\/about-us\/","name":"About Us - Antara Properties","isPartOf":{"@id":"https:\/\/www.antaraproperties.com\/fr\/#website"},"primaryImageOfPage":{"@id":"https:\/\/www.antaraproperties.com\/fr\/about-us\/#primaryimage"},"image":{"@id":"https:\/\/www.antaraproperties.com\/fr\/about-us\/#primaryimage"},"thumbnailUrl":"https:\/\/www.antaraproperties.com\/wp-content\/uploads\/2025\/02\/about-antara-min.jpg","datePublished":"2023-01-16T11:40:50+00:00","dateModified":"2025-05-09T08:48:55+00:00","breadcrumb":{"@id":"https:\/\/www.antaraproperties.com\/fr\/about-us\/#breadcrumb"},"inLanguage":"fr-FR","potentialAction":[{"@type":"ReadAction","target":["https:\/\/www.antaraproperties.com\/fr\/about-us\/"]}]},{"@type":"ImageObject","inLanguage":"fr-FR","@id":"https:\/\/www.antaraproperties.com\/fr\/about-us\/#primaryimage","url":"https:\/\/www.antaraproperties.com\/wp-content\/uploads\/2025\/02\/about-antara-min.jpg","contentUrl":"https:\/\/www.antaraproperties.com\/wp-content\/uploads\/2025\/02\/about-antara-min.jpg"},{"@type":"BreadcrumbList","@id":"https:\/\/www.antaraproperties.com\/fr\/about-us\/#breadcrumb","itemListElement":[{"@type":"ListItem","position":1,"name":"Home","item":"https:\/\/www.antaraproperties.com\/fr\/"},{"@type":"ListItem","position":2,"name":"About Us"}]},{"@type":"WebSite","@id":"https:\/\/www.antaraproperties.com\/fr\/#website","url":"https:\/\/www.antaraproperties.com\/fr\/","name":"Antara Properties","description":"New property developments on the Costa Del Sol","publisher":{"@id":"https:\/\/www.antaraproperties.com\/fr\/#organization"},"potentialAction":[{"@type":"SearchAction","target":{"@type":"EntryPoint","urlTemplate":"https:\/\/www.antaraproperties.com\/fr\/?s={search_term_string}"},"query-input":{"@type":"PropertyValueSpecification","valueRequired":true,"valueName":"search_term_string"}}],"inLanguage":"fr-FR"},{"@type":"Organization","@id":"https:\/\/www.antaraproperties.com\/fr\/#organization","name":"Antara Properties","url":"https:\/\/www.antaraproperties.com\/fr\/","logo":{"@type":"ImageObject","inLanguage":"fr-FR","@id":"https:\/\/www.antaraproperties.com\/fr\/#\/schema\/logo\/image\/","url":"https:\/\/www.antaraproperties.com\/wp-content\/uploads\/2023\/06\/logo-antara-yoast.jpg","contentUrl":"https:\/\/www.antaraproperties.com\/wp-content\/uploads\/2023\/06\/logo-antara-yoast.jpg","width":696,"height":696,"caption":"Antara Properties"},"image":{"@id":"https:\/\/www.antaraproperties.com\/fr\/#\/schema\/logo\/image\/"},"sameAs":["https:\/\/www.facebook.com\/people\/Antara-Properties\/100065013463030\/","https:\/\/www.instagram.com\/antara.properties\/?hl=es"]}]}},"_links":{"self":[{"href":"https:\/\/www.antaraproperties.com\/fr\/wp-json\/wp\/v2\/pages\/32730","targetHints":{"allow":["GET"]}}],"collection":[{"href":"https:\/\/www.antaraproperties.com\/fr\/wp-json\/wp\/v2\/pages"}],"about":[{"href":"https:\/\/www.antaraproperties.com\/fr\/wp-json\/wp\/v2\/types\/page"}],"author":[{"embeddable":true,"href":"https:\/\/www.antaraproperties.com\/fr\/wp-json\/wp\/v2\/users\/1"}],"replies":[{"embeddable":true,"href":"https:\/\/www.antaraproperties.com\/fr\/wp-json\/wp\/v2\/comments?post=32730"}],"version-history":[{"count":0,"href":"https:\/\/www.antaraproperties.com\/fr\/wp-json\/wp\/v2\/pages\/32730\/revisions"}],"wp:attachment":[{"href":"https:\/\/www.antaraproperties.com\/fr\/wp-json\/wp\/v2\/media?parent=32730"}],"curies":[{"name":"wp","href":"https:\/\/api.w.org\/{rel}","templated":true}]}}