{"id":36042,"date":"2023-11-06T13:18:11","date_gmt":"2023-11-06T13:18:11","guid":{"rendered":"https:\/\/www.antaraproperties.com\/blog\/"},"modified":"2024-07-31T09:22:17","modified_gmt":"2024-07-31T09:22:17","slug":"blog","status":"publish","type":"page","link":"https:\/\/www.antaraproperties.com\/fr\/blog\/","title":{"rendered":"Blog"},"content":{"rendered":"\t\t<div data-elementor-type=\"wp-page\" data-elementor-id=\"36042\" class=\"elementor elementor-36042 elementor-35961\" data-elementor-post-type=\"page\">\n\t\t\t\t\t\t<section class=\"elementor-section elementor-top-section elementor-element elementor-element-0bd86fd elementor-section-boxed elementor-section-height-default elementor-section-height-default\" data-id=\"0bd86fd\" data-element_type=\"section\" data-e-type=\"section\" data-settings=\"{&quot;background_background&quot;:&quot;classic&quot;}\">\n\t\t\t\t\t\t<div class=\"elementor-container elementor-column-gap-default\">\n\t\t\t\t\t<div class=\"elementor-column elementor-col-100 elementor-top-column elementor-element elementor-element-101e8be\" data-id=\"101e8be\" data-element_type=\"column\" data-e-type=\"column\">\n\t\t\t<div class=\"elementor-widget-wrap elementor-element-populated\">\n\t\t\t\t\t\t<div class=\"elementor-element elementor-element-99404a6 elementor-widget elementor-widget-heading\" data-id=\"99404a6\" data-element_type=\"widget\" data-e-type=\"widget\" data-widget_type=\"heading.default\">\n\t\t\t\t<div class=\"elementor-widget-container\">\n\t\t\t\t\t<h2 class=\"elementor-heading-title elementor-size-default\">BLOG<\/h2>\t\t\t\t<\/div>\n\t\t\t\t<\/div>\n\t\t\t\t<div class=\"elementor-element elementor-element-5410322 elementor-widget elementor-widget-text-editor\" data-id=\"5410322\" data-element_type=\"widget\" data-e-type=\"widget\" data-widget_type=\"text-editor.default\">\n\t\t\t\t<div class=\"elementor-widget-container\">\n\t\t\t\t\t\t\t\t\t<p style=\"text-align: center;\">Nous ne nous contentons pas de vendre des maisons, nous offrons une exp\u00e9rience unique en mati\u00e8re de style de vie.<\/p>\n\t\t\t\t\t\t\t\t<\/div>\n\t\t\t\t<\/div>\n\t\t\t\t<div class=\"elementor-element elementor-element-7790111 elementor-search-form--skin-minimal elementor-widget__width-initial elementor-widget elementor-widget-search-form\" data-id=\"7790111\" data-element_type=\"widget\" data-e-type=\"widget\" data-settings=\"{&quot;skin&quot;:&quot;minimal&quot;}\" data-widget_type=\"search-form.default\">\n\t\t\t\t<div class=\"elementor-widget-container\">\n\t\t\t\t\t\t\t<search role=\"search\">\n\t\t\t<form class=\"elementor-search-form\" action=\"https:\/\/www.antaraproperties.com\/fr\/\" method=\"get\">\n\t\t\t\t\t\t\t\t\t\t\t\t<div class=\"elementor-search-form__container\">\n\t\t\t\t\t<label class=\"elementor-screen-only\" for=\"elementor-search-form-7790111\">Rechercher <\/label>\n\n\t\t\t\t\t\t\t\t\t\t\t<div class=\"elementor-search-form__icon\">\n\t\t\t\t\t\t\t<i aria-hidden=\"true\" class=\"fas fa-search\"><\/i>\t\t\t\t\t\t\t<span class=\"elementor-screen-only\">Rechercher <\/span>\n\t\t\t\t\t\t<\/div>\n\t\t\t\t\t\n\t\t\t\t\t<input id=\"elementor-search-form-7790111\" placeholder=\"Recherche dans notre blog\" class=\"elementor-search-form__input\" type=\"search\" name=\"s\" value=\"\">\n\t\t\t\t\t<input type='hidden' name='lang' value='fr' \/>\n\t\t\t\t\t\n\t\t\t\t\t\t\t\t\t<\/div>\n\t\t\t<\/form>\n\t\t<\/search>\n\t\t\t\t\t\t<\/div>\n\t\t\t\t<\/div>\n\t\t\t\t\t<\/div>\n\t\t<\/div>\n\t\t\t\t\t<\/div>\n\t\t<\/section>\n\t\t\t\t<section class=\"elementor-section elementor-top-section elementor-element elementor-element-672e489 elementor-section-boxed elementor-section-height-default elementor-section-height-default\" data-id=\"672e489\" data-element_type=\"section\" data-e-type=\"section\">\n\t\t\t\t\t\t<div class=\"elementor-container elementor-column-gap-default\">\n\t\t\t\t\t<div class=\"elementor-column elementor-col-100 elementor-top-column elementor-element elementor-element-42e32bf\" data-id=\"42e32bf\" data-element_type=\"column\" data-e-type=\"column\">\n\t\t\t<div class=\"elementor-widget-wrap elementor-element-populated\">\n\t\t\t\t\t\t<div class=\"elementor-element elementor-element-2df4597 elementor-grid-3 elementor-grid-tablet-2 elementor-grid-mobile-1 elementor-widget elementor-widget-portfolio\" data-id=\"2df4597\" data-element_type=\"widget\" data-e-type=\"widget\" data-settings=\"{&quot;columns&quot;:&quot;3&quot;,&quot;columns_tablet&quot;:&quot;2&quot;,&quot;columns_mobile&quot;:&quot;1&quot;,&quot;item_ratio&quot;:{&quot;unit&quot;:&quot;px&quot;,&quot;size&quot;:0.66,&quot;sizes&quot;:[]},&quot;item_gap&quot;:{&quot;unit&quot;:&quot;px&quot;,&quot;size&quot;:&quot;&quot;,&quot;sizes&quot;:[]},&quot;row_gap&quot;:{&quot;unit&quot;:&quot;px&quot;,&quot;size&quot;:&quot;&quot;,&quot;sizes&quot;:[]}}\" data-widget_type=\"portfolio.default\">\n\t\t\t\t<div class=\"elementor-widget-container\">\n\t\t\t\t\t\t\t<div class=\"elementor-portfolio elementor-grid elementor-posts-container\" role=\"list\">\n\t\t\t\t<article class=\"elementor-portfolio-item elementor-post  post-37535 post type-post status-publish format-standard has-post-thumbnail hentry category-non-classifiee\" role=\"listitem\">\n\t\t\t<a class=\"elementor-post__thumbnail__link\" href=\"https:\/\/www.antaraproperties.com\/fr\/2025\/05\/23\/quest-ce-quune-cooperative-dhabitation-et-quels-sont-ses-avantages\/\">\n\t\t\t\t<div class=\"elementor-portfolio-item__img elementor-post__thumbnail\">\n\t\t\t<img fetchpriority=\"high\" decoding=\"async\" width=\"300\" height=\"200\" src=\"https:\/\/www.antaraproperties.com\/wp-content\/uploads\/2025\/05\/coperativa-min-300x200.jpg\" class=\"attachment-medium size-medium wp-image-37540\" alt=\"\" srcset=\"https:\/\/www.antaraproperties.com\/wp-content\/uploads\/2025\/05\/coperativa-min-300x200.jpg 300w, https:\/\/www.antaraproperties.com\/wp-content\/uploads\/2025\/05\/coperativa-min-1024x683.jpg 1024w, https:\/\/www.antaraproperties.com\/wp-content\/uploads\/2025\/05\/coperativa-min-768x512.jpg 768w, https:\/\/www.antaraproperties.com\/wp-content\/uploads\/2025\/05\/coperativa-min-105x70.jpg 105w, https:\/\/www.antaraproperties.com\/wp-content\/uploads\/2025\/05\/coperativa-min.jpg 1536w\" sizes=\"(max-width: 300px) 100vw, 300px\" \/>\t\t<\/div>\n\t\t\t\t<div class=\"elementor-portfolio-item__overlay\">\n\t\t\t\t<h3 class=\"elementor-portfolio-item__title\">\n\t\tQu\u2019est-ce qu\u2019une coop\u00e9rative d\u2019habitation et quels sont ses avantages ?\t\t<\/h3>\n\t\t\t\t<\/div>\n\t\t\t\t<\/a>\n\t\t<\/article>\n\t\t\t\t<article class=\"elementor-portfolio-item elementor-post  post-36652 post type-post status-publish format-standard has-post-thumbnail hentry category-non-classifiee\" role=\"listitem\">\n\t\t\t<a class=\"elementor-post__thumbnail__link\" href=\"https:\/\/www.antaraproperties.com\/fr\/2025\/02\/06\/descubre-selwo-y-la-resina-golf-un-paraiso-residencial-en-estepona\/\">\n\t\t\t\t<div class=\"elementor-portfolio-item__img elementor-post__thumbnail\">\n\t\t\t<img decoding=\"async\" width=\"300\" height=\"168\" src=\"https:\/\/www.antaraproperties.com\/wp-content\/uploads\/2025\/02\/shelwo-estepona-300x168.jpg\" class=\"attachment-medium size-medium wp-image-37327\" alt=\"\" srcset=\"https:\/\/www.antaraproperties.com\/wp-content\/uploads\/2025\/02\/shelwo-estepona-300x168.jpg 300w, https:\/\/www.antaraproperties.com\/wp-content\/uploads\/2025\/02\/shelwo-estepona-1024x574.jpg 1024w, https:\/\/www.antaraproperties.com\/wp-content\/uploads\/2025\/02\/shelwo-estepona-768x430.jpg 768w, https:\/\/www.antaraproperties.com\/wp-content\/uploads\/2025\/02\/shelwo-estepona-255x143.jpg 255w, https:\/\/www.antaraproperties.com\/wp-content\/uploads\/2025\/02\/shelwo-estepona-835x467.jpg 835w, https:\/\/www.antaraproperties.com\/wp-content\/uploads\/2025\/02\/shelwo-estepona-1110x623.jpg 1110w, https:\/\/www.antaraproperties.com\/wp-content\/uploads\/2025\/02\/shelwo-estepona.jpg 1456w\" sizes=\"(max-width: 300px) 100vw, 300px\" \/>\t\t<\/div>\n\t\t\t\t<div class=\"elementor-portfolio-item__overlay\">\n\t\t\t\t<h3 class=\"elementor-portfolio-item__title\">\n\t\tD\u00e9couvrez Selwo et La Resina Golf : un paradis r\u00e9sidentiel \u00e0 Estepona\t\t<\/h3>\n\t\t\t\t<\/div>\n\t\t\t\t<\/a>\n\t\t<\/article>\n\t\t\t\t<article class=\"elementor-portfolio-item elementor-post  post-36065 post type-post status-publish format-standard has-post-thumbnail hentry category-non-classifiee\" role=\"listitem\">\n\t\t\t<a class=\"elementor-post__thumbnail__link\" href=\"https:\/\/www.antaraproperties.com\/fr\/2023\/11\/06\/percer-les-secrets-un-guide-complet-pour-acheter-une-propriete-sur-la-costa-del-sol\/\">\n\t\t\t\t<div class=\"elementor-portfolio-item__img elementor-post__thumbnail\">\n\t\t\t<img decoding=\"async\" width=\"300\" height=\"168\" src=\"https:\/\/www.antaraproperties.com\/wp-content\/uploads\/2023\/11\/property-marbella-300x168.jpg\" class=\"attachment-medium size-medium wp-image-35955\" alt=\"Buying Property Marbella\" srcset=\"https:\/\/www.antaraproperties.com\/wp-content\/uploads\/2023\/11\/property-marbella-300x168.jpg 300w, https:\/\/www.antaraproperties.com\/wp-content\/uploads\/2023\/11\/property-marbella-1024x574.jpg 1024w, https:\/\/www.antaraproperties.com\/wp-content\/uploads\/2023\/11\/property-marbella-768x430.jpg 768w, https:\/\/www.antaraproperties.com\/wp-content\/uploads\/2023\/11\/property-marbella-255x143.jpg 255w, https:\/\/www.antaraproperties.com\/wp-content\/uploads\/2023\/11\/property-marbella-835x467.jpg 835w, https:\/\/www.antaraproperties.com\/wp-content\/uploads\/2023\/11\/property-marbella-1110x623.jpg 1110w, https:\/\/www.antaraproperties.com\/wp-content\/uploads\/2023\/11\/property-marbella.jpg 1456w\" sizes=\"(max-width: 300px) 100vw, 300px\" \/>\t\t<\/div>\n\t\t\t\t<div class=\"elementor-portfolio-item__overlay\">\n\t\t\t\t<h3 class=\"elementor-portfolio-item__title\">\n\t\tPercer les secrets\u00a0: un guide complet pour acheter une propri\u00e9t\u00e9 sur la Costa del Sol\t\t<\/h3>\n\t\t\t\t<\/div>\n\t\t\t\t<\/a>\n\t\t<\/article>\n\t\t\t\t<article class=\"elementor-portfolio-item elementor-post  post-36063 post type-post status-publish format-standard has-post-thumbnail hentry category-non-classifiee\" role=\"listitem\">\n\t\t\t<a class=\"elementor-post__thumbnail__link\" href=\"https:\/\/www.antaraproperties.com\/fr\/2023\/10\/24\/achetez-de-nouvelles-proprietes-en-developpement-sur-la-costa-del-sol-marbella\/\">\n\t\t\t\t<div class=\"elementor-portfolio-item__img elementor-post__thumbnail\">\n\t\t\t<img loading=\"lazy\" decoding=\"async\" width=\"300\" height=\"168\" src=\"https:\/\/www.antaraproperties.com\/wp-content\/uploads\/2023\/10\/antara-min-300x168.jpg\" class=\"attachment-medium size-medium wp-image-35849\" alt=\"\" srcset=\"https:\/\/www.antaraproperties.com\/wp-content\/uploads\/2023\/10\/antara-min-300x168.jpg 300w, https:\/\/www.antaraproperties.com\/wp-content\/uploads\/2023\/10\/antara-min-1024x574.jpg 1024w, https:\/\/www.antaraproperties.com\/wp-content\/uploads\/2023\/10\/antara-min-768x430.jpg 768w, https:\/\/www.antaraproperties.com\/wp-content\/uploads\/2023\/10\/antara-min-255x143.jpg 255w, https:\/\/www.antaraproperties.com\/wp-content\/uploads\/2023\/10\/antara-min-835x467.jpg 835w, https:\/\/www.antaraproperties.com\/wp-content\/uploads\/2023\/10\/antara-min-1110x623.jpg 1110w, https:\/\/www.antaraproperties.com\/wp-content\/uploads\/2023\/10\/antara-min.jpg 1456w\" sizes=\"(max-width: 300px) 100vw, 300px\" \/>\t\t<\/div>\n\t\t\t\t<div class=\"elementor-portfolio-item__overlay\">\n\t\t\t\t<h3 class=\"elementor-portfolio-item__title\">\n\t\tAchetez de nouvelles propri\u00e9t\u00e9s en d\u00e9veloppement sur la costa del sol, Marbella.\t\t<\/h3>\n\t\t\t\t<\/div>\n\t\t\t\t<\/a>\n\t\t<\/article>\n\t\t\t\t<article class=\"elementor-portfolio-item elementor-post  post-36060 post type-post status-publish format-standard has-post-thumbnail hentry category-non-classifiee\" role=\"listitem\">\n\t\t\t<a class=\"elementor-post__thumbnail__link\" href=\"https:\/\/www.antaraproperties.com\/fr\/2023\/10\/19\/planifier-lavenir-le-guide-ultime-du-programme-espagnol-de-visas-dores\/\">\n\t\t\t\t<div class=\"elementor-portfolio-item__img elementor-post__thumbnail\">\n\t\t\t<img loading=\"lazy\" decoding=\"async\" width=\"300\" height=\"168\" src=\"https:\/\/www.antaraproperties.com\/wp-content\/uploads\/2023\/10\/visa-300x168.jpg\" class=\"attachment-medium size-medium wp-image-35797\" alt=\"\" srcset=\"https:\/\/www.antaraproperties.com\/wp-content\/uploads\/2023\/10\/visa-300x168.jpg 300w, https:\/\/www.antaraproperties.com\/wp-content\/uploads\/2023\/10\/visa-1024x574.jpg 1024w, https:\/\/www.antaraproperties.com\/wp-content\/uploads\/2023\/10\/visa-768x430.jpg 768w, https:\/\/www.antaraproperties.com\/wp-content\/uploads\/2023\/10\/visa-255x143.jpg 255w, https:\/\/www.antaraproperties.com\/wp-content\/uploads\/2023\/10\/visa-835x467.jpg 835w, https:\/\/www.antaraproperties.com\/wp-content\/uploads\/2023\/10\/visa-1110x623.jpg 1110w, https:\/\/www.antaraproperties.com\/wp-content\/uploads\/2023\/10\/visa.jpg 1126w\" sizes=\"(max-width: 300px) 100vw, 300px\" \/>\t\t<\/div>\n\t\t\t\t<div class=\"elementor-portfolio-item__overlay\">\n\t\t\t\t<h3 class=\"elementor-portfolio-item__title\">\n\t\tPlanifier l&rsquo;avenir : Le guide ultime du programme espagnol de visas dor\u00e9s\t\t<\/h3>\n\t\t\t\t<\/div>\n\t\t\t\t<\/a>\n\t\t<\/article>\n\t\t\t\t<\/div>\n\t\t\t\t\t\t<\/div>\n\t\t\t\t<\/div>\n\t\t\t\t\t<\/div>\n\t\t<\/div>\n\t\t\t\t\t<\/div>\n\t\t<\/section>\n\t\t\t\t<\/div>\n\t\t","protected":false},"excerpt":{"rendered":"<p>BLOG Nous ne nous contentons pas de vendre des maisons, nous offrons une exp\u00e9rience unique en mati\u00e8re de style de vie.<\/p>\n","protected":false},"author":1,"featured_media":0,"parent":0,"menu_order":0,"comment_status":"closed","ping_status":"closed","template":"elementor_header_footer","meta":{"footnotes":""},"class_list":["post-36042","page","type-page","status-publish","hentry"],"yoast_head":"<!-- This site is optimized with the Yoast SEO plugin v27.0 - https:\/\/yoast.com\/product\/yoast-seo-wordpress\/ -->\n<title>Blog - Antara Properties<\/title>\n<meta name=\"robots\" content=\"index, follow, max-snippet:-1, max-image-preview:large, max-video-preview:-1\" \/>\n<link rel=\"canonical\" href=\"https:\/\/www.antaraproperties.com\/fr\/blog\/\" \/>\n<meta property=\"og:locale\" content=\"fr_FR\" \/>\n<meta property=\"og:type\" content=\"article\" \/>\n<meta property=\"og:title\" content=\"Blog - Antara Properties\" \/>\n<meta property=\"og:description\" content=\"BLOG Nous ne nous contentons pas de vendre des maisons, nous offrons une exp\u00e9rience unique en mati\u00e8re de style de vie.\" \/>\n<meta property=\"og:url\" content=\"https:\/\/www.antaraproperties.com\/fr\/blog\/\" \/>\n<meta property=\"og:site_name\" content=\"Antara Properties\" \/>\n<meta property=\"article:publisher\" content=\"https:\/\/www.facebook.com\/people\/Antara-Properties\/100065013463030\/\" \/>\n<meta property=\"article:modified_time\" content=\"2024-07-31T09:22:17+00:00\" \/>\n<meta property=\"og:image\" content=\"https:\/\/www.antaraproperties.com\/wp-content\/uploads\/2023\/06\/logo-antara-yoast.jpg\" \/>\n\t<meta property=\"og:image:width\" content=\"696\" \/>\n\t<meta property=\"og:image:height\" content=\"696\" \/>\n\t<meta property=\"og:image:type\" content=\"image\/jpeg\" \/>\n<meta name=\"twitter:card\" content=\"summary_large_image\" \/>\n<script type=\"application\/ld+json\" class=\"yoast-schema-graph\">{\"@context\":\"https:\/\/schema.org\",\"@graph\":[{\"@type\":\"WebPage\",\"@id\":\"https:\/\/www.antaraproperties.com\/fr\/blog\/\",\"url\":\"https:\/\/www.antaraproperties.com\/fr\/blog\/\",\"name\":\"Blog - Antara Properties\",\"isPartOf\":{\"@id\":\"https:\/\/www.antaraproperties.com\/fr\/#website\"},\"datePublished\":\"2023-11-06T13:18:11+00:00\",\"dateModified\":\"2024-07-31T09:22:17+00:00\",\"breadcrumb\":{\"@id\":\"https:\/\/www.antaraproperties.com\/fr\/blog\/#breadcrumb\"},\"inLanguage\":\"fr-FR\",\"potentialAction\":[{\"@type\":\"ReadAction\",\"target\":[\"https:\/\/www.antaraproperties.com\/fr\/blog\/\"]}]},{\"@type\":\"BreadcrumbList\",\"@id\":\"https:\/\/www.antaraproperties.com\/fr\/blog\/#breadcrumb\",\"itemListElement\":[{\"@type\":\"ListItem\",\"position\":1,\"name\":\"Home\",\"item\":\"https:\/\/www.antaraproperties.com\/fr\/\"},{\"@type\":\"ListItem\",\"position\":2,\"name\":\"Blog\"}]},{\"@type\":\"WebSite\",\"@id\":\"https:\/\/www.antaraproperties.com\/fr\/#website\",\"url\":\"https:\/\/www.antaraproperties.com\/fr\/\",\"name\":\"Antara Properties\",\"description\":\"New property developments on the Costa Del Sol\",\"publisher\":{\"@id\":\"https:\/\/www.antaraproperties.com\/fr\/#organization\"},\"potentialAction\":[{\"@type\":\"SearchAction\",\"target\":{\"@type\":\"EntryPoint\",\"urlTemplate\":\"https:\/\/www.antaraproperties.com\/fr\/?s={search_term_string}\"},\"query-input\":{\"@type\":\"PropertyValueSpecification\",\"valueRequired\":true,\"valueName\":\"search_term_string\"}}],\"inLanguage\":\"fr-FR\"},{\"@type\":\"Organization\",\"@id\":\"https:\/\/www.antaraproperties.com\/fr\/#organization\",\"name\":\"Antara Properties\",\"url\":\"https:\/\/www.antaraproperties.com\/fr\/\",\"logo\":{\"@type\":\"ImageObject\",\"inLanguage\":\"fr-FR\",\"@id\":\"https:\/\/www.antaraproperties.com\/fr\/#\/schema\/logo\/image\/\",\"url\":\"https:\/\/www.antaraproperties.com\/wp-content\/uploads\/2023\/06\/logo-antara-yoast.jpg\",\"contentUrl\":\"https:\/\/www.antaraproperties.com\/wp-content\/uploads\/2023\/06\/logo-antara-yoast.jpg\",\"width\":696,\"height\":696,\"caption\":\"Antara Properties\"},\"image\":{\"@id\":\"https:\/\/www.antaraproperties.com\/fr\/#\/schema\/logo\/image\/\"},\"sameAs\":[\"https:\/\/www.facebook.com\/people\/Antara-Properties\/100065013463030\/\",\"https:\/\/www.instagram.com\/antara.properties\/?hl=es\"]}]}<\/script>\n<!-- \/ Yoast SEO plugin. -->","yoast_head_json":{"title":"Blog - Antara Properties","robots":{"index":"index","follow":"follow","max-snippet":"max-snippet:-1","max-image-preview":"max-image-preview:large","max-video-preview":"max-video-preview:-1"},"canonical":"https:\/\/www.antaraproperties.com\/fr\/blog\/","og_locale":"fr_FR","og_type":"article","og_title":"Blog - Antara Properties","og_description":"BLOG Nous ne nous contentons pas de vendre des maisons, nous offrons une exp\u00e9rience unique en mati\u00e8re de style de vie.","og_url":"https:\/\/www.antaraproperties.com\/fr\/blog\/","og_site_name":"Antara Properties","article_publisher":"https:\/\/www.facebook.com\/people\/Antara-Properties\/100065013463030\/","article_modified_time":"2024-07-31T09:22:17+00:00","og_image":[{"width":696,"height":696,"url":"https:\/\/www.antaraproperties.com\/wp-content\/uploads\/2023\/06\/logo-antara-yoast.jpg","type":"image\/jpeg"}],"twitter_card":"summary_large_image","schema":{"@context":"https:\/\/schema.org","@graph":[{"@type":"WebPage","@id":"https:\/\/www.antaraproperties.com\/fr\/blog\/","url":"https:\/\/www.antaraproperties.com\/fr\/blog\/","name":"Blog - Antara Properties","isPartOf":{"@id":"https:\/\/www.antaraproperties.com\/fr\/#website"},"datePublished":"2023-11-06T13:18:11+00:00","dateModified":"2024-07-31T09:22:17+00:00","breadcrumb":{"@id":"https:\/\/www.antaraproperties.com\/fr\/blog\/#breadcrumb"},"inLanguage":"fr-FR","potentialAction":[{"@type":"ReadAction","target":["https:\/\/www.antaraproperties.com\/fr\/blog\/"]}]},{"@type":"BreadcrumbList","@id":"https:\/\/www.antaraproperties.com\/fr\/blog\/#breadcrumb","itemListElement":[{"@type":"ListItem","position":1,"name":"Home","item":"https:\/\/www.antaraproperties.com\/fr\/"},{"@type":"ListItem","position":2,"name":"Blog"}]},{"@type":"WebSite","@id":"https:\/\/www.antaraproperties.com\/fr\/#website","url":"https:\/\/www.antaraproperties.com\/fr\/","name":"Antara Properties","description":"New property developments on the Costa Del Sol","publisher":{"@id":"https:\/\/www.antaraproperties.com\/fr\/#organization"},"potentialAction":[{"@type":"SearchAction","target":{"@type":"EntryPoint","urlTemplate":"https:\/\/www.antaraproperties.com\/fr\/?s={search_term_string}"},"query-input":{"@type":"PropertyValueSpecification","valueRequired":true,"valueName":"search_term_string"}}],"inLanguage":"fr-FR"},{"@type":"Organization","@id":"https:\/\/www.antaraproperties.com\/fr\/#organization","name":"Antara Properties","url":"https:\/\/www.antaraproperties.com\/fr\/","logo":{"@type":"ImageObject","inLanguage":"fr-FR","@id":"https:\/\/www.antaraproperties.com\/fr\/#\/schema\/logo\/image\/","url":"https:\/\/www.antaraproperties.com\/wp-content\/uploads\/2023\/06\/logo-antara-yoast.jpg","contentUrl":"https:\/\/www.antaraproperties.com\/wp-content\/uploads\/2023\/06\/logo-antara-yoast.jpg","width":696,"height":696,"caption":"Antara Properties"},"image":{"@id":"https:\/\/www.antaraproperties.com\/fr\/#\/schema\/logo\/image\/"},"sameAs":["https:\/\/www.facebook.com\/people\/Antara-Properties\/100065013463030\/","https:\/\/www.instagram.com\/antara.properties\/?hl=es"]}]}},"_links":{"self":[{"href":"https:\/\/www.antaraproperties.com\/fr\/wp-json\/wp\/v2\/pages\/36042","targetHints":{"allow":["GET"]}}],"collection":[{"href":"https:\/\/www.antaraproperties.com\/fr\/wp-json\/wp\/v2\/pages"}],"about":[{"href":"https:\/\/www.antaraproperties.com\/fr\/wp-json\/wp\/v2\/types\/page"}],"author":[{"embeddable":true,"href":"https:\/\/www.antaraproperties.com\/fr\/wp-json\/wp\/v2\/users\/1"}],"replies":[{"embeddable":true,"href":"https:\/\/www.antaraproperties.com\/fr\/wp-json\/wp\/v2\/comments?post=36042"}],"version-history":[{"count":0,"href":"https:\/\/www.antaraproperties.com\/fr\/wp-json\/wp\/v2\/pages\/36042\/revisions"}],"wp:attachment":[{"href":"https:\/\/www.antaraproperties.com\/fr\/wp-json\/wp\/v2\/media?parent=36042"}],"curies":[{"name":"wp","href":"https:\/\/api.w.org\/{rel}","templated":true}]}}